{"id":3947,"date":"2014-03-31T10:48:09","date_gmt":"2014-03-31T10:48:09","guid":{"rendered":"http:\/\/192.168.100.222\/target_carts\/wordpress\/wordpress495\/wordpress\/?product=poravasara-sds-ph-26-x"},"modified":"2014-04-11T20:54:47","modified_gmt":"2014-04-11T20:54:47","slug":"poravasara-sds-ph-26-x","status":"publish","type":"product","link":"https:\/\/silikotek.sapartners.site\/index.php\/tuote\/poravasara-sds-ph-26-x\/","title":{"rendered":"Poravasara SDS + PH 26 X"},"content":{"rendered":"<p>Luokkansa kompaktein ja kapein poravasara Vertaansa vailla olevaa suorituskyky\u00e4: 2,4 J iskuenergia ja 4500 isk\/min Alhaisin t\u00e4rin\u00e4taso, vain 13,5 m\/s2 Erinomaista Milwaukee-kest\u00e4vyytt\u00e4 IMB-teknologian ansiosta Innovatiivinen ja patentoitu painon v\u00e4hennys-teknologia sis\u00e4ll\u00e4 Vasaratoiminnon lukitus k\u00e4\u00e4nt\u00e4\u00e4 vasaratoiminnon pois p\u00e4\u00e4lt\u00e4 ruuvaussovelluksille tai poraukselle ilman iskutoimintoa puuhun \/ metalliin Turvakytkin \u2013 lopettaa automaattisesti poran py\u00f6ritt\u00e4misen suojatakseen k\u00e4ytt\u00e4j\u00e4\u00e4 ja konetta poranter\u00e4n jumiutuessa. Ottoteho: 725 W Poraushalkaisija betoniin \/ puuhun \/ ter\u00e4kseen 26 \/ 30 \/13 mm Iskuenergia: 2.4 J Paino: 2.6 kg Fixtec istukka, 4m kaapeli<\/p>\n","protected":false},"excerpt":{"rendered":"<p>Milwaukee poravasara SDS+<\/p>\n","protected":false},"featured_media":3946,"template":"","meta":{"_et_pb_use_builder":"","_et_pb_old_content":"","_et_gb_content_width":""},"pwb-brand":[],"product_brand":[],"product_cat":[385,287,288],"product_tag":[],"class_list":{"0":"post-3947","1":"product","2":"type-product","3":"status-publish","4":"has-post-thumbnail","6":"product_cat-sds-plus-poravasarat","7":"product_cat-sahkotyokalut","8":"product_cat-milwaukee","10":"first","11":"instock","12":"taxable","13":"shipping-taxable","14":"purchasable","15":"product-type-simple"},"brands":[],"_links":{"self":[{"href":"https:\/\/silikotek.sapartners.site\/index.php\/wp-json\/wp\/v2\/product\/3947","targetHints":{"allow":["GET"]}}],"collection":[{"href":"https:\/\/silikotek.sapartners.site\/index.php\/wp-json\/wp\/v2\/product"}],"about":[{"href":"https:\/\/silikotek.sapartners.site\/index.php\/wp-json\/wp\/v2\/types\/product"}],"wp:featuredmedia":[{"embeddable":true,"href":"https:\/\/silikotek.sapartners.site\/index.php\/wp-json\/wp\/v2\/media\/3946"}],"wp:attachment":[{"href":"https:\/\/silikotek.sapartners.site\/index.php\/wp-json\/wp\/v2\/media?parent=3947"}],"wp:term":[{"taxonomy":"pwb-brand","embeddable":true,"href":"https:\/\/silikotek.sapartners.site\/index.php\/wp-json\/wp\/v2\/pwb-brand?post=3947"},{"taxonomy":"product_brand","embeddable":true,"href":"https:\/\/silikotek.sapartners.site\/index.php\/wp-json\/wp\/v2\/product_brand?post=3947"},{"taxonomy":"product_cat","embeddable":true,"href":"https:\/\/silikotek.sapartners.site\/index.php\/wp-json\/wp\/v2\/product_cat?post=3947"},{"taxonomy":"product_tag","embeddable":true,"href":"https:\/\/silikotek.sapartners.site\/index.php\/wp-json\/wp\/v2\/product_tag?post=3947"}],"curies":[{"name":"wp","href":"https:\/\/api.w.org\/{rel}","templated":true}]}}