{"id":3808,"date":"2014-03-31T10:48:09","date_gmt":"2014-03-31T10:48:09","guid":{"rendered":"http:\/\/192.168.100.222\/target_carts\/wordpress\/wordpress495\/wordpress\/?product=infrapuna-lampomittari-18-380-ast-c"},"modified":"2014-12-09T12:08:11","modified_gmt":"2014-12-09T12:08:11","slug":"infrapuna-lampomittari-18-380-ast-c","status":"publish","type":"product","link":"https:\/\/silikotek.sapartners.site\/index.php\/tuote\/infrapuna-lampomittari-18-380-ast-c\/","title":{"rendered":"INFRAPUNA L\u00c4MP\u00d6MITTARI -18&#8230;+380 AST. C"},"content":{"rendered":"<p>Nimike INFRAPUNA L\u00c4MP\u00d6MITTARI -18&#8230;+380 AST. C UT300B<br \/>Lis\u00e4tiedot N\u00c4YTT\u00d6: 22X22 MM, 270X90X40MM \/ 185G<\/p>\n<p>Infrared Thermometers<br \/>Technical Specifications Models<br \/>Sleep Mode <br \/>Scan <br \/>Display Hold <br \/>Max Measurement <br \/>Min Measurement <br \/>White-Backing Light <br \/>Close Laser <br \/>\u02daC\/\u02daF Selection <br \/>Emissivity 0.95<br \/>Temperature Range -18\u02daC ~ 380\u02daC<br \/>Intelligence Battery Detect <br \/>High Measurement Precision \u00b12\u02daC or 2% (Condition 23\u02daC \u00b1 2\u02daC<br \/>Repeat Precision < \u00b10.5\u02daC or <\u00b10.5%<br \/>Resolution 0.1<br \/>Response Time 500mS<br \/>GENERAL CHARACTERISTICS<br \/>Power 9V Battery x 1<br \/>LCD Size 22\u00d722mm<br \/>Product Color Red and Grey<br \/>Product Net Weight 185g<br \/>Product Size 270\u00d790\u00d740mm<br \/>Standard Accessories Battery, English Manual<br \/>Standard Individual Packing Blister<br \/>Standard Quantity Per Carton 40 pcs<br \/>Standard Carton Measurement 530 x 485 x 320mm (0.082 CBM Per Standard Carton)<br \/>Standard Carton Gross Weight 10kg<\/p>\n","protected":false},"excerpt":{"rendered":"<p>Nimike INFRAPUNA L\u00c4MP\u00d6MITTARI -18&#8230;+380 AST. C UT300BLis\u00e4tiedot N\u00c4YTT\u00d6: 22X22 MM, 270X90X40MM \/ 185G Infrared ThermometersTechnical Specifications ModelsSleep Mode Scan Display Hold Max Measurement Min Measurement White-Backing Light Close Laser \u02daC\/\u02daF Selection Emissivity 0.95Temperature Range -18\u02daC ~ 380\u02daCIntelligence Battery Detect High Measurement Precision \u00b12\u02daC or 2% (Condition 23\u02daC \u00b1 2\u02daCRepeat Precision < \u00b10.5\u02daC or\n<\/p>\n","protected":false},"featured_media":3807,"template":"","meta":{"_et_pb_use_builder":"","_et_pb_old_content":"","_et_gb_content_width":""},"pwb-brand":[],"product_brand":[],"product_cat":[844],"product_tag":[],"class_list":{"0":"post-3808","1":"product","2":"type-product","3":"status-publish","4":"has-post-thumbnail","6":"product_cat-infrapunalampomittarit","8":"first","9":"instock","10":"taxable","11":"shipping-taxable","12":"purchasable","13":"product-type-simple"},"brands":[],"_links":{"self":[{"href":"https:\/\/silikotek.sapartners.site\/index.php\/wp-json\/wp\/v2\/product\/3808","targetHints":{"allow":["GET"]}}],"collection":[{"href":"https:\/\/silikotek.sapartners.site\/index.php\/wp-json\/wp\/v2\/product"}],"about":[{"href":"https:\/\/silikotek.sapartners.site\/index.php\/wp-json\/wp\/v2\/types\/product"}],"wp:featuredmedia":[{"embeddable":true,"href":"https:\/\/silikotek.sapartners.site\/index.php\/wp-json\/wp\/v2\/media\/3807"}],"wp:attachment":[{"href":"https:\/\/silikotek.sapartners.site\/index.php\/wp-json\/wp\/v2\/media?parent=3808"}],"wp:term":[{"taxonomy":"pwb-brand","embeddable":true,"href":"https:\/\/silikotek.sapartners.site\/index.php\/wp-json\/wp\/v2\/pwb-brand?post=3808"},{"taxonomy":"product_brand","embeddable":true,"href":"https:\/\/silikotek.sapartners.site\/index.php\/wp-json\/wp\/v2\/product_brand?post=3808"},{"taxonomy":"product_cat","embeddable":true,"href":"https:\/\/silikotek.sapartners.site\/index.php\/wp-json\/wp\/v2\/product_cat?post=3808"},{"taxonomy":"product_tag","embeddable":true,"href":"https:\/\/silikotek.sapartners.site\/index.php\/wp-json\/wp\/v2\/product_tag?post=3808"}],"curies":[{"name":"wp","href":"https:\/\/api.w.org\/{rel}","templated":true}]}}