{"id":3566,"date":"2014-03-31T10:48:09","date_gmt":"2014-03-31T10:48:09","guid":{"rendered":"http:\/\/192.168.100.222\/target_carts\/wordpress\/wordpress495\/wordpress\/?product=pakoputkileikkuri-28-67-mm-104-5050-kstools"},"modified":"2024-09-30T09:52:53","modified_gmt":"2024-09-30T06:52:53","slug":"pakoputkileikkuri-28-67-mm-104-5050-kstools","status":"publish","type":"product","link":"https:\/\/silikotek.sapartners.site\/index.php\/tuote\/pakoputkileikkuri-28-67-mm-104-5050-kstools\/","title":{"rendered":"Kstools Pakoputkileikkuri 28-67 mm, 104.5050"},"content":{"rendered":"<p>Unboxing-video:<br \/>\n<iframe loading=\"lazy\" src=\"http:\/\/view.vzaar.com\/13510798\/video\" width=\"680\" height=\"510\"><\/iframe><\/p>\n<p><iframe loading=\"lazy\" title=\"Anwendungsvideo Ratschen-Rohrabschneider,28-67mm KS Tools 104.5050\" width=\"1080\" height=\"608\" src=\"https:\/\/www.youtube.com\/embed\/yHqlHbFgLRo?feature=oembed\"  allow=\"accelerometer; autoplay; clipboard-write; encrypted-media; gyroscope; picture-in-picture\" allowfullscreen><\/iframe><\/p>\n","protected":false},"excerpt":{"rendered":"<div class=\"product--description\">\n<p>104.5050, Pakoputkileikkuri 28-67 mm.<\/p>\n<ul>\n<li>2 uritettua tukirullaa<\/li>\n<li class=\"liste\">leikkaussyvyys enint\u00e4\u00e4n 3 mm<\/li>\n<li class=\"liste\">V\u00b2A-leikkuupy\u00f6r\u00e4 j\u00e4lkiasennettavissa<\/li>\n<li class=\"liste\">sopii erinomaisesti ahtaisiin tiloihin<\/li>\n<li class=\"liste\">vankka r\u00e4ikk\u00e4mekanismi<\/li>\n<li class=\"liste\">suuri k\u00e4\u00e4nt\u00f6kahva<\/li>\n<li class=\"liste\">muovikotelo<\/li>\n<li class=\"liste\">r\u00e4ikk\u00e4mekanismi erikoister\u00e4st\u00e4<\/li>\n<\/ul>\n<\/div>\n","protected":false},"featured_media":21278,"template":"","meta":{"_et_pb_use_builder":"off","_et_pb_old_content":"104.5050, Pakoputkileikkuri 28-67 mm.","_et_gb_content_width":""},"pwb-brand":[1454],"product_brand":[],"product_cat":[781],"product_tag":[],"class_list":{"0":"post-3566","1":"product","2":"type-product","3":"status-publish","4":"has-post-thumbnail","6":"pwb-brand-kstools","7":"product_cat-pakoputkityokalut","9":"first","10":"instock","11":"taxable","12":"shipping-taxable","13":"purchasable","14":"product-type-simple"},"brands":[{"id":1454,"name":"Kstools","slug":"kstools"}],"_links":{"self":[{"href":"https:\/\/silikotek.sapartners.site\/index.php\/wp-json\/wp\/v2\/product\/3566","targetHints":{"allow":["GET"]}}],"collection":[{"href":"https:\/\/silikotek.sapartners.site\/index.php\/wp-json\/wp\/v2\/product"}],"about":[{"href":"https:\/\/silikotek.sapartners.site\/index.php\/wp-json\/wp\/v2\/types\/product"}],"wp:featuredmedia":[{"embeddable":true,"href":"https:\/\/silikotek.sapartners.site\/index.php\/wp-json\/wp\/v2\/media\/21278"}],"wp:attachment":[{"href":"https:\/\/silikotek.sapartners.site\/index.php\/wp-json\/wp\/v2\/media?parent=3566"}],"wp:term":[{"taxonomy":"pwb-brand","embeddable":true,"href":"https:\/\/silikotek.sapartners.site\/index.php\/wp-json\/wp\/v2\/pwb-brand?post=3566"},{"taxonomy":"product_brand","embeddable":true,"href":"https:\/\/silikotek.sapartners.site\/index.php\/wp-json\/wp\/v2\/product_brand?post=3566"},{"taxonomy":"product_cat","embeddable":true,"href":"https:\/\/silikotek.sapartners.site\/index.php\/wp-json\/wp\/v2\/product_cat?post=3566"},{"taxonomy":"product_tag","embeddable":true,"href":"https:\/\/silikotek.sapartners.site\/index.php\/wp-json\/wp\/v2\/product_tag?post=3566"}],"curies":[{"name":"wp","href":"https:\/\/api.w.org\/{rel}","templated":true}]}}