{"id":3530,"date":"2014-03-31T10:48:09","date_gmt":"2014-03-31T10:48:09","guid":{"rendered":"http:\/\/192.168.100.222\/target_carts\/wordpress\/wordpress495\/wordpress\/?product=raikkalenkkisarja-gearplus-4-osainen"},"modified":"2022-05-03T08:11:20","modified_gmt":"2022-05-03T05:11:20","slug":"raikkalenkkisarja-gearplus-4-osainen","status":"publish","type":"product","link":"https:\/\/silikotek.sapartners.site\/index.php\/tuote\/raikkalenkkisarja-gearplus-4-osainen\/","title":{"rendered":"Kstools R\u00e4ikk\u00e4lenkkisarja GEARplus 4-osainen 503.4601"},"content":{"rendered":"<p>503.4601 R\u00e4ikk\u00e4lenkkisarja GEARplus 4-osainen suunnanvaihdolla, sis\u00e4lt\u00e4\u00e4 24-27-30-32 mm avaimet. Saatavana my\u00f6s yksitt\u00e4in.<\/p>\n","protected":false},"excerpt":{"rendered":"<div class=\"product--description\">\n<ul>\n<li class=\"liste\">FlankTraction-profiili<\/li>\n<li class=\"liste\">standardin DIN 3113 \/ ISO 3318 mukainen<\/li>\n<li class=\"liste\">leuan kulma 15\u00b0 taivutettu<\/li>\n<li class=\"liste\">r\u00e4ik\u00e4n p\u00e4\u00e4 15\u00b0 taivutettu<\/li>\n<li class=\"liste\">hammastettu, 72 hammasta<\/li>\n<li class=\"liste\">suunnanvaihtovipu<\/li>\n<li class=\"liste\">eritt\u00e4in hienosti satinoitu<\/li>\n<li class=\"liste\">kromivanadiinia<\/li>\n<\/ul>\n<\/div>\n","protected":false},"featured_media":23339,"template":"","meta":{"_et_pb_use_builder":"","_et_pb_old_content":"","_et_gb_content_width":""},"pwb-brand":[1454],"product_brand":[],"product_cat":[747],"product_tag":[1923],"class_list":{"0":"post-3530","1":"product","2":"type-product","3":"status-publish","4":"has-post-thumbnail","6":"pwb-brand-kstools","7":"product_cat-raikkalenkit","8":"product_tag-isot-raikkalenkit","10":"first","11":"instock","12":"taxable","13":"shipping-taxable","14":"purchasable","15":"product-type-simple"},"brands":[{"id":1454,"name":"Kstools","slug":"kstools"}],"_links":{"self":[{"href":"https:\/\/silikotek.sapartners.site\/index.php\/wp-json\/wp\/v2\/product\/3530","targetHints":{"allow":["GET"]}}],"collection":[{"href":"https:\/\/silikotek.sapartners.site\/index.php\/wp-json\/wp\/v2\/product"}],"about":[{"href":"https:\/\/silikotek.sapartners.site\/index.php\/wp-json\/wp\/v2\/types\/product"}],"wp:featuredmedia":[{"embeddable":true,"href":"https:\/\/silikotek.sapartners.site\/index.php\/wp-json\/wp\/v2\/media\/23339"}],"wp:attachment":[{"href":"https:\/\/silikotek.sapartners.site\/index.php\/wp-json\/wp\/v2\/media?parent=3530"}],"wp:term":[{"taxonomy":"pwb-brand","embeddable":true,"href":"https:\/\/silikotek.sapartners.site\/index.php\/wp-json\/wp\/v2\/pwb-brand?post=3530"},{"taxonomy":"product_brand","embeddable":true,"href":"https:\/\/silikotek.sapartners.site\/index.php\/wp-json\/wp\/v2\/product_brand?post=3530"},{"taxonomy":"product_cat","embeddable":true,"href":"https:\/\/silikotek.sapartners.site\/index.php\/wp-json\/wp\/v2\/product_cat?post=3530"},{"taxonomy":"product_tag","embeddable":true,"href":"https:\/\/silikotek.sapartners.site\/index.php\/wp-json\/wp\/v2\/product_tag?post=3530"}],"curies":[{"name":"wp","href":"https:\/\/api.w.org\/{rel}","templated":true}]}}