{"id":3520,"date":"2014-03-31T10:48:09","date_gmt":"2014-03-31T10:48:09","guid":{"rendered":"http:\/\/192.168.100.222\/target_carts\/wordpress\/wordpress495\/wordpress\/?product=hylsysarja-1-2-ja-1-4-918-0690-chromeplus-superlock-90-os"},"modified":"2023-01-04T23:26:24","modified_gmt":"2023-01-04T21:26:24","slug":"hylsysarja-1-2-ja-1-4-918-0690-chromeplus-superlock-90-os","status":"publish","type":"product","link":"https:\/\/silikotek.sapartners.site\/index.php\/tuote\/hylsysarja-1-2-ja-1-4-918-0690-chromeplus-superlock-90-os\/","title":{"rendered":"Hylsysarja 1\/2&#8243; ja 1\/4&#8243; 918.0690 CHROMEplus\u00ae Superlock, 90-os"},"content":{"rendered":"<p>918.0690, Hylsysarja CHROMEplus\u00ae Superlock hylsyt, 90-os<br \/>\n13 x Hylsyt 1\/4\u201d: 4 &#8211; 4,5 &#8211; 5 &#8211; 5,5 &#8211; 6 &#8211; 7 &#8211; 8 mm<br \/>\n9 &#8211; 10 &#8211; 11 &#8211; 12 &#8211; 13 &#8211; 14 mm<br \/>\n10 x Hylsyt 1\/2\u201d: 15 &#8211; 17 &#8211; 18 &#8211; 19 &#8211; 20 mm<br \/>\n22 &#8211; 24 &#8211; 27 &#8211; 30 &#8211; 32 mm<br \/>\n2 x Nivel 1\/4\u201d + 1\/2\u201d<br \/>\n2 x Jatko 1\/4\u201d: 50 + 100 mm<br \/>\n2 x Jatko 1\/2\u201d: 125 + 250 mm<br \/>\n2 x R\u00e4ik\u00e4t 1\/4\u201d + 1\/2\u201d<br \/>\n2 x Sytytystulppahylsy 1\/2\u201d: 16 x 21 mm<br \/>\n1 x Bits-adapterit 1\/4\u201d<br \/>\n1 x Kahva 1\/4\u201d<br \/>\n1 x Bitsinpidin 1\/4\u201d bits, joustava, 185 mm<br \/>\n1 x Hylsyadapteri 1\/4\u201d 6-kulma \/ 4-kulma<br \/>\n1 x T-v\u00e4\u00e4nnin 1\/2\u201d<br \/>\n28 x Bit 1\/4\u201d: 6 x kuusiokolo 3 &#8211; 4 &#8211; 5 &#8211; 6 &#8211; 7 &#8211; 8 mm<br \/>\n5 x Taltta 3 &#8211; 4 &#8211; 5 &#8211; 6 &#8211; 7 &#8211; 8 mm<br \/>\n5 x PH 0 &#8211; 1 &#8211; 2 &#8211; 2 &#8211; 3<br \/>\n5 x PZ 0 &#8211; 1 &#8211; 2 &#8211; 2 &#8211; 3<br \/>\n7 x TORX\u00ae T10-T15-T20-T25-T27-T30-T40<br \/>\n1 x Kuusiokoloavaimet pallop\u00e4\u00e4: 1,5 &#8211; 10 mm, 10-os.<br \/>\n7 x Kiintolenkkiavaimet 1\/2\u201d:<br \/>\n7 &#8211; 8 &#8211; 10 &#8211; 12 &#8211; 13 &#8211; 17 &#8211; 19 mm<br \/>\n1 x Vesioumppuphdit 10\u201d &#8211; 240 mm<br \/>\n1 x Yleispihdit 180 mm<br \/>\n4 x Ruuvimeisselit 5 x 100, 6 x 125 mm<br \/>\nPH 1 x 75 mm<br \/>\nPH 2 x 100 mm<br \/>\n1 x Alumiinisalkku<\/p>\n<p>Alumiinilaukku, jossa vetokahva ja renkaat. K\u00e4tev\u00e4 siirrell\u00e4.<\/p>\n<p>&nbsp;<\/p>\n","protected":false},"excerpt":{"rendered":"<p>Hylsysarja 1\/2&#8243; ja 1\/4&#8243; alumiinisalkussa py\u00f6rill\u00e4.<\/p>\n","protected":false},"featured_media":3518,"template":"","meta":{"_et_pb_use_builder":"","_et_pb_old_content":"","_et_gb_content_width":""},"pwb-brand":[],"product_brand":[],"product_cat":[1619,1618],"product_tag":[],"class_list":{"0":"post-3520","1":"product","2":"type-product","3":"status-publish","4":"has-post-thumbnail","6":"product_cat-1-43-81-2-hylsysarjat","7":"product_cat-tyokalusarjat","9":"first","10":"instock","11":"taxable","12":"shipping-taxable","13":"purchasable","14":"product-type-simple"},"brands":[],"_links":{"self":[{"href":"https:\/\/silikotek.sapartners.site\/index.php\/wp-json\/wp\/v2\/product\/3520","targetHints":{"allow":["GET"]}}],"collection":[{"href":"https:\/\/silikotek.sapartners.site\/index.php\/wp-json\/wp\/v2\/product"}],"about":[{"href":"https:\/\/silikotek.sapartners.site\/index.php\/wp-json\/wp\/v2\/types\/product"}],"wp:featuredmedia":[{"embeddable":true,"href":"https:\/\/silikotek.sapartners.site\/index.php\/wp-json\/wp\/v2\/media\/3518"}],"wp:attachment":[{"href":"https:\/\/silikotek.sapartners.site\/index.php\/wp-json\/wp\/v2\/media?parent=3520"}],"wp:term":[{"taxonomy":"pwb-brand","embeddable":true,"href":"https:\/\/silikotek.sapartners.site\/index.php\/wp-json\/wp\/v2\/pwb-brand?post=3520"},{"taxonomy":"product_brand","embeddable":true,"href":"https:\/\/silikotek.sapartners.site\/index.php\/wp-json\/wp\/v2\/product_brand?post=3520"},{"taxonomy":"product_cat","embeddable":true,"href":"https:\/\/silikotek.sapartners.site\/index.php\/wp-json\/wp\/v2\/product_cat?post=3520"},{"taxonomy":"product_tag","embeddable":true,"href":"https:\/\/silikotek.sapartners.site\/index.php\/wp-json\/wp\/v2\/product_tag?post=3520"}],"curies":[{"name":"wp","href":"https:\/\/api.w.org\/{rel}","templated":true}]}}