{"id":3517,"date":"2014-03-31T10:48:09","date_gmt":"2014-03-31T10:48:09","guid":{"rendered":"http:\/\/192.168.100.222\/target_carts\/wordpress\/wordpress495\/wordpress\/?product=hylsysarja-1-4-1-2-102-os-chromeplus"},"modified":"2023-01-04T23:26:24","modified_gmt":"2023-01-04T21:26:24","slug":"hylsysarja-1-4-1-2-102-os-chromeplus","status":"publish","type":"product","link":"https:\/\/silikotek.sapartners.site\/index.php\/tuote\/hylsysarja-1-4-1-2-102-os-chromeplus\/","title":{"rendered":"Hylsysarja, 1\/4\u201d + 1\/2\u201d 102-os CHROMEplus\u00ae"},"content":{"rendered":"<p>Eritt\u00e4in laadukas ja hieno hylsysarja . T\u00e4m\u00e4 kelpaa vaikka syntym\u00e4p\u00e4iv\u00e4lahjaksi. 918.0702, Hylsysarja, 1\/4\u201d + 1\/2\u201d CHROMEplus\u00ae, 102-os, kromattu ja peilikiillotettu.<br \/>\n13 x Hylsyt 1\/4\u201d: 4 &#8211; 4,5 &#8211; 5 &#8211; 5,5 &#8211; 6 mm<br \/>\n7 &#8211; 8 &#8211; 9 &#8211; 10 &#8211; 11 &#8211; 12 &#8211; 13 &#8211; 14 mm<br \/>\n13 x Hylsyt 1\/2\u201d: 13 &#8211; 15 &#8211; 17 &#8211; 18 &#8211; 19 &#8211; 20 mm<br \/>\n21 &#8211; 22 &#8211; 24 &#8211; 27 &#8211; 30 &#8211; 32 &#8211; 34 mm<br \/>\n3 x Pitk\u00e4t hylsyt 1\/4\u201d: 8- 10 &#8211; 13 mm<br \/>\n5 x Pitk\u00e4t hylsyt 1\/2\u201d: 14 &#8211; 15 &#8211; 17 &#8211; 19 &#8211; 22 mm<br \/>\n3 x E-Profil hylsyt 1\/4\u201d: E6 &#8211; E7 &#8211; E8<br \/>\n6 x E-Profil- Socket 1\/2\u201d: E10- E12- E14- E16- E18- E20<br \/>\n2 x Jatkot 1\/4\u201d: 50 + 100 mm<br \/>\n2 x Jatkot 1\/2\u201d: 125 + 250 mm<br \/>\n2 x Tulppahylsyt1\/2\u201d: 16 + 21 mm<br \/>\n2 x R\u00e4ik\u00e4t 1\/4\u201d + 1\/2\u201d, x 72 hampaiset<br \/>\n2 x Nivelet 1\/4\u201d + 1\/2\u201d<br \/>\n1 x Spinner handle 1\/4\u201d<br \/>\n1 x T-v\u00e4\u00e4nnin liukuva: 1\/2\u201d<br \/>\n1 x Bit-Adapteri 1\/2\u201d ja x 5\/16\u201d bits<br \/>\n18 x Bits hylsyt 1\/4\u201d:<br \/>\n2 x PH 1 &#8211; 2<br \/>\n2 x PZ 1 &#8211; 2<br \/>\n4 x Kuusikoloavaimet\u00a0 3 &#8211; 4 &#8211; 5 &#8211; 6 mm<br \/>\n3 x XZN\u00ae avaimet M4 &#8211; M5 &#8211; M6<br \/>\n7 x TORX\u00ae T10 &#8211; T15 &#8211; T20 &#8211; T25 &#8211; T27 &#8211; T30 &#8211; T40<br \/>\n11 x Bit:<br \/>\n1 x PH 3<br \/>\n1 x PZ 3<br \/>\n2 x Kuusiokolobitsit 8 &#8211; 10 mm<br \/>\n3 x XZN\u00ae\u00a0 M8 &#8211; M10 &#8211; M12<br \/>\n4 x TORX\u00ae T45 &#8211; T50 &#8211; T55 &#8211; T60<br \/>\n10 x Kuusiokoloavain sarja: 1,5 &#8211; 2 &#8211; 2,5 &#8211; 3 &#8211; 4 &#8211; 5 &#8211; 6 &#8211; 7 &#8211; 8 &#8211; 10 mm<br \/>\n7 x Kiintolenkit: 7 &#8211; 8 &#8211; 10 &#8211; 12 &#8211; 13 &#8211; 17 &#8211; 19 mm<\/p>\n","protected":false},"excerpt":{"rendered":"<p>Hylsysarja aluumiinisalkussa<\/p>\n","protected":false},"featured_media":3516,"template":"","meta":{"_et_pb_use_builder":"","_et_pb_old_content":"","_et_gb_content_width":""},"pwb-brand":[],"product_brand":[],"product_cat":[1619,1618],"product_tag":[],"class_list":{"0":"post-3517","1":"product","2":"type-product","3":"status-publish","4":"has-post-thumbnail","6":"product_cat-1-43-81-2-hylsysarjat","7":"product_cat-tyokalusarjat","9":"first","10":"instock","11":"taxable","12":"shipping-taxable","13":"purchasable","14":"product-type-simple"},"brands":[],"_links":{"self":[{"href":"https:\/\/silikotek.sapartners.site\/index.php\/wp-json\/wp\/v2\/product\/3517","targetHints":{"allow":["GET"]}}],"collection":[{"href":"https:\/\/silikotek.sapartners.site\/index.php\/wp-json\/wp\/v2\/product"}],"about":[{"href":"https:\/\/silikotek.sapartners.site\/index.php\/wp-json\/wp\/v2\/types\/product"}],"wp:featuredmedia":[{"embeddable":true,"href":"https:\/\/silikotek.sapartners.site\/index.php\/wp-json\/wp\/v2\/media\/3516"}],"wp:attachment":[{"href":"https:\/\/silikotek.sapartners.site\/index.php\/wp-json\/wp\/v2\/media?parent=3517"}],"wp:term":[{"taxonomy":"pwb-brand","embeddable":true,"href":"https:\/\/silikotek.sapartners.site\/index.php\/wp-json\/wp\/v2\/pwb-brand?post=3517"},{"taxonomy":"product_brand","embeddable":true,"href":"https:\/\/silikotek.sapartners.site\/index.php\/wp-json\/wp\/v2\/product_brand?post=3517"},{"taxonomy":"product_cat","embeddable":true,"href":"https:\/\/silikotek.sapartners.site\/index.php\/wp-json\/wp\/v2\/product_cat?post=3517"},{"taxonomy":"product_tag","embeddable":true,"href":"https:\/\/silikotek.sapartners.site\/index.php\/wp-json\/wp\/v2\/product_tag?post=3517"}],"curies":[{"name":"wp","href":"https:\/\/api.w.org\/{rel}","templated":true}]}}