{"id":3511,"date":"2014-03-31T10:48:09","date_gmt":"2014-03-31T10:48:09","guid":{"rendered":"http:\/\/192.168.100.222\/target_carts\/wordpress\/wordpress495\/wordpress\/?product=koepainepumppu-ruostumaton-902-2004"},"modified":"2023-01-04T23:26:30","modified_gmt":"2023-01-04T21:26:30","slug":"koepainepumppu-ruostumaton-902-2004","status":"publish","type":"product","link":"https:\/\/silikotek.sapartners.site\/index.php\/tuote\/koepainepumppu-ruostumaton-902-2004\/","title":{"rendered":"Kstools Ruostumaton Koepainepumppu 12 litraa 902.2004"},"content":{"rendered":"<p>T\u00e4ss\u00e4 koepainepumppu ammattik\u00e4ytt\u00f6\u00f6n putkilinjojen ym. koeponnistuksen.\u00a0 902.2004, koepainepumppu ruostumaton s\u00e4ili\u00f6, 2 venttilinen sulkusysteemi. Max paine 60 bar, tankki 12 l, liitosletku 1,5 m 1\/2&#8243; liit\u00e4nt\u00e4.<\/p>\n<p><strong>Tekniset tiedot:<\/strong><br \/>\nLeveys: 195.0mm<br \/>\nKorkein mitattava paine : 60 bar<br \/>\nPaino: 6700g<br \/>\nKorkeus: 222.0mm<br \/>\nPituus: 505.0mm<br \/>\nRuostumatonta ter\u00e4st\u00e4<br \/>\nS\u00e4ili\u00f6n koko: 12 l<\/p>\n<p>&nbsp;<\/p>\n","protected":false},"excerpt":{"rendered":"<p>Koepainepumppu ruostumaton<\/p>\n","protected":false},"featured_media":20361,"template":"","meta":{"_et_pb_use_builder":"","_et_pb_old_content":"","_et_gb_content_width":""},"pwb-brand":[1454],"product_brand":[],"product_cat":[799],"product_tag":[],"class_list":{"0":"post-3511","1":"product","2":"type-product","3":"status-publish","4":"has-post-thumbnail","6":"pwb-brand-kstools","7":"product_cat-koepainepumput","9":"first","10":"instock","11":"taxable","12":"shipping-taxable","13":"purchasable","14":"product-type-simple"},"brands":[{"id":1454,"name":"Kstools","slug":"kstools"}],"_links":{"self":[{"href":"https:\/\/silikotek.sapartners.site\/index.php\/wp-json\/wp\/v2\/product\/3511","targetHints":{"allow":["GET"]}}],"collection":[{"href":"https:\/\/silikotek.sapartners.site\/index.php\/wp-json\/wp\/v2\/product"}],"about":[{"href":"https:\/\/silikotek.sapartners.site\/index.php\/wp-json\/wp\/v2\/types\/product"}],"wp:featuredmedia":[{"embeddable":true,"href":"https:\/\/silikotek.sapartners.site\/index.php\/wp-json\/wp\/v2\/media\/20361"}],"wp:attachment":[{"href":"https:\/\/silikotek.sapartners.site\/index.php\/wp-json\/wp\/v2\/media?parent=3511"}],"wp:term":[{"taxonomy":"pwb-brand","embeddable":true,"href":"https:\/\/silikotek.sapartners.site\/index.php\/wp-json\/wp\/v2\/pwb-brand?post=3511"},{"taxonomy":"product_brand","embeddable":true,"href":"https:\/\/silikotek.sapartners.site\/index.php\/wp-json\/wp\/v2\/product_brand?post=3511"},{"taxonomy":"product_cat","embeddable":true,"href":"https:\/\/silikotek.sapartners.site\/index.php\/wp-json\/wp\/v2\/product_cat?post=3511"},{"taxonomy":"product_tag","embeddable":true,"href":"https:\/\/silikotek.sapartners.site\/index.php\/wp-json\/wp\/v2\/product_tag?post=3511"}],"curies":[{"name":"wp","href":"https:\/\/api.w.org\/{rel}","templated":true}]}}