{"id":3483,"date":"2014-03-31T10:48:09","date_gmt":"2014-03-31T10:48:09","guid":{"rendered":"http:\/\/192.168.100.222\/target_carts\/wordpress\/wordpress495\/wordpress\/?product=pyorannavan-ja-nivelakselin-ulosvedin"},"modified":"2014-06-21T21:01:19","modified_gmt":"2014-06-21T21:01:19","slug":"pyorannavan-ja-nivelakselin-ulosvedin","status":"publish","type":"product","link":"https:\/\/silikotek.sapartners.site\/index.php\/tuote\/pyorannavan-ja-nivelakselin-ulosvedin\/","title":{"rendered":"Py\u00f6r\u00e4nnavan ja nivelakselin ulosvedin"},"content":{"rendered":"<p>700.1410 Py\u00f6r\u00e4nnavan\/nivel-akselin irrotuslaippa, hydraulinen kara<br \/>Erikoisty\u00f6kalu nivelakselin irrottamiseen hydraulisesti ja py\u00f6r\u00e4nnavan irrottamiseen liukuvasaralla (valinnainen). Sopii l\u00e4hes kaikkiin<br \/>4- ja 5-reik\u00e4isiin napoihin. Laadukas ja massiivinen ty\u00f6kalu. Irrotuslaipan toimitukseen sis\u00e4ltyy 5 tukirengasta. Py\u00f6r\u00e4nmutterin tai -pultin kartio menee<br \/>tukirenkaaseen, jolloin laipan soikeat rei\u00e4t eiv\u00e4t vaurioidu.<\/p>\n<p><\/p>\n","protected":false},"excerpt":{"rendered":"<p>Kstools 700.1410 py\u00f6r\u00e4nnavan ja nivelakselin irroituslaikka<\/p>\n","protected":false},"featured_media":3482,"template":"","meta":{"_et_pb_use_builder":"","_et_pb_old_content":"","_et_gb_content_width":""},"pwb-brand":[],"product_brand":[],"product_cat":[450],"product_tag":[],"class_list":{"0":"post-3483","1":"product","2":"type-product","3":"status-publish","4":"has-post-thumbnail","6":"product_cat-korjaamolaitteet","8":"first","9":"instock","10":"sale","11":"taxable","12":"shipping-taxable","13":"purchasable","14":"product-type-simple"},"brands":[],"_links":{"self":[{"href":"https:\/\/silikotek.sapartners.site\/index.php\/wp-json\/wp\/v2\/product\/3483","targetHints":{"allow":["GET"]}}],"collection":[{"href":"https:\/\/silikotek.sapartners.site\/index.php\/wp-json\/wp\/v2\/product"}],"about":[{"href":"https:\/\/silikotek.sapartners.site\/index.php\/wp-json\/wp\/v2\/types\/product"}],"wp:featuredmedia":[{"embeddable":true,"href":"https:\/\/silikotek.sapartners.site\/index.php\/wp-json\/wp\/v2\/media\/3482"}],"wp:attachment":[{"href":"https:\/\/silikotek.sapartners.site\/index.php\/wp-json\/wp\/v2\/media?parent=3483"}],"wp:term":[{"taxonomy":"pwb-brand","embeddable":true,"href":"https:\/\/silikotek.sapartners.site\/index.php\/wp-json\/wp\/v2\/pwb-brand?post=3483"},{"taxonomy":"product_brand","embeddable":true,"href":"https:\/\/silikotek.sapartners.site\/index.php\/wp-json\/wp\/v2\/product_brand?post=3483"},{"taxonomy":"product_cat","embeddable":true,"href":"https:\/\/silikotek.sapartners.site\/index.php\/wp-json\/wp\/v2\/product_cat?post=3483"},{"taxonomy":"product_tag","embeddable":true,"href":"https:\/\/silikotek.sapartners.site\/index.php\/wp-json\/wp\/v2\/product_tag?post=3483"}],"curies":[{"name":"wp","href":"https:\/\/api.w.org\/{rel}","templated":true}]}}