{"id":3481,"date":"2014-03-31T10:48:09","date_gmt":"2014-03-31T10:48:09","guid":{"rendered":"http:\/\/192.168.100.222\/target_carts\/wordpress\/wordpress495\/wordpress\/?product=hylsysarja-1-2-918-0625-kstools"},"modified":"2019-10-30T08:47:36","modified_gmt":"2019-10-30T06:47:36","slug":"hylsysarja-1-2-918-0625-kstools","status":"publish","type":"product","link":"https:\/\/silikotek.sapartners.site\/index.php\/tuote\/hylsysarja-1-2-918-0625-kstools\/","title":{"rendered":"Hylsysarja 1\/2&#8243; , teleskooppir\u00e4ik\u00e4ll\u00e4 918.0625 Kstools"},"content":{"rendered":"<p>918.0625 CHROMEplus\u00ae hylsyavainsarja, 22 osaa<br \/>\nkaksisuuntainen teleskooppir\u00e4ikk\u00e4, kiilt\u00e4v\u00e4 kromattu<br \/>\n17 x hylsy 1\/2\u201d: AV 10 &#8211; 11 &#8211; 12 &#8211; 13 &#8211; 14 -15 &#8211; 16 &#8211;<br \/>\n17 &#8211; 18 &#8211; 19 &#8211; 21 &#8211; 22 &#8211; 24 &#8211; 27 -30 &#8211;<br \/>\n32 &#8211; 34 mm<br \/>\n2 x Jatkovarsi 1\/2\u201d, 125 + 250 mm, py\u00e4lletty<br \/>\n1 x Kardaaninivel 1\/2\u201d<br \/>\n1 x Jatkovarren 1\/2\u201d liukukappale<br \/>\nja adapteri<br \/>\n(sis\u00e4nelikulmio 3\/8\u201d x 1\/2\u201d<br \/>\nulkonelikulmio)<br \/>\n1 x kaksisuuntainen teleskooppir\u00e4ikk\u00e4 1\/2\u201d,<br \/>\n380 &#8211; 500 mm, 36 hammasta portaattomasti s\u00e4\u00e4dett\u00e4v\u00e4.<\/p>\n<p>&nbsp;<\/p>\n","protected":false},"excerpt":{"rendered":"<p>Hylsysarja 1\/2&#8243; Kstools Crome+<\/p>\n","protected":false},"featured_media":3480,"template":"","meta":{"_et_pb_use_builder":"","_et_pb_old_content":"","_et_gb_content_width":""},"pwb-brand":[1454],"product_brand":[],"product_cat":[1614],"product_tag":[],"class_list":{"0":"post-3481","1":"product","2":"type-product","3":"status-publish","4":"has-post-thumbnail","6":"pwb-brand-kstools","7":"product_cat-1-2-hylsysarjat","9":"first","10":"instock","11":"taxable","12":"shipping-taxable","13":"purchasable","14":"product-type-simple"},"brands":[{"id":1454,"name":"Kstools","slug":"kstools"}],"_links":{"self":[{"href":"https:\/\/silikotek.sapartners.site\/index.php\/wp-json\/wp\/v2\/product\/3481","targetHints":{"allow":["GET"]}}],"collection":[{"href":"https:\/\/silikotek.sapartners.site\/index.php\/wp-json\/wp\/v2\/product"}],"about":[{"href":"https:\/\/silikotek.sapartners.site\/index.php\/wp-json\/wp\/v2\/types\/product"}],"wp:featuredmedia":[{"embeddable":true,"href":"https:\/\/silikotek.sapartners.site\/index.php\/wp-json\/wp\/v2\/media\/3480"}],"wp:attachment":[{"href":"https:\/\/silikotek.sapartners.site\/index.php\/wp-json\/wp\/v2\/media?parent=3481"}],"wp:term":[{"taxonomy":"pwb-brand","embeddable":true,"href":"https:\/\/silikotek.sapartners.site\/index.php\/wp-json\/wp\/v2\/pwb-brand?post=3481"},{"taxonomy":"product_brand","embeddable":true,"href":"https:\/\/silikotek.sapartners.site\/index.php\/wp-json\/wp\/v2\/product_brand?post=3481"},{"taxonomy":"product_cat","embeddable":true,"href":"https:\/\/silikotek.sapartners.site\/index.php\/wp-json\/wp\/v2\/product_cat?post=3481"},{"taxonomy":"product_tag","embeddable":true,"href":"https:\/\/silikotek.sapartners.site\/index.php\/wp-json\/wp\/v2\/product_tag?post=3481"}],"curies":[{"name":"wp","href":"https:\/\/api.w.org\/{rel}","templated":true}]}}