{"id":3477,"date":"2014-03-31T10:48:09","date_gmt":"2014-03-31T10:48:09","guid":{"rendered":"http:\/\/192.168.100.222\/target_carts\/wordpress\/wordpress495\/wordpress\/?product=kaapelikenkien-puristustyokalusarja"},"modified":"2024-09-30T09:52:54","modified_gmt":"2024-09-30T06:52:54","slug":"kaapelikenkien-puristustyokalusarja","status":"publish","type":"product","link":"https:\/\/silikotek.sapartners.site\/index.php\/tuote\/kaapelikenkien-puristustyokalusarja\/","title":{"rendered":"Kstools Kaapelikenkien puristusty\u00f6kalusarja 115.1400"},"content":{"rendered":"<ul>\n<li class=\"liste\">eritt\u00e4in tukevat ja kest\u00e4v\u00e4t puristuspihdit<\/li>\n<li class=\"liste\">pakotetulla lukituksella<\/li>\n<li class=\"liste\">vapautusmahdollisuus vikatilanteissa<\/li>\n<li class=\"liste\">optimaalinen puristus tarkkuusprofiilin avulla<\/li>\n<li class=\"liste\">r\u00e4ikk\u00e4toiminto<\/li>\n<li class=\"liste\">puristuspaineen s\u00e4\u00e4t\u00f6mahdollisuus<\/li>\n<li class=\"liste\">puristuksen helpompi vaihto pikavaihtomekaniikalla<\/li>\n<li class=\"liste\">kaksikomponenttikahva<\/li>\n<li class=\"liste\">sinistetty<\/li>\n<li class=\"liste\">pihtien runko lattater\u00e4st\u00e4<\/li>\n<li class=\"liste\">sis. itsesulkeutuvat ja automaattiset johtojen kuorintapihdit, jotka eiv\u00e4t saa aikaan vaurioita<br \/>\n<table class=\"product--properties-table\">\n<tbody>\n<tr class=\"product--properties-item\">\n<td class=\"product--properties-label\">Sis\u00e4osien koot:<\/td>\n<td><span class=\"product--properties-value\">Sis\u00e4\u00e4n ty\u00f6nnett\u00e4v\u00e4 1\/3 alusta<\/span><\/td>\n<\/tr>\n<tr class=\"product--properties-item\">\n<td class=\"product--properties-label\">Kahva:<\/td>\n<td><span class=\"product--properties-value\">2-komponenttikahva<\/span><\/td>\n<\/tr>\n<tr class=\"product--properties-item\">\n<td class=\"product--properties-label\">Pakkaus:<\/td>\n<td><span class=\"product--properties-value\">Muovilaukku, eritt\u00e4in tukeva<\/span><\/td>\n<\/tr>\n<tr class=\"product--properties-item\">\n<td class=\"product--properties-label\">Materiaali1:<\/td>\n<td><span class=\"product--properties-value\">Kuumavalssatut levyt<\/span><\/td>\n<\/tr>\n<tr class=\"product--properties-item\">\n<td class=\"product--properties-label\">Materiaali2:<\/td>\n<td><span class=\"product--properties-value\">Sinistetty<\/span><\/td>\n<\/tr>\n<tr class=\"product--properties-item\">\n<td class=\"product--properties-label\">Pakotetulla lukituksella:<\/td>\n<td><span class=\"product--properties-value\">Kyll\u00e4<\/span><\/td>\n<\/tr>\n<tr class=\"product--properties-item\">\n<td class=\"product--properties-label\">Pakkauksen sis\u00e4lt\u00f6:<\/td>\n<td><span class=\"product--properties-value\">1<\/span><\/td>\n<\/tr>\n<tr class=\"product--properties-item\">\n<td class=\"product--properties-label\">Korkeus H:<\/td>\n<td><span class=\"product--properties-value\">35.0<\/span><\/td>\n<\/tr>\n<tr class=\"product--properties-item\">\n<td class=\"product--properties-label\">Kokonaispituus L (mm):<\/td>\n<td><span class=\"product--properties-value\">390.0<\/span><\/td>\n<\/tr>\n<tr class=\"product--properties-item\">\n<td class=\"product--properties-label\">Leveys B:<\/td>\n<td><span class=\"product--properties-value\">188.0<\/span><\/td>\n<\/tr>\n<tr class=\"product--properties-item\">\n<td class=\"product--properties-label\">Toimintoattribuutti 1:<\/td>\n<td><span class=\"product--properties-value\">R\u00e4ikk\u00e4toiminnolla<\/span><\/td>\n<\/tr>\n<tr class=\"product--properties-item\">\n<td class=\"product--properties-label\">Paino g:<\/td>\n<td><span class=\"product--properties-value\">2370<\/span><\/td>\n<\/tr>\n<tr class=\"product--properties-item\">\n<td class=\"product--properties-label\">Osia sarjassa:<\/td>\n<td><span class=\"product--properties-value\">283<\/span><\/td>\n<\/tr>\n<\/tbody>\n<\/table>\n<\/li>\n<\/ul>\n","protected":false},"excerpt":{"rendered":"<p>115.1400 Kaapelikenkien puristusty\u00f6kalusarja, 8 osaa<\/p>\n<p>Erilaisia puristamalla kiinnitett\u00e4vi\u00e4 kaapelikenki\u00e4 varten tarvitaan yleens\u00e4 erilaisia ty\u00f6kaluja.<br \/>\nT\u00e4m\u00e4 sarja kehitettiin, jotta samassa<br \/>\nperuslaitteessa voitaisiin k\u00e4ytt\u00e4\u00e4 erilaisia leukoja.<br \/>\nUusi puristusliitosty\u00f6kalu on vankka ja luotettava.<br \/>\nTy\u00f6kalu on monik\u00e4ytt\u00f6inen, koska leuat voidaan vaihtaa nopeasti.<br \/>\nLuotettava s\u00e4hk\u00f6asentajan ty\u00f6v\u00e4line<\/p>\n","protected":false},"featured_media":22348,"template":"","meta":{"_et_pb_use_builder":"","_et_pb_old_content":"","_et_gb_content_width":""},"pwb-brand":[1454],"product_brand":[],"product_cat":[753],"product_tag":[],"class_list":{"0":"post-3477","1":"product","2":"type-product","3":"status-publish","4":"has-post-thumbnail","6":"pwb-brand-kstools","7":"product_cat-autosahkotyokalut","9":"first","10":"instock","11":"taxable","12":"shipping-taxable","13":"purchasable","14":"product-type-simple"},"brands":[{"id":1454,"name":"Kstools","slug":"kstools"}],"_links":{"self":[{"href":"https:\/\/silikotek.sapartners.site\/index.php\/wp-json\/wp\/v2\/product\/3477","targetHints":{"allow":["GET"]}}],"collection":[{"href":"https:\/\/silikotek.sapartners.site\/index.php\/wp-json\/wp\/v2\/product"}],"about":[{"href":"https:\/\/silikotek.sapartners.site\/index.php\/wp-json\/wp\/v2\/types\/product"}],"wp:featuredmedia":[{"embeddable":true,"href":"https:\/\/silikotek.sapartners.site\/index.php\/wp-json\/wp\/v2\/media\/22348"}],"wp:attachment":[{"href":"https:\/\/silikotek.sapartners.site\/index.php\/wp-json\/wp\/v2\/media?parent=3477"}],"wp:term":[{"taxonomy":"pwb-brand","embeddable":true,"href":"https:\/\/silikotek.sapartners.site\/index.php\/wp-json\/wp\/v2\/pwb-brand?post=3477"},{"taxonomy":"product_brand","embeddable":true,"href":"https:\/\/silikotek.sapartners.site\/index.php\/wp-json\/wp\/v2\/product_brand?post=3477"},{"taxonomy":"product_cat","embeddable":true,"href":"https:\/\/silikotek.sapartners.site\/index.php\/wp-json\/wp\/v2\/product_cat?post=3477"},{"taxonomy":"product_tag","embeddable":true,"href":"https:\/\/silikotek.sapartners.site\/index.php\/wp-json\/wp\/v2\/product_tag?post=3477"}],"curies":[{"name":"wp","href":"https:\/\/api.w.org\/{rel}","templated":true}]}}