{"id":3468,"date":"2014-03-31T10:48:09","date_gmt":"2014-03-31T10:48:09","guid":{"rendered":"http:\/\/192.168.100.222\/target_carts\/wordpress\/wordpress495\/wordpress\/?product=lukkorengaspihdit-pyoranlaakereille-sisapuoliset"},"modified":"2020-11-02T13:05:53","modified_gmt":"2020-11-02T11:05:53","slug":"kstools-lukkorengaspihdit-pyoranlaakereille-sisapuoliset","status":"publish","type":"product","link":"https:\/\/silikotek.sapartners.site\/index.php\/tuote\/kstools-lukkorengaspihdit-pyoranlaakereille-sisapuoliset\/","title":{"rendered":"Kstools Lukkorengaspihdit Py\u00f6r\u00e4nlaakereille, sis\u00e4puoliset 500.1038"},"content":{"rendered":"<table class=\"product--properties-table\">\n<tbody>\n<tr class=\"product--properties-item\">\n<td class=\"product--properties-label\">Versio varmistuspihdit:<\/td>\n<td><span class=\"product--properties-value\">J22<\/span><\/td>\n<\/tr>\n<tr class=\"product--properties-item\">\n<td class=\"product--properties-label\">K\u00e4ytt\u00f6alue, yleinen:<\/td>\n<td><span class=\"product--properties-value\">Sis\u00e4puolisille lukitusrenkaille<\/span><\/td>\n<\/tr>\n<tr class=\"product--properties-item\">\n<td class=\"product--properties-label\">Halkaisija D1:<\/td>\n<td><span class=\"product--properties-value\">23.0<\/span><\/td>\n<\/tr>\n<tr class=\"product--properties-item\">\n<td class=\"product--properties-label\">Halkaisija D2:<\/td>\n<td><span class=\"product--properties-value\">2.3<\/span><\/td>\n<\/tr>\n<tr class=\"product--properties-item\">\n<td class=\"product--properties-label\">Muoto:<\/td>\n<td><span class=\"product--properties-value\">Taivutettu 45\u00b0<\/span><\/td>\n<\/tr>\n<tr class=\"product--properties-item\">\n<td class=\"product--properties-label\">Paino g:<\/td>\n<td><span class=\"product--properties-value\">250<\/span><\/td>\n<\/tr>\n<tr class=\"product--properties-item\">\n<td class=\"product--properties-label\">Kahva:<\/td>\n<td><span class=\"product--properties-value\">Uppoeristetty kahva<\/span><\/td>\n<\/tr>\n<tr class=\"product--properties-item\">\n<td class=\"product--properties-label\">Kapasiteetti akselin halkaisijalle (\u00d8 mm):<\/td>\n<td><span class=\"product--properties-value\">19-60<\/span><\/td>\n<\/tr>\n<tr class=\"product--properties-item\">\n<td class=\"product--properties-label\">Kokonaispituus L1 (mm):<\/td>\n<td><span class=\"product--properties-value\">240.0<\/span><\/td>\n<\/tr>\n<tr class=\"product--properties-item\">\n<td class=\"product--properties-label\">Osapituus L2, mm:<\/td>\n<td><span class=\"product--properties-value\">32.0<\/span><\/td>\n<\/tr>\n<tr class=\"product--properties-item\">\n<td class=\"product--properties-label\">Materiaali1:<\/td>\n<td><span class=\"product--properties-value\">Hieno kromivanadiiniter\u00e4s<\/span><\/td>\n<\/tr>\n<tr class=\"product--properties-item\">\n<td class=\"product--properties-label\">Standardi:<\/td>\n<td><span class=\"product--properties-value\">DIN 5256<\/span><\/td>\n<\/tr>\n<tr class=\"product--properties-item\">\n<td class=\"product--properties-label\">K\u00e4rkileveys S, mm:<\/td>\n<td><span class=\"product--properties-value\">2.5<\/span><\/td>\n<\/tr>\n<tr class=\"product--properties-item\">\n<td class=\"product--properties-label\">P\u00e4\u00e4n korkeus (A):<\/td>\n<td><span class=\"product--properties-value\">22.0<\/span><\/td>\n<\/tr>\n<tr class=\"product--properties-item\">\n<td class=\"product--properties-label\">Pakkauksen sis\u00e4lt\u00f6:<\/td>\n<td><span class=\"product--properties-value\">1<\/span><\/td>\n<\/tr>\n<\/tbody>\n<\/table>\n<p>&nbsp;<\/p>\n","protected":false},"excerpt":{"rendered":"<div class=\"product--description\">\n<ul>\n<li class=\"liste\">vakaat tarkkuusk\u00e4rjet<\/li>\n<li class=\"liste\">luistonest\u00e4v\u00e4, kierretty tarkkuusk\u00e4rki<\/li>\n<li class=\"liste\">45\u00b0 taivutettu malli<\/li>\n<li class=\"liste\">eristetyill\u00e4 kahvoilla<\/li>\n<li class=\"liste\">py\u00f6r\u00e4laakerien lukitusrenkaiden asentamiseen ja irrottamiseen<\/li>\n<li class=\"liste\">voidaan k\u00e4ytt\u00e4\u00e4 etu- ja taka-akselissa<\/li>\n<li class=\"liste\">kaikille kierteisille py\u00f6r\u00e4laakerien lukitusrenkaille<\/li>\n<li class=\"liste\">kromivanadiinia<\/li>\n<\/ul>\n<\/div>\n","protected":false},"featured_media":23585,"template":"","meta":{"_et_pb_use_builder":"","_et_pb_old_content":"","_et_gb_content_width":""},"pwb-brand":[1454],"product_brand":[],"product_cat":[865,450],"product_tag":[],"class_list":{"0":"post-3468","1":"product","2":"type-product","3":"status-publish","4":"has-post-thumbnail","6":"pwb-brand-kstools","7":"product_cat-sisapuoliset-lukkorengaspihdit","8":"product_cat-korjaamolaitteet","10":"first","11":"instock","12":"taxable","13":"shipping-taxable","14":"purchasable","15":"product-type-simple"},"brands":[{"id":1454,"name":"Kstools","slug":"kstools"}],"_links":{"self":[{"href":"https:\/\/silikotek.sapartners.site\/index.php\/wp-json\/wp\/v2\/product\/3468","targetHints":{"allow":["GET"]}}],"collection":[{"href":"https:\/\/silikotek.sapartners.site\/index.php\/wp-json\/wp\/v2\/product"}],"about":[{"href":"https:\/\/silikotek.sapartners.site\/index.php\/wp-json\/wp\/v2\/types\/product"}],"wp:featuredmedia":[{"embeddable":true,"href":"https:\/\/silikotek.sapartners.site\/index.php\/wp-json\/wp\/v2\/media\/23585"}],"wp:attachment":[{"href":"https:\/\/silikotek.sapartners.site\/index.php\/wp-json\/wp\/v2\/media?parent=3468"}],"wp:term":[{"taxonomy":"pwb-brand","embeddable":true,"href":"https:\/\/silikotek.sapartners.site\/index.php\/wp-json\/wp\/v2\/pwb-brand?post=3468"},{"taxonomy":"product_brand","embeddable":true,"href":"https:\/\/silikotek.sapartners.site\/index.php\/wp-json\/wp\/v2\/product_brand?post=3468"},{"taxonomy":"product_cat","embeddable":true,"href":"https:\/\/silikotek.sapartners.site\/index.php\/wp-json\/wp\/v2\/product_cat?post=3468"},{"taxonomy":"product_tag","embeddable":true,"href":"https:\/\/silikotek.sapartners.site\/index.php\/wp-json\/wp\/v2\/product_tag?post=3468"}],"curies":[{"name":"wp","href":"https:\/\/api.w.org\/{rel}","templated":true}]}}