{"id":3445,"date":"2014-03-31T10:48:09","date_gmt":"2014-03-31T10:48:09","guid":{"rendered":"http:\/\/192.168.100.222\/target_carts\/wordpress\/wordpress495\/wordpress\/?product=kiristysmomentin-rajoitinadapterisarja-3-8-516-1500"},"modified":"2020-11-02T13:34:57","modified_gmt":"2020-11-02T11:34:57","slug":"kstools-kiristysmomentin-rajoitinadapterisarja-3-8-516-1500","status":"publish","type":"product","link":"https:\/\/silikotek.sapartners.site\/index.php\/tuote\/kstools-kiristysmomentin-rajoitinadapterisarja-3-8-516-1500\/","title":{"rendered":"Kstools Kiristysmomentin rajoitinadapterisarja 3\/8&#8243;, 516.1500"},"content":{"rendered":"<table class=\"product--properties-table\">\n<tbody>\n<tr class=\"product--properties-item\">\n<td class=\"product--properties-label\">Materiaali1:<\/td>\n<td><span class=\"product--properties-value\">Hieno kromivanadiiniter\u00e4s<\/span><\/td>\n<\/tr>\n<tr class=\"product--properties-item\">\n<td class=\"product--properties-label\">Nelikantav\u00e4\u00e4nti\u00f6, tuuma:<\/td>\n<td><span class=\"product--properties-value\">3\/8&#8243;<\/span><\/td>\n<\/tr>\n<tr class=\"product--properties-item\">\n<td class=\"product--properties-label\">Standardi:<\/td>\n<td><span class=\"product--properties-value\">DIN 3120, ISO 1174<\/span><\/td>\n<\/tr>\n<tr class=\"product--properties-item\">\n<td class=\"product--properties-label\">N\u00e4ytt\u00f6:<\/td>\n<td><span class=\"product--properties-value\">Ilman<\/span><\/td>\n<\/tr>\n<tr class=\"product--properties-item\">\n<td class=\"product--properties-label\">Malli:<\/td>\n<td><span class=\"product--properties-value\">Muut<\/span><\/td>\n<\/tr>\n<tr class=\"product--properties-item\">\n<td class=\"product--properties-label\">Ty\u00f6kalun liittimen kiristysmomentti:<\/td>\n<td><span class=\"product--properties-value\">Kiinte\u00e4 nelikanta<\/span><\/td>\n<\/tr>\n<tr class=\"product--properties-item\">\n<td class=\"product--properties-label\">K\u00e4ytt\u00f6alue, yleinen:<\/td>\n<td><span class=\"product--properties-value\">Sytytystulpille<\/span><\/td>\n<\/tr>\n<tr class=\"product--properties-item\">\n<td class=\"product--properties-label\">Pakkaus:<\/td>\n<td><span class=\"product--properties-value\">Ter\u00e4slevylaukku<\/span><\/td>\n<\/tr>\n<tr class=\"product--properties-item\">\n<td class=\"product--properties-label\">Pakkauksen sis\u00e4lt\u00f6:<\/td>\n<td><span class=\"product--properties-value\">1<\/span><\/td>\n<\/tr>\n<tr class=\"product--properties-item\">\n<td class=\"product--properties-label\">Osia sarjassa:<\/td>\n<td><span class=\"product--properties-value\">2<\/span><\/td>\n<\/tr>\n<tr class=\"product--properties-item\">\n<td class=\"product--properties-label\">Nelikantakiinnitys, tuuma:<\/td>\n<td><span class=\"product--properties-value\">3\/8<\/span><\/td>\n<\/tr>\n<tr class=\"product--properties-item\">\n<td class=\"product--properties-label\">Toimintoattribuutti 1:<\/td>\n<td><span class=\"product--properties-value\">Sis. kiristysmomentin rajoittimen<\/span><\/td>\n<\/tr>\n<tr class=\"product--properties-item\">\n<td class=\"product--properties-label\">Paino g:<\/td>\n<td><span class=\"product--properties-value\">410<\/span><\/td>\n<\/tr>\n<\/tbody>\n<\/table>\n<p>&nbsp;<\/p>\n","protected":false},"excerpt":{"rendered":"<div class=\"product--description\">\n<ul>\n<li class=\"liste\">eritt\u00e4in tarkka<\/li>\n<li class=\"liste\">kontrolloidulle siirrolle oikealle, 18 Nm tai 24 Nm<\/li>\n<li class=\"liste\">selke\u00e4sti tunnettava v\u00e4\u00e4nt\u00f6momentin vapautus<\/li>\n<li class=\"liste\">asetetun arvon palauttaminen ei ole mahdollista<\/li>\n<li class=\"liste\">ilman asteikkoa \u2013 kiinte\u00e4sti asetettu arvo<\/li>\n<li class=\"liste\">kiristyslukko \u2013 rajoittamaton irrotusv\u00e4\u00e4nt\u00f6momentti ilman v\u00e4\u00e4nt\u00f6momenttitoimintoa<\/li>\n<li class=\"liste\">nelikulmav\u00e4\u00e4nti\u00f6, DIN 3120 \/ ISO 1174, pallolukitus<\/li>\n<li class=\"liste\">tukevassa ter\u00e4slaukussa<\/li>\n<\/ul>\n<\/div>\n","protected":false},"featured_media":23588,"template":"","meta":{"_et_pb_use_builder":"","_et_pb_old_content":"","_et_gb_content_width":""},"pwb-brand":[1454],"product_brand":[],"product_cat":[784,751],"product_tag":[],"class_list":{"0":"post-3445","1":"product","2":"type-product","3":"status-publish","4":"has-post-thumbnail","6":"pwb-brand-kstools","7":"product_cat-momenttiavaimet","8":"product_cat-moottori-tyokalut","10":"first","11":"instock","12":"taxable","13":"shipping-taxable","14":"purchasable","15":"product-type-simple"},"brands":[{"id":1454,"name":"Kstools","slug":"kstools"}],"_links":{"self":[{"href":"https:\/\/silikotek.sapartners.site\/index.php\/wp-json\/wp\/v2\/product\/3445","targetHints":{"allow":["GET"]}}],"collection":[{"href":"https:\/\/silikotek.sapartners.site\/index.php\/wp-json\/wp\/v2\/product"}],"about":[{"href":"https:\/\/silikotek.sapartners.site\/index.php\/wp-json\/wp\/v2\/types\/product"}],"wp:featuredmedia":[{"embeddable":true,"href":"https:\/\/silikotek.sapartners.site\/index.php\/wp-json\/wp\/v2\/media\/23588"}],"wp:attachment":[{"href":"https:\/\/silikotek.sapartners.site\/index.php\/wp-json\/wp\/v2\/media?parent=3445"}],"wp:term":[{"taxonomy":"pwb-brand","embeddable":true,"href":"https:\/\/silikotek.sapartners.site\/index.php\/wp-json\/wp\/v2\/pwb-brand?post=3445"},{"taxonomy":"product_brand","embeddable":true,"href":"https:\/\/silikotek.sapartners.site\/index.php\/wp-json\/wp\/v2\/product_brand?post=3445"},{"taxonomy":"product_cat","embeddable":true,"href":"https:\/\/silikotek.sapartners.site\/index.php\/wp-json\/wp\/v2\/product_cat?post=3445"},{"taxonomy":"product_tag","embeddable":true,"href":"https:\/\/silikotek.sapartners.site\/index.php\/wp-json\/wp\/v2\/product_tag?post=3445"}],"curies":[{"name":"wp","href":"https:\/\/api.w.org\/{rel}","templated":true}]}}