{"id":3443,"date":"2014-03-31T10:48:09","date_gmt":"2014-03-31T10:48:09","guid":{"rendered":"http:\/\/192.168.100.222\/target_carts\/wordpress\/wordpress495\/wordpress\/?product=pyorannavan-nivelakselin-taydennyssarja"},"modified":"2014-06-21T20:52:14","modified_gmt":"2014-06-21T20:52:14","slug":"pyorannavan-nivelakselin-taydennyssarja","status":"publish","type":"product","link":"https:\/\/silikotek.sapartners.site\/index.php\/tuote\/pyorannavan-nivelakselin-taydennyssarja\/","title":{"rendered":"Py\u00f6r\u00e4nnavan\/nivelakselin t\u00e4ydennyssarja"},"content":{"rendered":"<p>700.1435 T\u00e4ydennyssarja py\u00f6r\u00e4nnavan\/nivelakselin irrottamiseen, 21 osaa. (sarjalle 700.1410)<br \/>T\u00e4m\u00e4n t\u00e4ydennyssarjan avulla voidaan irrottaa my\u00f6s<br \/>py\u00f6r\u00e4nnapoja, joiden laakeritilan \u00d8 > 75 mm. Pitk\u00e4t<br \/>kierrepultit ja v\u00e4liholkit kohdistavat py\u00f6r\u00e4nnavan\/<br \/>nivelakselin irrotusty\u00f6kalun varmasti l\u00e4helle<br \/>napaa. Py\u00f6r\u00e4nnavan\/nivelakselin irrotusty\u00f6kalun<br \/>k\u00e4ytt\u00f6mahdollisuudet moninkertaistuvat.<br \/>Kaikki pultit on hiottu erityisell\u00e4 tavalla, mik\u00e4 helpottaa<br \/>kiert\u00e4mist\u00e4 paikalleen, vaikka py\u00f6r\u00e4nnavan rei\u00e4t olisivat<br \/>eritt\u00e4in likaiset. Mukana toimitetaan my\u00f6s s\u00e4ilytt\u00e4mist\u00e4<br \/>helpottava sein\u00e4teline.<br \/>Soveltuu esim.: BMW, T4, MB jne.<\/p>\n<p>Sis\u00e4lt\u00f6:<br \/>1 x t\u00e4ydennyssarjan sein\u00e4teline<br \/>5 x v\u00e4liholkki, pituus 40 mm<br \/>5 x kierrepultti M12x1.5, p 80 mm<br \/>5 x kierrepultti M14x1.5, p 40 mm<br \/>5 x kierrepultti M14x1.5, p 80 mm<\/p>\n<p><\/p>\n","protected":false},"excerpt":{"rendered":"<p>T\u00e4ydennyssarja 700.1410 sarjalle<\/p>\n","protected":false},"featured_media":3442,"template":"","meta":{"_et_pb_use_builder":"","_et_pb_old_content":"","_et_gb_content_width":""},"pwb-brand":[],"product_brand":[],"product_cat":[450],"product_tag":[],"class_list":{"0":"post-3443","1":"product","2":"type-product","3":"status-publish","4":"has-post-thumbnail","6":"product_cat-korjaamolaitteet","8":"first","9":"instock","10":"sale","11":"taxable","12":"shipping-taxable","13":"purchasable","14":"product-type-simple"},"brands":[],"_links":{"self":[{"href":"https:\/\/silikotek.sapartners.site\/index.php\/wp-json\/wp\/v2\/product\/3443","targetHints":{"allow":["GET"]}}],"collection":[{"href":"https:\/\/silikotek.sapartners.site\/index.php\/wp-json\/wp\/v2\/product"}],"about":[{"href":"https:\/\/silikotek.sapartners.site\/index.php\/wp-json\/wp\/v2\/types\/product"}],"wp:featuredmedia":[{"embeddable":true,"href":"https:\/\/silikotek.sapartners.site\/index.php\/wp-json\/wp\/v2\/media\/3442"}],"wp:attachment":[{"href":"https:\/\/silikotek.sapartners.site\/index.php\/wp-json\/wp\/v2\/media?parent=3443"}],"wp:term":[{"taxonomy":"pwb-brand","embeddable":true,"href":"https:\/\/silikotek.sapartners.site\/index.php\/wp-json\/wp\/v2\/pwb-brand?post=3443"},{"taxonomy":"product_brand","embeddable":true,"href":"https:\/\/silikotek.sapartners.site\/index.php\/wp-json\/wp\/v2\/product_brand?post=3443"},{"taxonomy":"product_cat","embeddable":true,"href":"https:\/\/silikotek.sapartners.site\/index.php\/wp-json\/wp\/v2\/product_cat?post=3443"},{"taxonomy":"product_tag","embeddable":true,"href":"https:\/\/silikotek.sapartners.site\/index.php\/wp-json\/wp\/v2\/product_tag?post=3443"}],"curies":[{"name":"wp","href":"https:\/\/api.w.org\/{rel}","templated":true}]}}