{"id":3423,"date":"2014-03-31T10:48:09","date_gmt":"2014-03-31T10:48:09","guid":{"rendered":"http:\/\/192.168.100.222\/target_carts\/wordpress\/wordpress495\/wordpress\/?product=sytytyspuolan-irroitussarja"},"modified":"2014-06-21T20:41:13","modified_gmt":"2014-06-21T20:41:13","slug":"sytytyspuolan-irroitussarja","status":"publish","type":"product","link":"https:\/\/silikotek.sapartners.site\/index.php\/tuote\/sytytyspuolan-irroitussarja\/","title":{"rendered":"Sytytyspuolan irroitussarja"},"content":{"rendered":"<p>500.7560 Master sytytyspuolan irroitussarja 4-osaa. Sarjaan kuuluu 4 erikoisty\u00f6kalua, joilla tehoasteelliset sytytyspuolat voidaan irroittaa ja asentaa nopeasti ja turvallisesti. K\u00e4\u00e4ntyv\u00e4sti asennetutu t-kahvat eiv\u00e4t aiheuta kiertymisen ja repe\u00e4misen vaaraa.<\/p>\n<p>Tyyppi 1<br \/>Pituus 135 mm, haarukkav\u00e4li n. 26 mm<br \/>VW FSI-moottorit: Golf\/Bora 98-,<br \/>Polo 02-, Touran 04-,<br \/>New Beetle 03-,<br \/>Passat 97-, T4 + A2 01-<br \/>Tyyppi 3<br \/>Pituus 105 mm, haarukkav\u00e4li n. 44 mm<br \/>VW suorasuihkutusmoottori 2,0: Golf +<br \/>Touran (04-), Passat + Eos (06-), AUDI<br \/>suorasuihkutus: A3 (04-) 2,0l,<br \/>A6 (05-) 3,2l<br \/>Tyyppi 2<br \/>Pituus 135 mm, haarukkav\u00e4li n. 18 mm<br \/>6-syl. 24V ja 5-syl. moottori, VW Golf,<br \/>Bora 98-, Passat\/Touareg 97-, Sharan 96-,<br \/>Phaeton,<br \/>Touareg 6-sylinterinen 2003-,<br \/>Transporter T5 6 syl. suihkutus 2004-<br \/>Tyyppi 4<br \/>Kitav\u00e4li n. 44 mm<br \/>VW suorasuihkutusmoottori 2,0: Golf +<br \/>Touran (04-), Passat + Eos (06-), AUDI<br \/>suorasuihkutus:<br \/>A3 (04-) 2,0l,<br \/>A6 (05-) 3,2l<\/p>\n<p><\/p>\n","protected":false},"excerpt":{"rendered":"<p>Kstools 500.7560 sytytyspuolan irroitussarja<\/p>\n","protected":false},"featured_media":3421,"template":"","meta":{"_et_pb_use_builder":"","_et_pb_old_content":"","_et_gb_content_width":""},"pwb-brand":[],"product_brand":[],"product_cat":[450],"product_tag":[],"class_list":{"0":"post-3423","1":"product","2":"type-product","3":"status-publish","4":"has-post-thumbnail","6":"product_cat-korjaamolaitteet","8":"first","9":"instock","10":"sale","11":"taxable","12":"shipping-taxable","13":"purchasable","14":"product-type-simple"},"brands":[],"_links":{"self":[{"href":"https:\/\/silikotek.sapartners.site\/index.php\/wp-json\/wp\/v2\/product\/3423","targetHints":{"allow":["GET"]}}],"collection":[{"href":"https:\/\/silikotek.sapartners.site\/index.php\/wp-json\/wp\/v2\/product"}],"about":[{"href":"https:\/\/silikotek.sapartners.site\/index.php\/wp-json\/wp\/v2\/types\/product"}],"wp:featuredmedia":[{"embeddable":true,"href":"https:\/\/silikotek.sapartners.site\/index.php\/wp-json\/wp\/v2\/media\/3421"}],"wp:attachment":[{"href":"https:\/\/silikotek.sapartners.site\/index.php\/wp-json\/wp\/v2\/media?parent=3423"}],"wp:term":[{"taxonomy":"pwb-brand","embeddable":true,"href":"https:\/\/silikotek.sapartners.site\/index.php\/wp-json\/wp\/v2\/pwb-brand?post=3423"},{"taxonomy":"product_brand","embeddable":true,"href":"https:\/\/silikotek.sapartners.site\/index.php\/wp-json\/wp\/v2\/product_brand?post=3423"},{"taxonomy":"product_cat","embeddable":true,"href":"https:\/\/silikotek.sapartners.site\/index.php\/wp-json\/wp\/v2\/product_cat?post=3423"},{"taxonomy":"product_tag","embeddable":true,"href":"https:\/\/silikotek.sapartners.site\/index.php\/wp-json\/wp\/v2\/product_tag?post=3423"}],"curies":[{"name":"wp","href":"https:\/\/api.w.org\/{rel}","templated":true}]}}