{"id":3420,"date":"2014-03-31T10:48:09","date_gmt":"2014-03-31T10:48:09","guid":{"rendered":"http:\/\/192.168.100.222\/target_carts\/wordpress\/wordpress495\/wordpress\/?product=seinahiomakone-variokirahvi"},"modified":"2014-09-17T20:52:41","modified_gmt":"2014-09-17T20:52:41","slug":"seinahiomakone-variokirahvi","status":"publish","type":"product","link":"https:\/\/silikotek.sapartners.site\/index.php\/tuote\/seinahiomakone-variokirahvi\/","title":{"rendered":"Sein\u00e4hiomakone Variokirahvi"},"content":{"rendered":"<p>WST700VV VarioKirahvi sein\u00e4hiomakone UUTUUS ! 04\/09<\/p>\n<p>Nyt s\u00e4\u00e4dett\u00e4v\u00e4 varsi !<\/p>\n<p>Teho: 710 w<br \/>Kierrosalue: 1000 &#8211; 1500\/min<br \/>S\u00e4\u00e4dett\u00e4v\u00e4 pituus: 1330 &#8211; 1730 mm<br \/>Paino: 4,80 kg<br \/>Hiomap\u00e4\u00e4n pikavaihto kolmiop\u00e4\u00e4n (nurkat ja kulmat) ja py\u00f6re\u00e4n hiomap\u00e4\u00e4n (laajat tasopinnat) v\u00e4lill\u00e4. Kolmiop\u00e4\u00e4 lis\u00e4varusteena.<br \/>Viisi eri otevaihtoehtoa katon ja sein\u00e4n eri hiontatilanteita varten. Rei&#8217;itetyt hiomakiekot.<br \/>Toimitusvarustus: Py\u00f6re\u00e4 hiomap\u00e4\u00e4, tarrahiomapaperit k60, k80, k100 ja k220, 4 m letku 32 mm pikalukituksella, kuljetuslaukku <\/p>\n","protected":false},"excerpt":{"rendered":"<p>WST700VV VarioKirahvi sein\u00e4hiomakone UUTUUS ! 04\/09 Nyt s\u00e4\u00e4dett\u00e4v\u00e4 varsi ! Teho: 710 wKierrosalue: 1000 &#8211; 1500\/minS\u00e4\u00e4dett\u00e4v\u00e4 pituus: 1330 &#8211; 1730 mmPaino: 4,80 kgHiomap\u00e4\u00e4n pikavaihto kolmiop\u00e4\u00e4n (nurkat ja kulmat) ja py\u00f6re\u00e4n hiomap\u00e4\u00e4n (laajat tasopinnat) v\u00e4lill\u00e4. Kolmiop\u00e4\u00e4 lis\u00e4varusteena.Viisi eri otevaihtoehtoa katon ja sein\u00e4n eri hiontatilanteita varten. Rei&#8217;itetyt hiomakiekot.Toimitusvarustus: Py\u00f6re\u00e4 hiomap\u00e4\u00e4, tarrahiomapaperit k60, k80, k100 ja k220, 4 [&hellip;]<\/p>\n","protected":false},"featured_media":3418,"template":"","meta":{"_et_pb_use_builder":"","_et_pb_old_content":"","_et_gb_content_width":""},"pwb-brand":[],"product_brand":[],"product_cat":[444],"product_tag":[],"class_list":{"0":"post-3420","1":"product","2":"type-product","3":"status-publish","4":"has-post-thumbnail","6":"product_cat-flex","8":"first","9":"instock","10":"taxable","11":"shipping-taxable","12":"purchasable","13":"product-type-simple"},"brands":[],"_links":{"self":[{"href":"https:\/\/silikotek.sapartners.site\/index.php\/wp-json\/wp\/v2\/product\/3420","targetHints":{"allow":["GET"]}}],"collection":[{"href":"https:\/\/silikotek.sapartners.site\/index.php\/wp-json\/wp\/v2\/product"}],"about":[{"href":"https:\/\/silikotek.sapartners.site\/index.php\/wp-json\/wp\/v2\/types\/product"}],"wp:featuredmedia":[{"embeddable":true,"href":"https:\/\/silikotek.sapartners.site\/index.php\/wp-json\/wp\/v2\/media\/3418"}],"wp:attachment":[{"href":"https:\/\/silikotek.sapartners.site\/index.php\/wp-json\/wp\/v2\/media?parent=3420"}],"wp:term":[{"taxonomy":"pwb-brand","embeddable":true,"href":"https:\/\/silikotek.sapartners.site\/index.php\/wp-json\/wp\/v2\/pwb-brand?post=3420"},{"taxonomy":"product_brand","embeddable":true,"href":"https:\/\/silikotek.sapartners.site\/index.php\/wp-json\/wp\/v2\/product_brand?post=3420"},{"taxonomy":"product_cat","embeddable":true,"href":"https:\/\/silikotek.sapartners.site\/index.php\/wp-json\/wp\/v2\/product_cat?post=3420"},{"taxonomy":"product_tag","embeddable":true,"href":"https:\/\/silikotek.sapartners.site\/index.php\/wp-json\/wp\/v2\/product_tag?post=3420"}],"curies":[{"name":"wp","href":"https:\/\/api.w.org\/{rel}","templated":true}]}}