{"id":3405,"date":"2014-03-31T10:48:09","date_gmt":"2014-03-31T10:48:09","guid":{"rendered":"http:\/\/192.168.100.222\/target_carts\/wordpress\/wordpress495\/wordpress\/?product=suuttimien-testaussarja-common-rail-150-1580"},"modified":"2020-11-02T13:00:30","modified_gmt":"2020-11-02T11:00:30","slug":"suuttimien-testaussarja-common-rail-150-1580","status":"publish","type":"product","link":"https:\/\/silikotek.sapartners.site\/index.php\/tuote\/suuttimien-testaussarja-common-rail-150-1580\/","title":{"rendered":"Kstools Suuttimien testaussarja Common rail 150.1580"},"content":{"rendered":"<table class=\"product--properties-table\">\n<tbody>\n<tr class=\"product--properties-item\">\n<td class=\"product--properties-label\">Pakkaus:<\/td>\n<td><span class=\"product--properties-value\">Muovilaukku, eritt\u00e4in tukeva<\/span><\/td>\n<\/tr>\n<tr class=\"product--properties-item\">\n<td class=\"product--properties-label\">Osia sarjassa:<\/td>\n<td><span class=\"product--properties-value\">65<\/span><\/td>\n<\/tr>\n<tr class=\"product--properties-item\">\n<td class=\"product--properties-label\">Paino g:<\/td>\n<td><span class=\"product--properties-value\">3160<\/span><\/td>\n<\/tr>\n<\/tbody>\n<\/table>\n<p>&nbsp;<\/p>\n","protected":false},"excerpt":{"rendered":"<ul>\n<li class=\"liste\">ammattimainen testivalikoima vianm\u00e4\u00e4ritykseen mittaamalla korkeapaineruiskutussuuttimien takaisinvirtausm\u00e4\u00e4ri\u00e4<\/li>\n<li class=\"liste\">samanaikainen mittaus kork. 8 korkeapaineruiskusuuttimelle mahdollista<\/li>\n<li class=\"liste\">ihanteellinen t\u00e4ydennys moottorin diagnoosilaitteeseen<\/li>\n<li class=\"liste\">dieselin kest\u00e4v\u00e4t letkut<\/li>\n<li class=\"liste\">letkujen p\u00e4\u00e4t kytkimell\u00e4 ja alkuper\u00e4issovittimen turvalista liit\u00e4nt\u00e4\u00e4 varten<\/li>\n<li class=\"liste\">kaksinkertaisesti tiivistetyt messinkiliit\u00e4nn\u00e4t kussakin mittaputkessa<\/li>\n<li class=\"liste\">vakaa akryylilohko t\u00e4ytt\u00f6viiva-asteikolla<\/li>\n<li class=\"liste\">tarkka mittaustulos kunkin mittausputken 25 ml tilavuuden ansiosta<\/li>\n<li class=\"liste\">tukevassa muovilaukussa<\/li>\n<\/ul>\n<p><b>K\u00e4ytt\u00f6alueet:<\/b> kaikille Bosch-, Siemens, Denso ja Delphi-ruiskutusj\u00e4rjestelmiin (my\u00f6s Piezo)<\/p>\n","protected":false},"featured_media":23583,"template":"","meta":{"_et_pb_use_builder":"","_et_pb_old_content":"","_et_gb_content_width":""},"pwb-brand":[1454],"product_brand":[],"product_cat":[450,751],"product_tag":[],"class_list":{"0":"post-3405","1":"product","2":"type-product","3":"status-publish","4":"has-post-thumbnail","6":"pwb-brand-kstools","7":"product_cat-korjaamolaitteet","8":"product_cat-moottori-tyokalut","10":"first","11":"instock","12":"taxable","13":"shipping-taxable","14":"purchasable","15":"product-type-simple"},"brands":[{"id":1454,"name":"Kstools","slug":"kstools"}],"_links":{"self":[{"href":"https:\/\/silikotek.sapartners.site\/index.php\/wp-json\/wp\/v2\/product\/3405","targetHints":{"allow":["GET"]}}],"collection":[{"href":"https:\/\/silikotek.sapartners.site\/index.php\/wp-json\/wp\/v2\/product"}],"about":[{"href":"https:\/\/silikotek.sapartners.site\/index.php\/wp-json\/wp\/v2\/types\/product"}],"wp:featuredmedia":[{"embeddable":true,"href":"https:\/\/silikotek.sapartners.site\/index.php\/wp-json\/wp\/v2\/media\/23583"}],"wp:attachment":[{"href":"https:\/\/silikotek.sapartners.site\/index.php\/wp-json\/wp\/v2\/media?parent=3405"}],"wp:term":[{"taxonomy":"pwb-brand","embeddable":true,"href":"https:\/\/silikotek.sapartners.site\/index.php\/wp-json\/wp\/v2\/pwb-brand?post=3405"},{"taxonomy":"product_brand","embeddable":true,"href":"https:\/\/silikotek.sapartners.site\/index.php\/wp-json\/wp\/v2\/product_brand?post=3405"},{"taxonomy":"product_cat","embeddable":true,"href":"https:\/\/silikotek.sapartners.site\/index.php\/wp-json\/wp\/v2\/product_cat?post=3405"},{"taxonomy":"product_tag","embeddable":true,"href":"https:\/\/silikotek.sapartners.site\/index.php\/wp-json\/wp\/v2\/product_tag?post=3405"}],"curies":[{"name":"wp","href":"https:\/\/api.w.org\/{rel}","templated":true}]}}