{"id":3403,"date":"2014-03-31T10:48:09","date_gmt":"2014-03-31T10:48:09","guid":{"rendered":"http:\/\/192.168.100.222\/target_carts\/wordpress\/wordpress495\/wordpress\/?product=co2-vuototestisarja"},"modified":"2024-09-30T09:52:57","modified_gmt":"2024-09-30T06:52:57","slug":"co2-vuototestisarja","status":"publish","type":"product","link":"https:\/\/silikotek.sapartners.site\/index.php\/tuote\/co2-vuototestisarja\/","title":{"rendered":"Kstools Sylinterin kannen CO2-vuototestisarja 150.1910"},"content":{"rendered":"","protected":false},"excerpt":{"rendered":"<p>Nopea ja helppo menetelm\u00e4 polttomoottorien vuotokohtien paikallistamiseen. L\u00f6yt\u00e4\u00e4 luotettavasti sylinterinkannen, kannentiivisteen, ja sylinteriryhman repe\u00e4m\u00e4t ja vuodot paljastamalla mahdolliset Co pitoisuudet j\u00e4\u00e4hdytysnesteess\u00e4.<br \/>\nPaina kumikartio j\u00e4\u00e4hdyttimen tai paisuntas\u00e4ili\u00f6n aukkoon ja ime kumipallolla ilmaa s\u00e4ili\u00f6\u00f6n j\u00e4\u00e4hdytysnesteen p\u00e4\u00e4lt\u00e4.<br \/>\nTestinesteen v\u00e4rin muuttuminen paljastaa mahdollisen vuodon.<br \/>\nItsest\u00e4\u00e4n uusiutuva reaktioneste voidaan k\u00e4ytt\u00e4\u00e4 moneen kertaan.<br \/>\nSis reaktionestett\u00e4 250 ml.<\/p>\n","protected":false},"featured_media":21322,"template":"","meta":{"_et_pb_use_builder":"","_et_pb_old_content":"","_et_gb_content_width":""},"pwb-brand":[1454],"product_brand":[],"product_cat":[450,751],"product_tag":[],"class_list":{"0":"post-3403","1":"product","2":"type-product","3":"status-publish","4":"has-post-thumbnail","6":"pwb-brand-kstools","7":"product_cat-korjaamolaitteet","8":"product_cat-moottori-tyokalut","10":"first","11":"instock","12":"taxable","13":"shipping-taxable","14":"purchasable","15":"product-type-simple"},"brands":[{"id":1454,"name":"Kstools","slug":"kstools"}],"_links":{"self":[{"href":"https:\/\/silikotek.sapartners.site\/index.php\/wp-json\/wp\/v2\/product\/3403","targetHints":{"allow":["GET"]}}],"collection":[{"href":"https:\/\/silikotek.sapartners.site\/index.php\/wp-json\/wp\/v2\/product"}],"about":[{"href":"https:\/\/silikotek.sapartners.site\/index.php\/wp-json\/wp\/v2\/types\/product"}],"wp:featuredmedia":[{"embeddable":true,"href":"https:\/\/silikotek.sapartners.site\/index.php\/wp-json\/wp\/v2\/media\/21322"}],"wp:attachment":[{"href":"https:\/\/silikotek.sapartners.site\/index.php\/wp-json\/wp\/v2\/media?parent=3403"}],"wp:term":[{"taxonomy":"pwb-brand","embeddable":true,"href":"https:\/\/silikotek.sapartners.site\/index.php\/wp-json\/wp\/v2\/pwb-brand?post=3403"},{"taxonomy":"product_brand","embeddable":true,"href":"https:\/\/silikotek.sapartners.site\/index.php\/wp-json\/wp\/v2\/product_brand?post=3403"},{"taxonomy":"product_cat","embeddable":true,"href":"https:\/\/silikotek.sapartners.site\/index.php\/wp-json\/wp\/v2\/product_cat?post=3403"},{"taxonomy":"product_tag","embeddable":true,"href":"https:\/\/silikotek.sapartners.site\/index.php\/wp-json\/wp\/v2\/product_tag?post=3403"}],"curies":[{"name":"wp","href":"https:\/\/api.w.org\/{rel}","templated":true}]}}