{"id":3388,"date":"2014-03-31T10:48:09","date_gmt":"2014-03-31T10:48:09","guid":{"rendered":"http:\/\/192.168.100.222\/target_carts\/wordpress\/wordpress495\/wordpress\/?product=stetoskooppi-elektrooninen"},"modified":"2019-02-19T10:34:29","modified_gmt":"2019-02-19T08:34:29","slug":"stetoskooppi-elektrooninen","status":"publish","type":"product","link":"https:\/\/silikotek.sapartners.site\/index.php\/tuote\/stetoskooppi-elektrooninen\/","title":{"rendered":"Kstools Elektroninen Stetoskooppi 150.1695"},"content":{"rendered":"<div class=\"product--description\">\n<ul>\n<li class=\"liste\">ammattimaiseen vianm\u00e4\u00e4ritykseen<\/li>\n<li class=\"liste\">k\u00e4ytet\u00e4\u00e4n kuormituksen alaisina olevien rakenneosien akustiseen tarkastukseen ja arviointiin<\/li>\n<li class=\"liste\">t\u00e4ysin selke\u00e4 ja yksiselitteinen testitulos saadaan nopeasti \u00e4\u00e4nen perusteella<\/li>\n<li class=\"liste\">sis\u00e4lt\u00e4\u00e4 kuusi yksitt\u00e4ist\u00e4 anturia, jotka voidaan kiinnitt\u00e4\u00e4 ajoneuvon lattiaan tai moottoritilaan<\/li>\n<li class=\"liste\">h\u00e4iri\u00f6n l\u00e4hteen yksinkertainen kartoitus v\u00e4rillisten kaapeleiden ja laatikon v\u00e4rikartan avulla<\/li>\n<li class=\"liste\">tukevassa muovilaukussa<\/li>\n<\/ul>\n<div class=\"zeile1\">\n<b>K\u00e4ytt\u00f6kohteet:<\/b><\/div>\n<div class=\"zeile1\">Moottori: venttiilit, laakerit, m\u00e4nn\u00e4ntapit<\/div>\n<div class=\"zeile1\">Laturi: laakerimelu<\/div>\n<div class=\"zeile1\">Tasauspy\u00f6r\u00e4st\u00f6: k\u00e4yntimelu<\/div>\n<div class=\"zeile1\">Kori: natinat ja kitin\u00e4t<\/div>\n<\/div>\n<p>&nbsp;<\/p>\n","protected":false},"excerpt":{"rendered":"<p>Auto elektroninen stetoskooppi 150.1695 ammattik\u00e4ytt\u00f6\u00f6n. Mahdollistaa vianetsinn\u00e4n kentt\u00e4olosuhteissa. Korvakuulokkeet sis\u00e4ltyy sarjaan. 6 clip on kiinnikett\u00e4, 6 kanavaisen s\u00e4\u00e4t\u00f6poksin ja testikyn\u00e4n.<\/p>\n","protected":false},"featured_media":19838,"template":"","meta":{"_et_pb_use_builder":"","_et_pb_old_content":"","_et_gb_content_width":""},"pwb-brand":[1454],"product_brand":[],"product_cat":[450],"product_tag":[],"class_list":{"0":"post-3388","1":"product","2":"type-product","3":"status-publish","4":"has-post-thumbnail","6":"pwb-brand-kstools","7":"product_cat-korjaamolaitteet","9":"first","10":"instock","11":"taxable","12":"shipping-taxable","13":"purchasable","14":"product-type-simple"},"brands":[{"id":1454,"name":"Kstools","slug":"kstools"}],"_links":{"self":[{"href":"https:\/\/silikotek.sapartners.site\/index.php\/wp-json\/wp\/v2\/product\/3388","targetHints":{"allow":["GET"]}}],"collection":[{"href":"https:\/\/silikotek.sapartners.site\/index.php\/wp-json\/wp\/v2\/product"}],"about":[{"href":"https:\/\/silikotek.sapartners.site\/index.php\/wp-json\/wp\/v2\/types\/product"}],"wp:featuredmedia":[{"embeddable":true,"href":"https:\/\/silikotek.sapartners.site\/index.php\/wp-json\/wp\/v2\/media\/19838"}],"wp:attachment":[{"href":"https:\/\/silikotek.sapartners.site\/index.php\/wp-json\/wp\/v2\/media?parent=3388"}],"wp:term":[{"taxonomy":"pwb-brand","embeddable":true,"href":"https:\/\/silikotek.sapartners.site\/index.php\/wp-json\/wp\/v2\/pwb-brand?post=3388"},{"taxonomy":"product_brand","embeddable":true,"href":"https:\/\/silikotek.sapartners.site\/index.php\/wp-json\/wp\/v2\/product_brand?post=3388"},{"taxonomy":"product_cat","embeddable":true,"href":"https:\/\/silikotek.sapartners.site\/index.php\/wp-json\/wp\/v2\/product_cat?post=3388"},{"taxonomy":"product_tag","embeddable":true,"href":"https:\/\/silikotek.sapartners.site\/index.php\/wp-json\/wp\/v2\/product_tag?post=3388"}],"curies":[{"name":"wp","href":"https:\/\/api.w.org\/{rel}","templated":true}]}}