{"id":3386,"date":"2014-03-31T10:48:09","date_gmt":"2014-03-31T10:48:09","guid":{"rendered":"http:\/\/192.168.100.222\/target_carts\/wordpress\/wordpress495\/wordpress\/?product=laattaliittimien-irroitustyokalusrj-150-1260"},"modified":"2014-04-29T14:18:49","modified_gmt":"2014-04-29T14:18:49","slug":"laattaliittimien-irroitustyokalusrj-150-1260","status":"publish","type":"product","link":"https:\/\/silikotek.sapartners.site\/index.php\/tuote\/laattaliittimien-irroitustyokalusrj-150-1260\/","title":{"rendered":"Laattaliittimien irroitusty\u00f6kalusrj, 150.1260"},"content":{"rendered":"<p>150.1260 Laattaliittimien irroitusty\u00f6kalusarja ammattik\u00e4ytt\u00f6\u00f6n. 12 osainen. <\/p>\n<p>Laattaliittimien irroitusty\u00f6kaluja voit ostaa my\u00f6s yksitt\u00e4in. 26 eri mallia.<\/p>\n","protected":false},"excerpt":{"rendered":"<p>Laattaliittimien irroitusty\u00f6kalut.<\/p>\n","protected":false},"featured_media":3385,"template":"","meta":{"_et_pb_use_builder":"","_et_pb_old_content":"","_et_gb_content_width":""},"pwb-brand":[],"product_brand":[],"product_cat":[753],"product_tag":[],"class_list":{"0":"post-3386","1":"product","2":"type-product","3":"status-publish","4":"has-post-thumbnail","6":"product_cat-autosahkotyokalut","8":"first","9":"instock","10":"sale","11":"purchasable","12":"product-type-simple"},"brands":[],"_links":{"self":[{"href":"https:\/\/silikotek.sapartners.site\/index.php\/wp-json\/wp\/v2\/product\/3386","targetHints":{"allow":["GET"]}}],"collection":[{"href":"https:\/\/silikotek.sapartners.site\/index.php\/wp-json\/wp\/v2\/product"}],"about":[{"href":"https:\/\/silikotek.sapartners.site\/index.php\/wp-json\/wp\/v2\/types\/product"}],"wp:featuredmedia":[{"embeddable":true,"href":"https:\/\/silikotek.sapartners.site\/index.php\/wp-json\/wp\/v2\/media\/3385"}],"wp:attachment":[{"href":"https:\/\/silikotek.sapartners.site\/index.php\/wp-json\/wp\/v2\/media?parent=3386"}],"wp:term":[{"taxonomy":"pwb-brand","embeddable":true,"href":"https:\/\/silikotek.sapartners.site\/index.php\/wp-json\/wp\/v2\/pwb-brand?post=3386"},{"taxonomy":"product_brand","embeddable":true,"href":"https:\/\/silikotek.sapartners.site\/index.php\/wp-json\/wp\/v2\/product_brand?post=3386"},{"taxonomy":"product_cat","embeddable":true,"href":"https:\/\/silikotek.sapartners.site\/index.php\/wp-json\/wp\/v2\/product_cat?post=3386"},{"taxonomy":"product_tag","embeddable":true,"href":"https:\/\/silikotek.sapartners.site\/index.php\/wp-json\/wp\/v2\/product_tag?post=3386"}],"curies":[{"name":"wp","href":"https:\/\/api.w.org\/{rel}","templated":true}]}}