{"id":3384,"date":"2014-03-31T10:48:09","date_gmt":"2014-03-31T10:48:09","guid":{"rendered":"http:\/\/192.168.100.222\/target_carts\/wordpress\/wordpress495\/wordpress\/?product=mutterinvaannin-1-3388-nm"},"modified":"2016-06-03T12:13:43","modified_gmt":"2016-06-03T12:13:43","slug":"mutterinvaannin-1-3388-nm","status":"publish","type":"product","link":"https:\/\/silikotek.sapartners.site\/index.php\/tuote\/mutterinvaannin-1-3388-nm\/","title":{"rendered":"Mutterinv\u00e4\u00e4nnin 1&#8243; 3388 Nm"},"content":{"rendered":"<p>515.3760 Mutterinv\u00e4\u00e4nnin 1&#8243; 2160 nm 150 mm pitk\u00e4 pidennin hylsylle. 4500 rpm. Vaihde eteenp\u00e4in 1. 1190 nm, 2. 1430 nm, 3. 2160 nm, taaksep\u00e4in 1. 1190 nm, 2. 1730 nm, 3. 2160 nm. Ilmantarve 300 l\/min. Paino 10,6 kg. Ilmanotto 1\/2&#8243; PT<\/p>\n","protected":false},"excerpt":{"rendered":"<p>Pneumaattinen mutterinv\u00e4\u00e4nnin 1&#8243;, 3388 Nm t\u00e4ss\u00e4 pulttipyssy jolla aukeaa isotkin mutterit.<\/p>\n","protected":false},"featured_media":3383,"template":"","meta":{"_et_pb_use_builder":"","_et_pb_old_content":"","_et_gb_content_width":""},"pwb-brand":[],"product_brand":[],"product_cat":[878],"product_tag":[],"class_list":{"0":"post-3384","1":"product","2":"type-product","3":"status-publish","4":"has-post-thumbnail","6":"product_cat-mutterinvaannin","8":"first","9":"instock","10":"sale","11":"taxable","12":"shipping-taxable","13":"purchasable","14":"product-type-simple"},"brands":[],"_links":{"self":[{"href":"https:\/\/silikotek.sapartners.site\/index.php\/wp-json\/wp\/v2\/product\/3384","targetHints":{"allow":["GET"]}}],"collection":[{"href":"https:\/\/silikotek.sapartners.site\/index.php\/wp-json\/wp\/v2\/product"}],"about":[{"href":"https:\/\/silikotek.sapartners.site\/index.php\/wp-json\/wp\/v2\/types\/product"}],"wp:featuredmedia":[{"embeddable":true,"href":"https:\/\/silikotek.sapartners.site\/index.php\/wp-json\/wp\/v2\/media\/3383"}],"wp:attachment":[{"href":"https:\/\/silikotek.sapartners.site\/index.php\/wp-json\/wp\/v2\/media?parent=3384"}],"wp:term":[{"taxonomy":"pwb-brand","embeddable":true,"href":"https:\/\/silikotek.sapartners.site\/index.php\/wp-json\/wp\/v2\/pwb-brand?post=3384"},{"taxonomy":"product_brand","embeddable":true,"href":"https:\/\/silikotek.sapartners.site\/index.php\/wp-json\/wp\/v2\/product_brand?post=3384"},{"taxonomy":"product_cat","embeddable":true,"href":"https:\/\/silikotek.sapartners.site\/index.php\/wp-json\/wp\/v2\/product_cat?post=3384"},{"taxonomy":"product_tag","embeddable":true,"href":"https:\/\/silikotek.sapartners.site\/index.php\/wp-json\/wp\/v2\/product_tag?post=3384"}],"curies":[{"name":"wp","href":"https:\/\/api.w.org\/{rel}","templated":true}]}}