{"id":3353,"date":"2014-03-31T10:48:09","date_gmt":"2014-03-31T10:48:09","guid":{"rendered":"http:\/\/192.168.100.222\/target_carts\/wordpress\/wordpress495\/wordpress\/?product=pistehitsi-sarja-500-8550-kstools"},"modified":"2014-05-07T20:40:45","modified_gmt":"2014-05-07T20:40:45","slug":"pistehitsi-sarja-500-8550-kstools","status":"publish","type":"product","link":"https:\/\/silikotek.sapartners.site\/index.php\/tuote\/pistehitsi-sarja-500-8550-kstools\/","title":{"rendered":"Pistehitsi sarja 500.8550 Kstools"},"content":{"rendered":"<p>500.8550 T\u00e4ll\u00e4 hitsill\u00e4 korjaat helposti erilisia lommoja ym. vauriota korissa. Mukana heittovasara. Hitsaa lommokohtaan piikki tai kupariprikka ja ved\u00e4 ulos.<\/p>\n<p><strong>Technical Data<\/strong><br \/>application in general: for body construction<br \/>weight in g: 10390g<br \/>page main catalogue: 472<br \/>parts in the set: 12 pcs<br \/>packaging: plastic storage case, extra robust<\/p>\n<p><strong>This products contains the following products<\/strong><br \/>500.8551 Welding gun, 220V<br \/>500.8554 Electrode f.welding nails<br \/>500.8556 Electrode f.rivets, magnetic<br \/>500.8557 Electrode f.washers<br \/>500.8558 Heating electrode f.hot spots<br \/>500.8559 Slide hammer, 1.5kg<br \/>500.8560 Electrode extension<br \/>500.8571 Welding nail, 500pcs, 2x50mm<br \/>500.8572 Welding nail, 100pcs, 2.5x50mm<br \/>500.8574 Rivet, 100pcs, 3&#215;3.2mm<br \/>500.8579 Screw, 100pcs, M4x16mm<br \/>500.8592 Washer, 100pcs, 8x16mm<\/p>\n","protected":false},"excerpt":{"rendered":"<p>500.8550 Kstoolsin laaadukas pistehitsi sarja<\/p>\n","protected":false},"featured_media":3352,"template":"","meta":{"_et_pb_use_builder":"","_et_pb_old_content":"","_et_gb_content_width":""},"pwb-brand":[],"product_brand":[],"product_cat":[754],"product_tag":[],"class_list":{"0":"post-3353","1":"product","2":"type-product","3":"status-publish","4":"has-post-thumbnail","6":"product_cat-kori-tyokalut","8":"first","9":"instock","10":"sale","11":"taxable","12":"shipping-taxable","13":"purchasable","14":"product-type-simple"},"brands":[],"_links":{"self":[{"href":"https:\/\/silikotek.sapartners.site\/index.php\/wp-json\/wp\/v2\/product\/3353","targetHints":{"allow":["GET"]}}],"collection":[{"href":"https:\/\/silikotek.sapartners.site\/index.php\/wp-json\/wp\/v2\/product"}],"about":[{"href":"https:\/\/silikotek.sapartners.site\/index.php\/wp-json\/wp\/v2\/types\/product"}],"wp:featuredmedia":[{"embeddable":true,"href":"https:\/\/silikotek.sapartners.site\/index.php\/wp-json\/wp\/v2\/media\/3352"}],"wp:attachment":[{"href":"https:\/\/silikotek.sapartners.site\/index.php\/wp-json\/wp\/v2\/media?parent=3353"}],"wp:term":[{"taxonomy":"pwb-brand","embeddable":true,"href":"https:\/\/silikotek.sapartners.site\/index.php\/wp-json\/wp\/v2\/pwb-brand?post=3353"},{"taxonomy":"product_brand","embeddable":true,"href":"https:\/\/silikotek.sapartners.site\/index.php\/wp-json\/wp\/v2\/product_brand?post=3353"},{"taxonomy":"product_cat","embeddable":true,"href":"https:\/\/silikotek.sapartners.site\/index.php\/wp-json\/wp\/v2\/product_cat?post=3353"},{"taxonomy":"product_tag","embeddable":true,"href":"https:\/\/silikotek.sapartners.site\/index.php\/wp-json\/wp\/v2\/product_tag?post=3353"}],"curies":[{"name":"wp","href":"https:\/\/api.w.org\/{rel}","templated":true}]}}