{"id":3343,"date":"2014-03-31T10:48:09","date_gmt":"2014-03-31T10:48:09","guid":{"rendered":"http:\/\/192.168.100.222\/target_carts\/wordpress\/wordpress495\/wordpress\/?product=renkaankuljetuskarry-160-0055-kstools"},"modified":"2023-01-04T23:26:29","modified_gmt":"2023-01-04T21:26:29","slug":"renkaankuljetuskarry-160-0055-kstools","status":"publish","type":"product","link":"https:\/\/silikotek.sapartners.site\/index.php\/tuote\/renkaankuljetuskarry-160-0055-kstools\/","title":{"rendered":"Kstools Renkaankuljetusk\u00e4rry 160.0055"},"content":{"rendered":"","protected":false},"excerpt":{"rendered":"<div class=\"product--description\">\n<ul>\n<li class=\"liste\">ter\u00e4sputkirakenne syv\u00e4hitsatuilla saumoilla<\/li>\n<li class=\"liste\">kevyt ja ketter\u00e4, sopii pieniinkin tiloihin<\/li>\n<li class=\"liste\">py\u00f6rien ja vanteiden helppoon irrottamiseen ja kuljetukseen<\/li>\n<li class=\"liste\">valmistettu py\u00f6reist\u00e4 putkista ja hitsattu kest\u00e4v\u00e4sti<\/li>\n<li class=\"liste\">kaksi kiintopy\u00f6r\u00e4\u00e4, joissa on ilmarenkaat<\/li>\n<li class=\"liste\">kaksi t\u00e4yskumista ohjauspy\u00f6r\u00e4\u00e4<\/li>\n<li class=\"liste\">paremmat seisomis- ja kaatumisvarmuudet<\/li>\n<li class=\"liste\">kallistumisen est\u00e4v\u00e4 tanko takaa optimaalisen kuljetusasennon<\/li>\n<\/ul>\n<\/div>\n","protected":false},"featured_media":21012,"template":"","meta":{"_et_pb_use_builder":"","_et_pb_old_content":"","_et_gb_content_width":""},"pwb-brand":[1454],"product_brand":[],"product_cat":[752],"product_tag":[],"class_list":{"0":"post-3343","1":"product","2":"type-product","3":"status-publish","4":"has-post-thumbnail","6":"pwb-brand-kstools","7":"product_cat-rengas-tyokalut","9":"first","10":"instock","11":"taxable","12":"shipping-taxable","13":"purchasable","14":"product-type-simple"},"brands":[{"id":1454,"name":"Kstools","slug":"kstools"}],"_links":{"self":[{"href":"https:\/\/silikotek.sapartners.site\/index.php\/wp-json\/wp\/v2\/product\/3343","targetHints":{"allow":["GET"]}}],"collection":[{"href":"https:\/\/silikotek.sapartners.site\/index.php\/wp-json\/wp\/v2\/product"}],"about":[{"href":"https:\/\/silikotek.sapartners.site\/index.php\/wp-json\/wp\/v2\/types\/product"}],"wp:featuredmedia":[{"embeddable":true,"href":"https:\/\/silikotek.sapartners.site\/index.php\/wp-json\/wp\/v2\/media\/21012"}],"wp:attachment":[{"href":"https:\/\/silikotek.sapartners.site\/index.php\/wp-json\/wp\/v2\/media?parent=3343"}],"wp:term":[{"taxonomy":"pwb-brand","embeddable":true,"href":"https:\/\/silikotek.sapartners.site\/index.php\/wp-json\/wp\/v2\/pwb-brand?post=3343"},{"taxonomy":"product_brand","embeddable":true,"href":"https:\/\/silikotek.sapartners.site\/index.php\/wp-json\/wp\/v2\/product_brand?post=3343"},{"taxonomy":"product_cat","embeddable":true,"href":"https:\/\/silikotek.sapartners.site\/index.php\/wp-json\/wp\/v2\/product_cat?post=3343"},{"taxonomy":"product_tag","embeddable":true,"href":"https:\/\/silikotek.sapartners.site\/index.php\/wp-json\/wp\/v2\/product_tag?post=3343"}],"curies":[{"name":"wp","href":"https:\/\/api.w.org\/{rel}","templated":true}]}}