{"id":3334,"date":"2014-03-31T10:48:09","date_gmt":"2014-03-31T10:48:09","guid":{"rendered":"http:\/\/192.168.100.222\/target_carts\/wordpress\/wordpress495\/wordpress\/?product=momenttiavain-10-100-nm-516-1532-kstools"},"modified":"2023-01-04T23:26:27","modified_gmt":"2023-01-04T21:26:27","slug":"momenttiavain-10-100-nm-516-1532-kstools","status":"publish","type":"product","link":"https:\/\/silikotek.sapartners.site\/index.php\/tuote\/momenttiavain-10-100-nm-516-1532-kstools\/","title":{"rendered":"Kstools Momenttiavain 10-100 nm 1\/2&#8243;, 516.1532"},"content":{"rendered":"<p>516.1532 Ergotorque momenttiavain r\u00e4ik\u00e4ll\u00e4 10-100nm,\u00a0Lbf-ft: 8 &#8211; 75, 1\/2&#8243; kiillotettu p\u00e4\u00e4.<\/p>\n<div class=\"product--description\">\n<ul>\n<li class=\"liste\">toimintatarkkuus: <span class=\"ROT\">\u00b13 %<\/span> toleranssi asetetuille arvoille<\/li>\n<li class=\"liste\">toistettava ja tarkka v\u00e4hint\u00e4\u00e4n 5 000 kuormalle<\/li>\n<li class=\"liste\">hallittuun kirist\u00e4miseen oikealle<\/li>\n<li class=\"liste\">kiristyslukko \u2013 rajoittamaton irrotusv\u00e4\u00e4nt\u00f6momentti ilman v\u00e4\u00e4nt\u00f6momenttitoimintoa<\/li>\n<li class=\"liste\">kaksoisasteikko Nm ja lbf\u2022ft jako tarkkaa asetusta varten<\/li>\n<li class=\"liste\">sis. tarkasti jaoteltavan Nm-mikrometriasteikon tarkkaa asetusta varten<\/li>\n<li class=\"liste\">kurkistusmahdollisuudella varustettu suuri ikkuna optimoi luettavuuden<\/li>\n<li class=\"liste\">selke\u00e4sti kuultava ja tunnettava v\u00e4\u00e4nt\u00f6momentin sammutus<\/li>\n<li class=\"liste\">vankka 36-hampainen r\u00e4ikk\u00e4mekanismi<\/li>\n<li class=\"liste\">painike-pikairrotustoiminto r\u00e4ikk\u00e4p\u00e4\u00e4ss\u00e4<\/li>\n<li class=\"liste\">v\u00e4\u00e4nt\u00f6momentin asetus nopeasti ja varmasti vet\u00e4m\u00e4ll\u00e4 kahvaa<\/li>\n<li class=\"liste\">varma lukitusmahdollisuus kahvasta<\/li>\n<li class=\"liste\">ergonominen kaksikomponenttikahva pehmusteella<\/li>\n<li class=\"liste\">nelikulmav\u00e4\u00e4nti\u00f6, DIN 3120 \/ ISO 1174, pallolukitus<\/li>\n<li class=\"liste\">yksik\u00f6llinen sarjanumero auttaa selke\u00e4ss\u00e4 tuotteen tunnistamisessa<\/li>\n<li class=\"liste\">sis. DIN EN ISO 6789:2017 (E) -sertifikaatin \u2013 j\u00e4ljitett\u00e4viss\u00e4 kansallisiin standardeihin<\/li>\n<\/ul>\n<p><iframe loading=\"lazy\" title=\"KS Tools Drehmomentschl\u00fcssel-Programm\" width=\"1080\" height=\"810\" src=\"https:\/\/www.youtube.com\/embed\/NvedW-cIKjM?feature=oembed\"  allow=\"accelerometer; autoplay; clipboard-write; encrypted-media; gyroscope; picture-in-picture\" allowfullscreen><\/iframe><\/p>\n<\/div>\n<p>&nbsp;<\/p>\n","protected":false},"excerpt":{"rendered":"<p>516.1532 Ergotorque momenttiavain r\u00e4ik\u00e4ll\u00e4 10-100nm,\u00a0Lbf-ft: 8 &#8211; 75, 1\/2&#8243; kiillotettu p\u00e4\u00e4.<\/p>\n","protected":false},"featured_media":21575,"template":"","meta":{"_et_pb_use_builder":"","_et_pb_old_content":"","_et_gb_content_width":""},"pwb-brand":[1454],"product_brand":[],"product_cat":[784,1543],"product_tag":[],"class_list":{"0":"post-3334","1":"product","2":"type-product","3":"status-publish","4":"has-post-thumbnail","6":"pwb-brand-kstools","7":"product_cat-momenttiavaimet","8":"product_cat-vaantotyokalut","10":"first","11":"instock","12":"taxable","13":"shipping-taxable","14":"purchasable","15":"product-type-simple"},"brands":[{"id":1454,"name":"Kstools","slug":"kstools"}],"_links":{"self":[{"href":"https:\/\/silikotek.sapartners.site\/index.php\/wp-json\/wp\/v2\/product\/3334","targetHints":{"allow":["GET"]}}],"collection":[{"href":"https:\/\/silikotek.sapartners.site\/index.php\/wp-json\/wp\/v2\/product"}],"about":[{"href":"https:\/\/silikotek.sapartners.site\/index.php\/wp-json\/wp\/v2\/types\/product"}],"wp:featuredmedia":[{"embeddable":true,"href":"https:\/\/silikotek.sapartners.site\/index.php\/wp-json\/wp\/v2\/media\/21575"}],"wp:attachment":[{"href":"https:\/\/silikotek.sapartners.site\/index.php\/wp-json\/wp\/v2\/media?parent=3334"}],"wp:term":[{"taxonomy":"pwb-brand","embeddable":true,"href":"https:\/\/silikotek.sapartners.site\/index.php\/wp-json\/wp\/v2\/pwb-brand?post=3334"},{"taxonomy":"product_brand","embeddable":true,"href":"https:\/\/silikotek.sapartners.site\/index.php\/wp-json\/wp\/v2\/product_brand?post=3334"},{"taxonomy":"product_cat","embeddable":true,"href":"https:\/\/silikotek.sapartners.site\/index.php\/wp-json\/wp\/v2\/product_cat?post=3334"},{"taxonomy":"product_tag","embeddable":true,"href":"https:\/\/silikotek.sapartners.site\/index.php\/wp-json\/wp\/v2\/product_tag?post=3334"}],"curies":[{"name":"wp","href":"https:\/\/api.w.org\/{rel}","templated":true}]}}