{"id":3256,"date":"2014-03-31T10:48:09","date_gmt":"2014-03-31T10:48:09","guid":{"rendered":"http:\/\/192.168.100.222\/target_carts\/wordpress\/wordpress495\/wordpress\/?product=runkonaulain-fm2190f1"},"modified":"2014-06-23T21:18:09","modified_gmt":"2014-06-23T21:18:09","slug":"runkonaulain-fm2190f1","status":"publish","type":"product","link":"https:\/\/silikotek.sapartners.site\/index.php\/tuote\/runkonaulain-fm2190f1\/","title":{"rendered":"Runkonaulain FM2190F1"},"content":{"rendered":"<p>50-90 mm, 21 asteiset O-kantaiset muovisidoksiset konenaulat<\/p>\n<p>Paino:3,6 kg<br \/>Pituus x leveys x korkeus<br \/>543 mm x 116 mm x 380 mm<br \/>Lippaan kapasiteetti: 63 naulaa<br \/>Ominaisuudet: Magnesium runko, syvyydens\u00e4\u00e4t\u00f6, tyhj\u00e4n laukaisun esto, kuminen kylkisuoja,<br \/>valettu kest\u00e4v\u00e4 ilmanohjain, kerta-ja kontaktilaukaisutapa<br \/>Toimitusvarustus: Muovinen kuljetuslaukku, k\u00e4\u00e4nnett\u00e4v\u00e4 vy\u00f6koukku, varmistimen kumisuoja, py\u00f6riv\u00e4 sek\u00e4 suora liitin<\/p>\n","protected":false},"excerpt":{"rendered":"<p>50-90 mm, 21 asteiset O-kantaiset muovisidoksiset konenaulat Paino:3,6 kgPituus x leveys x korkeus543 mm x 116 mm x 380 mmLippaan kapasiteetti: 63 naulaaOminaisuudet: Magnesium runko, syvyydens\u00e4\u00e4t\u00f6, tyhj\u00e4n laukaisun esto, kuminen kylkisuoja,valettu kest\u00e4v\u00e4 ilmanohjain, kerta-ja kontaktilaukaisutapaToimitusvarustus: Muovinen kuljetuslaukku, k\u00e4\u00e4nnett\u00e4v\u00e4 vy\u00f6koukku, varmistimen kumisuoja, py\u00f6riv\u00e4 sek\u00e4 suora liitin<\/p>\n","protected":false},"featured_media":3255,"template":"","meta":{"_et_pb_use_builder":"","_et_pb_old_content":"","_et_gb_content_width":""},"pwb-brand":[],"product_brand":[],"product_cat":[495],"product_tag":[],"class_list":{"0":"post-3256","1":"product","2":"type-product","3":"status-publish","4":"has-post-thumbnail","6":"product_cat-runkonaulaimet","8":"first","9":"instock","10":"taxable","11":"shipping-taxable","12":"purchasable","13":"product-type-simple"},"brands":[],"_links":{"self":[{"href":"https:\/\/silikotek.sapartners.site\/index.php\/wp-json\/wp\/v2\/product\/3256","targetHints":{"allow":["GET"]}}],"collection":[{"href":"https:\/\/silikotek.sapartners.site\/index.php\/wp-json\/wp\/v2\/product"}],"about":[{"href":"https:\/\/silikotek.sapartners.site\/index.php\/wp-json\/wp\/v2\/types\/product"}],"wp:featuredmedia":[{"embeddable":true,"href":"https:\/\/silikotek.sapartners.site\/index.php\/wp-json\/wp\/v2\/media\/3255"}],"wp:attachment":[{"href":"https:\/\/silikotek.sapartners.site\/index.php\/wp-json\/wp\/v2\/media?parent=3256"}],"wp:term":[{"taxonomy":"pwb-brand","embeddable":true,"href":"https:\/\/silikotek.sapartners.site\/index.php\/wp-json\/wp\/v2\/pwb-brand?post=3256"},{"taxonomy":"product_brand","embeddable":true,"href":"https:\/\/silikotek.sapartners.site\/index.php\/wp-json\/wp\/v2\/product_brand?post=3256"},{"taxonomy":"product_cat","embeddable":true,"href":"https:\/\/silikotek.sapartners.site\/index.php\/wp-json\/wp\/v2\/product_cat?post=3256"},{"taxonomy":"product_tag","embeddable":true,"href":"https:\/\/silikotek.sapartners.site\/index.php\/wp-json\/wp\/v2\/product_tag?post=3256"}],"curies":[{"name":"wp","href":"https:\/\/api.w.org\/{rel}","templated":true}]}}