{"id":3254,"date":"2014-03-31T10:48:09","date_gmt":"2014-03-31T10:48:09","guid":{"rendered":"http:\/\/192.168.100.222\/target_carts\/wordpress\/wordpress495\/wordpress\/?product=hakasnaulain-sf1840h"},"modified":"2022-03-29T15:01:15","modified_gmt":"2022-03-29T12:01:15","slug":"hakasnaulain-sf1840h","status":"publish","type":"product","link":"https:\/\/silikotek.sapartners.site\/index.php\/tuote\/hakasnaulain-sf1840h\/","title":{"rendered":"Hakasnaulain SF1840H"},"content":{"rendered":"<p>Raskaaseen teollisuusk\u00e4ytt\u00f6\u00f6n 19-40 mm, M-hakaset, paino 2,0 kg Kontakti ja kertalaukaus nyt valittavissa Naulan syvyyden s\u00e4\u00e4t\u00f6 Molemmille puolille k\u00e4\u00e4ntyv\u00e4 vy\u00f6koukku Varmistimen suoja \u2013 ei j\u00e4t\u00e4 rumia naulausj\u00e4lki\u00e4 Py\u00f6riv\u00e4 liitin \u2013 kevent\u00e4\u00e4 k\u00e4ytt\u00f6\u00e4 erityisesti yl\u00f6sp\u00e4in ty\u00f6skennelt\u00e4ess\u00e4 Avattava nokka \u2013 tukoksen poisto ja puhdistus on helppoa<\/p>\n","protected":false},"excerpt":{"rendered":"<p>Testo hakasnaulain SF1840H<\/p>\n","protected":false},"featured_media":3253,"template":"","meta":{"_et_pb_use_builder":"","_et_pb_old_content":"","_et_gb_content_width":""},"pwb-brand":[],"product_brand":[],"product_cat":[496],"product_tag":[],"class_list":{"0":"post-3254","1":"product","2":"type-product","3":"status-publish","4":"has-post-thumbnail","6":"product_cat-hakasnaulaimet","8":"first","9":"instock","10":"taxable","11":"shipping-taxable","12":"purchasable","13":"product-type-simple"},"brands":[],"_links":{"self":[{"href":"https:\/\/silikotek.sapartners.site\/index.php\/wp-json\/wp\/v2\/product\/3254","targetHints":{"allow":["GET"]}}],"collection":[{"href":"https:\/\/silikotek.sapartners.site\/index.php\/wp-json\/wp\/v2\/product"}],"about":[{"href":"https:\/\/silikotek.sapartners.site\/index.php\/wp-json\/wp\/v2\/types\/product"}],"wp:featuredmedia":[{"embeddable":true,"href":"https:\/\/silikotek.sapartners.site\/index.php\/wp-json\/wp\/v2\/media\/3253"}],"wp:attachment":[{"href":"https:\/\/silikotek.sapartners.site\/index.php\/wp-json\/wp\/v2\/media?parent=3254"}],"wp:term":[{"taxonomy":"pwb-brand","embeddable":true,"href":"https:\/\/silikotek.sapartners.site\/index.php\/wp-json\/wp\/v2\/pwb-brand?post=3254"},{"taxonomy":"product_brand","embeddable":true,"href":"https:\/\/silikotek.sapartners.site\/index.php\/wp-json\/wp\/v2\/product_brand?post=3254"},{"taxonomy":"product_cat","embeddable":true,"href":"https:\/\/silikotek.sapartners.site\/index.php\/wp-json\/wp\/v2\/product_cat?post=3254"},{"taxonomy":"product_tag","embeddable":true,"href":"https:\/\/silikotek.sapartners.site\/index.php\/wp-json\/wp\/v2\/product_tag?post=3254"}],"curies":[{"name":"wp","href":"https:\/\/api.w.org\/{rel}","templated":true}]}}