{"id":3246,"date":"2014-03-31T10:48:09","date_gmt":"2014-03-31T10:48:09","guid":{"rendered":"http:\/\/192.168.100.222\/target_carts\/wordpress\/wordpress495\/wordpress\/?product=hakasanaulain-tps2651"},"modified":"2022-03-29T15:07:35","modified_gmt":"2022-03-29T12:07:35","slug":"hakasanaulain-tps2651","status":"publish","type":"product","link":"https:\/\/silikotek.sapartners.site\/index.php\/tuote\/hakasanaulain-tps2651\/","title":{"rendered":"Hakasanaulain TPS2651"},"content":{"rendered":"<p>Huopa-ja tuulensuojalevyille Hakaset: 19-50 mm, leveys 25,4 mm, P-hakanen Paino\/ pit x lev x kork 2,2 kg\/377 mm x 80 mm x 257 mm Lippaan kapasiteetti 150 hakasta Ominaisuudet: kontaktilaukaisutapa Toimitusvarustus: Muovinen kuljetuslaukku, k\u00e4\u00e4nnett\u00e4v\u00e4 vy\u00f6koukku, py\u00f6riv\u00e4 liitin, \u00f6ljypullo<\/p>\n","protected":false},"excerpt":{"rendered":"<p>Hakasnaulain Testo TPS2651<\/p>\n","protected":false},"featured_media":3245,"template":"","meta":{"_et_pb_use_builder":"","_et_pb_old_content":"","_et_gb_content_width":""},"pwb-brand":[],"product_brand":[],"product_cat":[496],"product_tag":[],"class_list":{"0":"post-3246","1":"product","2":"type-product","3":"status-publish","4":"has-post-thumbnail","6":"product_cat-hakasnaulaimet","8":"first","9":"instock","10":"taxable","11":"shipping-taxable","12":"purchasable","13":"product-type-simple"},"brands":[],"_links":{"self":[{"href":"https:\/\/silikotek.sapartners.site\/index.php\/wp-json\/wp\/v2\/product\/3246","targetHints":{"allow":["GET"]}}],"collection":[{"href":"https:\/\/silikotek.sapartners.site\/index.php\/wp-json\/wp\/v2\/product"}],"about":[{"href":"https:\/\/silikotek.sapartners.site\/index.php\/wp-json\/wp\/v2\/types\/product"}],"wp:featuredmedia":[{"embeddable":true,"href":"https:\/\/silikotek.sapartners.site\/index.php\/wp-json\/wp\/v2\/media\/3245"}],"wp:attachment":[{"href":"https:\/\/silikotek.sapartners.site\/index.php\/wp-json\/wp\/v2\/media?parent=3246"}],"wp:term":[{"taxonomy":"pwb-brand","embeddable":true,"href":"https:\/\/silikotek.sapartners.site\/index.php\/wp-json\/wp\/v2\/pwb-brand?post=3246"},{"taxonomy":"product_brand","embeddable":true,"href":"https:\/\/silikotek.sapartners.site\/index.php\/wp-json\/wp\/v2\/product_brand?post=3246"},{"taxonomy":"product_cat","embeddable":true,"href":"https:\/\/silikotek.sapartners.site\/index.php\/wp-json\/wp\/v2\/product_cat?post=3246"},{"taxonomy":"product_tag","embeddable":true,"href":"https:\/\/silikotek.sapartners.site\/index.php\/wp-json\/wp\/v2\/product_tag?post=3246"}],"curies":[{"name":"wp","href":"https:\/\/api.w.org\/{rel}","templated":true}]}}