{"id":3211,"date":"2014-03-31T10:48:09","date_gmt":"2014-03-31T10:48:09","guid":{"rendered":"http:\/\/192.168.100.222\/target_carts\/wordpress\/wordpress495\/wordpress\/?product=kiillotuskone-l602vr-flex"},"modified":"2016-03-21T19:27:24","modified_gmt":"2016-03-21T19:27:24","slug":"kiillotuskone-l602vr-flex","status":"publish","type":"product","link":"https:\/\/silikotek.sapartners.site\/index.php\/tuote\/kiillotuskone-l602vr-flex\/","title":{"rendered":"Kiillotuskone L602VR Flex"},"content":{"rendered":"<p>Ammattikiillottajan tehokiillottaja kytkinnopeuss\u00e4\u00e4d\u00f6ll\u00e4<\/p>\n<p>Tukialustan maksimi:\u00a0 \u00d8 175 mm<br \/>Laikan maksimi:\u00a0 \u00d8 220 mm<br \/>Ottoteho:\u00a0 1500 W<br \/>Kierrosalue\/min:\u00a0 400-2400<br \/>Paino:\u00a0 3,3 kg<br \/>VR mikroprosessori:\u00a0 kyll\u00e4<br \/>Kaapeli:\u00a0 4 m kumi <\/p>\n","protected":false},"excerpt":{"rendered":"<p>T\u00e4st\u00e4 kiillotuskone ammattilaiselle p\u00e4ivitt\u00e4iseen kovaan k\u00e4ytt\u00f6\u00f6n.<br \/>Sopii myllytykseen ja kiillotukseen ammattilaiselle, joka on tottunut ison koneen j\u00e4m\u00e4kk\u00e4\u00e4n tukevuuteen ja helppoon ohjautuvuuteen.<br \/>Laaja kierrosalue takaa monipuolisen k\u00e4yt\u00f6n my\u00f6s isoilla laikoilla.<\/p>\n","protected":false},"featured_media":3210,"template":"","meta":{"_et_pb_use_builder":"","_et_pb_old_content":"","_et_gb_content_width":""},"pwb-brand":[],"product_brand":[],"product_cat":[444],"product_tag":[],"class_list":{"0":"post-3211","1":"product","2":"type-product","3":"status-publish","4":"has-post-thumbnail","6":"product_cat-flex","8":"first","9":"instock","10":"taxable","11":"shipping-taxable","12":"purchasable","13":"product-type-simple"},"brands":[],"_links":{"self":[{"href":"https:\/\/silikotek.sapartners.site\/index.php\/wp-json\/wp\/v2\/product\/3211","targetHints":{"allow":["GET"]}}],"collection":[{"href":"https:\/\/silikotek.sapartners.site\/index.php\/wp-json\/wp\/v2\/product"}],"about":[{"href":"https:\/\/silikotek.sapartners.site\/index.php\/wp-json\/wp\/v2\/types\/product"}],"wp:featuredmedia":[{"embeddable":true,"href":"https:\/\/silikotek.sapartners.site\/index.php\/wp-json\/wp\/v2\/media\/3210"}],"wp:attachment":[{"href":"https:\/\/silikotek.sapartners.site\/index.php\/wp-json\/wp\/v2\/media?parent=3211"}],"wp:term":[{"taxonomy":"pwb-brand","embeddable":true,"href":"https:\/\/silikotek.sapartners.site\/index.php\/wp-json\/wp\/v2\/pwb-brand?post=3211"},{"taxonomy":"product_brand","embeddable":true,"href":"https:\/\/silikotek.sapartners.site\/index.php\/wp-json\/wp\/v2\/product_brand?post=3211"},{"taxonomy":"product_cat","embeddable":true,"href":"https:\/\/silikotek.sapartners.site\/index.php\/wp-json\/wp\/v2\/product_cat?post=3211"},{"taxonomy":"product_tag","embeddable":true,"href":"https:\/\/silikotek.sapartners.site\/index.php\/wp-json\/wp\/v2\/product_tag?post=3211"}],"curies":[{"name":"wp","href":"https:\/\/api.w.org\/{rel}","templated":true}]}}