{"id":3209,"date":"2014-03-31T10:48:09","date_gmt":"2014-03-31T10:48:09","guid":{"rendered":"http:\/\/192.168.100.222\/target_carts\/wordpress\/wordpress495\/wordpress\/?product=kiillotuskone-epakesko-xc-3401-vrg"},"modified":"2019-03-20T08:14:51","modified_gmt":"2019-03-20T06:14:51","slug":"kiillotuskone-epakesko-xc-3401-vrg","status":"publish","type":"product","link":"https:\/\/silikotek.sapartners.site\/index.php\/tuote\/kiillotuskone-epakesko-xc-3401-vrg\/","title":{"rendered":"Flex Kiillotuskone ep\u00e4kesko XC 3401 VRG"},"content":{"rendered":"<p>Py\u00f6riv\u00e4 ep\u00e4keskoliike &#8211; t\u00e4ydellinen lopputulos<\/p>\n<p>Teho: 900 w<br \/>\nKierrosalue: 160 &#8211; 480\/min<br \/>\nMaksimi ty\u00f6kalun halkaisija: 160 mm<br \/>\nEp\u00e4keskoliike: 8 mm<br \/>\nPaino: 2,6 kg<br \/>\nSoveltuu erityisesti hologrammien poistoon mustasta pinnasta. Ep\u00e4keskoliikkeen ansiosta hiova partikkeli ei palaa koskaan samaan kohtaan, koneella ei voi myllytt\u00e4\u00e4<br \/>\nToimitusvarustus: Etukahva, tarra-alusta 115 mm<\/p>\n<p>&nbsp;<\/p>\n","protected":false},"excerpt":{"rendered":"<p>Flex XC 3401 VRG Kiillotostuskone ammattilaisille.<\/p>\n","protected":false},"featured_media":20062,"template":"","meta":{"_et_pb_use_builder":"","_et_pb_old_content":"","_et_gb_content_width":""},"pwb-brand":[1458],"product_brand":[],"product_cat":[357,444],"product_tag":[],"class_list":{"0":"post-3209","1":"product","2":"type-product","3":"status-publish","4":"has-post-thumbnail","6":"pwb-brand-flex","7":"product_cat-kiillotuskoneet","8":"product_cat-flex","10":"first","11":"instock","12":"taxable","13":"shipping-taxable","14":"purchasable","15":"product-type-simple"},"brands":[{"id":1458,"name":"Flex","slug":"flex"}],"_links":{"self":[{"href":"https:\/\/silikotek.sapartners.site\/index.php\/wp-json\/wp\/v2\/product\/3209","targetHints":{"allow":["GET"]}}],"collection":[{"href":"https:\/\/silikotek.sapartners.site\/index.php\/wp-json\/wp\/v2\/product"}],"about":[{"href":"https:\/\/silikotek.sapartners.site\/index.php\/wp-json\/wp\/v2\/types\/product"}],"wp:featuredmedia":[{"embeddable":true,"href":"https:\/\/silikotek.sapartners.site\/index.php\/wp-json\/wp\/v2\/media\/20062"}],"wp:attachment":[{"href":"https:\/\/silikotek.sapartners.site\/index.php\/wp-json\/wp\/v2\/media?parent=3209"}],"wp:term":[{"taxonomy":"pwb-brand","embeddable":true,"href":"https:\/\/silikotek.sapartners.site\/index.php\/wp-json\/wp\/v2\/pwb-brand?post=3209"},{"taxonomy":"product_brand","embeddable":true,"href":"https:\/\/silikotek.sapartners.site\/index.php\/wp-json\/wp\/v2\/product_brand?post=3209"},{"taxonomy":"product_cat","embeddable":true,"href":"https:\/\/silikotek.sapartners.site\/index.php\/wp-json\/wp\/v2\/product_cat?post=3209"},{"taxonomy":"product_tag","embeddable":true,"href":"https:\/\/silikotek.sapartners.site\/index.php\/wp-json\/wp\/v2\/product_tag?post=3209"}],"curies":[{"name":"wp","href":"https:\/\/api.w.org\/{rel}","templated":true}]}}