{"id":3096,"date":"2014-03-31T10:48:09","date_gmt":"2014-03-31T10:48:09","guid":{"rendered":"http:\/\/192.168.100.222\/target_carts\/wordpress\/wordpress495\/wordpress\/?product=maantiivistaja-hulk-evolution"},"modified":"2014-11-11T16:18:54","modified_gmt":"2014-11-11T16:18:54","slug":"maantiivistaja-hulk-evolution","status":"publish","type":"product","link":"https:\/\/silikotek.sapartners.site\/index.php\/tuote\/maantiivistaja-hulk-evolution\/","title":{"rendered":"Maantiivist\u00e4j\u00e4 Hulk Evolution"},"content":{"rendered":"<p>HULK24HP Maantiivist\u00e4j\u00e4 polttomoottorilla 400x320mm levy EVOLUTION <\/p>\n<p>EAN koodi 0849713012791<\/p>\n<p>HULKPAD T\u00e4rylevy laatoille ja sidekiville 400x320mm levy lis\u00e4vauresteena<\/p>\n<p>EAN koodi 0849713011480<\/p>\n<p> T\u00e4rylevyn pituus 400mm<br \/> levyn leveys 320mm<br \/> voima 10kN<br \/> v\u00e4rin\u00e4 46 m\/s2<br \/> paino 34,5 kg<\/p>\n","protected":false},"excerpt":{"rendered":"<p>HULK24HP Maantiivist\u00e4j\u00e4 polttomoottorilla 400x320mm levy EVOLUTION EAN koodi 0849713012791 HULKPAD T\u00e4rylevy laatoille ja sidekiville 400x320mm levy lis\u00e4vauresteena EAN koodi 0849713011480 T\u00e4rylevyn pituus 400mm levyn leveys 320mm voima 10kN v\u00e4rin\u00e4 46 m\/s2 paino 34,5 kg<\/p>\n","protected":false},"featured_media":3095,"template":"","meta":{"_et_pb_use_builder":"","_et_pb_old_content":"","_et_gb_content_width":""},"pwb-brand":[],"product_brand":[],"product_cat":[437],"product_tag":[],"class_list":{"0":"post-3096","1":"product","2":"type-product","3":"status-publish","4":"has-post-thumbnail","6":"product_cat-evolution","8":"first","9":"instock","10":"sale","11":"taxable","12":"shipping-taxable","13":"purchasable","14":"product-type-simple"},"brands":[],"_links":{"self":[{"href":"https:\/\/silikotek.sapartners.site\/index.php\/wp-json\/wp\/v2\/product\/3096","targetHints":{"allow":["GET"]}}],"collection":[{"href":"https:\/\/silikotek.sapartners.site\/index.php\/wp-json\/wp\/v2\/product"}],"about":[{"href":"https:\/\/silikotek.sapartners.site\/index.php\/wp-json\/wp\/v2\/types\/product"}],"wp:featuredmedia":[{"embeddable":true,"href":"https:\/\/silikotek.sapartners.site\/index.php\/wp-json\/wp\/v2\/media\/3095"}],"wp:attachment":[{"href":"https:\/\/silikotek.sapartners.site\/index.php\/wp-json\/wp\/v2\/media?parent=3096"}],"wp:term":[{"taxonomy":"pwb-brand","embeddable":true,"href":"https:\/\/silikotek.sapartners.site\/index.php\/wp-json\/wp\/v2\/pwb-brand?post=3096"},{"taxonomy":"product_brand","embeddable":true,"href":"https:\/\/silikotek.sapartners.site\/index.php\/wp-json\/wp\/v2\/product_brand?post=3096"},{"taxonomy":"product_cat","embeddable":true,"href":"https:\/\/silikotek.sapartners.site\/index.php\/wp-json\/wp\/v2\/product_cat?post=3096"},{"taxonomy":"product_tag","embeddable":true,"href":"https:\/\/silikotek.sapartners.site\/index.php\/wp-json\/wp\/v2\/product_tag?post=3096"}],"curies":[{"name":"wp","href":"https:\/\/api.w.org\/{rel}","templated":true}]}}