{"id":2957,"date":"2014-03-31T10:48:09","date_gmt":"2014-03-31T10:48:09","guid":{"rendered":"http:\/\/192.168.100.222\/target_carts\/wordpress\/wordpress495\/wordpress\/?product=yhdistelmavasara-kango-750-s"},"modified":"2014-03-31T15:38:23","modified_gmt":"2014-03-31T15:38:23","slug":"yhdistelmavasara-kango-750-s","status":"publish","type":"product","link":"https:\/\/silikotek.sapartners.site\/index.php\/tuote\/yhdistelmavasara-kango-750-s\/","title":{"rendered":"Yhdistelm\u00e4vasara Kango 750 S"},"content":{"rendered":"<p>\u2022 AVS-t\u00e4rin\u00e4nvaimennus ja Softgrip sek\u00e4 etuett\u00e4<br \/>takakahvassa<br \/>\u2022 Pehme\u00e4 vasarointitila pienent\u00e4\u00e4 iskuenergiaa<br \/>arkojen materiaalien<br \/>talttauksessa<br \/>\u2022 Pehme\u00e4 k\u00e4ynnistys porauksen\/talttauksen<br \/>tarkkaan aloitukseen<br \/>\u2022 1550 W takaa maksimitehon, mutta paremman<br \/>l\u00e4mp\u00f6h\u00e4vikin ansiosta kone kest\u00e4\u00e4 paremmin<br \/>\u2022 Iso ja painava iskuri antaa maksimi-iskuenergian,<br \/>mutta on my\u00f6s eritt\u00e4in kest\u00e4v\u00e4<br \/>\u2022 Magnesium-vaihdepes\u00e4 takaa vaihteiden tarkan<br \/>asennuksen. Sen ansiosta t\u00e4m\u00e4 kone on<br \/>kest\u00e4v\u00e4, mutta my\u00f6s kevyt<br \/>\u2022 Vakioelektroniikka pit\u00e4\u00e4 nopeuden tasaisena<br \/>kuormituksen alla<br \/>\u2022 Lukituskytkin lis\u00e4\u00e4 k\u00e4ytt\u00f6mukavuutta ty\u00f6skennelt\u00e4ess\u00e4<br \/>pidemp\u00e4\u00e4n<br \/>\u2022 Huoltomerkkivalo.<\/p>\n<p>Tekniset arvot<br \/>Ottoteho 1550 W<br \/>Iskuenergia 16 J<br \/>Porauskap. kiinte\u00e4ll\u00e4 poralla \/ tunneliporalla 50 \/ 80 mm<br \/>Porauskapasiteetti kruunuporalla 150 mm<br \/>Porausnopeus (kuormitettu) 300 r\/min<br \/>Porausnopeus pehme\u00e4ss\u00e4<br \/>vasarointitilassa (kuormitettu)<br \/>240 r\/min<br \/>Iskuluku 2740 iskua\/min<br \/>Iskuluku pehme\u00e4ss\u00e4 vasarointitilassa<br \/>(kuormitettu)<br \/>2180 iskua\/min<br \/>Ty\u00f6kalunpidin SDS-Max<br \/>Paino 8,2 kg<\/p>\n<p>Tuote No 4933 3986 00<br \/>EAN-koodi 4002395 23519 3<\/p>\n<p>Vakiovarustus: 6 m kaapeli, suora lis\u00e4kahva,<br \/>voiteluainetta, kantolaukku<\/p>\n<p>Ovh Hinta 1 153 (sis. alv 24%) rahtivapaa toimitus<\/p>\n<p>Tuotenumero: 4933898600<br \/>EAN: 4002395 23407 3<\/p>\n","protected":false},"excerpt":{"rendered":"<p>\u2022 AVS-t\u00e4rin\u00e4nvaimennus ja Softgrip sek\u00e4 etuett\u00e4takakahvassa\u2022 Pehme\u00e4 vasarointitila pienent\u00e4\u00e4 iskuenergiaaarkojen materiaalientalttauksessa\u2022 Pehme\u00e4 k\u00e4ynnistys porauksen\/talttauksentarkkaan aloitukseen\u2022 1550 W takaa maksimitehon, mutta paremmanl\u00e4mp\u00f6h\u00e4vikin ansiosta kone kest\u00e4\u00e4 paremmin\u2022 Iso ja painava iskuri antaa maksimi-iskuenergian,mutta on my\u00f6s eritt\u00e4in kest\u00e4v\u00e4\u2022 Magnesium-vaihdepes\u00e4 takaa vaihteiden tarkanasennuksen. Sen ansiosta t\u00e4m\u00e4 kone onkest\u00e4v\u00e4, mutta my\u00f6s kevyt\u2022 Vakioelektroniikka pit\u00e4\u00e4 nopeuden tasaisenakuormituksen alla\u2022 Lukituskytkin lis\u00e4\u00e4 k\u00e4ytt\u00f6mukavuutta [&hellip;]<\/p>\n","protected":false},"featured_media":2956,"template":"","meta":{"_et_pb_use_builder":"","_et_pb_old_content":"","_et_gb_content_width":""},"pwb-brand":[],"product_brand":[],"product_cat":[387],"product_tag":[],"class_list":{"0":"post-2957","1":"product","2":"type-product","3":"status-publish","4":"has-post-thumbnail","6":"product_cat-sds-max-yhdistelmavasarat","8":"first","9":"instock","10":"taxable","11":"shipping-taxable","12":"purchasable","13":"product-type-simple"},"brands":[],"_links":{"self":[{"href":"https:\/\/silikotek.sapartners.site\/index.php\/wp-json\/wp\/v2\/product\/2957","targetHints":{"allow":["GET"]}}],"collection":[{"href":"https:\/\/silikotek.sapartners.site\/index.php\/wp-json\/wp\/v2\/product"}],"about":[{"href":"https:\/\/silikotek.sapartners.site\/index.php\/wp-json\/wp\/v2\/types\/product"}],"wp:featuredmedia":[{"embeddable":true,"href":"https:\/\/silikotek.sapartners.site\/index.php\/wp-json\/wp\/v2\/media\/2956"}],"wp:attachment":[{"href":"https:\/\/silikotek.sapartners.site\/index.php\/wp-json\/wp\/v2\/media?parent=2957"}],"wp:term":[{"taxonomy":"pwb-brand","embeddable":true,"href":"https:\/\/silikotek.sapartners.site\/index.php\/wp-json\/wp\/v2\/pwb-brand?post=2957"},{"taxonomy":"product_brand","embeddable":true,"href":"https:\/\/silikotek.sapartners.site\/index.php\/wp-json\/wp\/v2\/product_brand?post=2957"},{"taxonomy":"product_cat","embeddable":true,"href":"https:\/\/silikotek.sapartners.site\/index.php\/wp-json\/wp\/v2\/product_cat?post=2957"},{"taxonomy":"product_tag","embeddable":true,"href":"https:\/\/silikotek.sapartners.site\/index.php\/wp-json\/wp\/v2\/product_tag?post=2957"}],"curies":[{"name":"wp","href":"https:\/\/api.w.org\/{rel}","templated":true}]}}