{"id":2955,"date":"2014-03-31T10:48:09","date_gmt":"2014-03-31T10:48:09","guid":{"rendered":"http:\/\/192.168.100.222\/target_carts\/wordpress\/wordpress495\/wordpress\/?product=syottoruuvi-normaali-kierre-selffeed-poraan"},"modified":"2014-11-14T16:08:41","modified_gmt":"2014-11-14T16:08:41","slug":"syottoruuvi-normaali-kierre-selffeed-poraan","status":"publish","type":"product","link":"https:\/\/silikotek.sapartners.site\/index.php\/tuote\/syottoruuvi-normaali-kierre-selffeed-poraan\/","title":{"rendered":"Sy\u00f6tt\u00f6ruuvi &#8211; normaali kierre Selffeed poraan"},"content":{"rendered":"<p>PORA SELFEED RUUVI NORM KIERRE<\/p>\n<p>TEKNISET TIEDOT: <br \/>Tuote No <br \/>48286880<br \/>M\u00e4\u00e4r\u00e4 <br \/>1<\/p>\n","protected":false},"excerpt":{"rendered":"<p>PORA SELFEED RUUVI NORM KIERRE TEKNISET TIEDOT: Tuote No 48286880M\u00e4\u00e4r\u00e4 1<\/p>\n","protected":false},"featured_media":2953,"template":"","meta":{"_et_pb_use_builder":"","_et_pb_old_content":"","_et_gb_content_width":""},"pwb-brand":[],"product_brand":[],"product_cat":[402],"product_tag":[],"class_list":{"0":"post-2955","1":"product","2":"type-product","3":"status-publish","4":"has-post-thumbnail","6":"product_cat-pora-iskuporakone-tarvikkeet","8":"first","9":"instock","10":"taxable","11":"shipping-taxable","12":"purchasable","13":"product-type-simple"},"brands":[],"_links":{"self":[{"href":"https:\/\/silikotek.sapartners.site\/index.php\/wp-json\/wp\/v2\/product\/2955","targetHints":{"allow":["GET"]}}],"collection":[{"href":"https:\/\/silikotek.sapartners.site\/index.php\/wp-json\/wp\/v2\/product"}],"about":[{"href":"https:\/\/silikotek.sapartners.site\/index.php\/wp-json\/wp\/v2\/types\/product"}],"wp:featuredmedia":[{"embeddable":true,"href":"https:\/\/silikotek.sapartners.site\/index.php\/wp-json\/wp\/v2\/media\/2953"}],"wp:attachment":[{"href":"https:\/\/silikotek.sapartners.site\/index.php\/wp-json\/wp\/v2\/media?parent=2955"}],"wp:term":[{"taxonomy":"pwb-brand","embeddable":true,"href":"https:\/\/silikotek.sapartners.site\/index.php\/wp-json\/wp\/v2\/pwb-brand?post=2955"},{"taxonomy":"product_brand","embeddable":true,"href":"https:\/\/silikotek.sapartners.site\/index.php\/wp-json\/wp\/v2\/product_brand?post=2955"},{"taxonomy":"product_cat","embeddable":true,"href":"https:\/\/silikotek.sapartners.site\/index.php\/wp-json\/wp\/v2\/product_cat?post=2955"},{"taxonomy":"product_tag","embeddable":true,"href":"https:\/\/silikotek.sapartners.site\/index.php\/wp-json\/wp\/v2\/product_tag?post=2955"}],"curies":[{"name":"wp","href":"https:\/\/api.w.org\/{rel}","templated":true}]}}