{"id":2950,"date":"2014-03-31T10:48:09","date_gmt":"2014-03-31T10:48:09","guid":{"rendered":"http:\/\/192.168.100.222\/target_carts\/wordpress\/wordpress495\/wordpress\/?product=selfeed-poranterat-116mm"},"modified":"2014-03-31T15:38:21","modified_gmt":"2014-03-31T15:38:21","slug":"selfeed-poranterat-116mm","status":"publish","type":"product","link":"https:\/\/silikotek.sapartners.site\/index.php\/tuote\/selfeed-poranterat-116mm\/","title":{"rendered":"Selfeed poranter\u00e4t 116mm"},"content":{"rendered":"<p>Suurissa 76, 92 ja 116 mm:n selfeed-poranteriss\u00e4 on sis\u00e4puoliset kaksoisleikkuuter\u00e4t, jotka leikkaavat siistit, tasaiset rei\u00e4t paineetta. Vaihdettava kara.<\/p>\n<p>K\u00c4YTT\u00d6 MATERIAALI  \t<br \/>puu<\/p>\n<p>TEKNISET TIEDOT  \t<br \/>Tuote No\t<br \/>48254621<br \/>Halkaisija\t<br \/>116 mm<br \/>Varsi<br \/>3 milled flats<br \/>M\u00e4\u00e4r\u00e4\t<br \/>1 <\/p>\n<p>Hinta 95 \u20ac sis. alv<\/p>\n","protected":false},"excerpt":{"rendered":"<p>Suurissa 76, 92 ja 116 mm:n selfeed-poranteriss\u00e4 on sis\u00e4puoliset kaksoisleikkuuter\u00e4t, jotka leikkaavat siistit, tasaiset rei\u00e4t paineetta. Vaihdettava kara. K\u00c4YTT\u00d6 MATERIAALI puu TEKNISET TIEDOT Tuote No 48254621Halkaisija 116 mmVarsi3 milled flatsM\u00e4\u00e4r\u00e4 1 Hinta 95 \u20ac sis. alv<\/p>\n","protected":false},"featured_media":2949,"template":"","meta":{"_et_pb_use_builder":"","_et_pb_old_content":"","_et_gb_content_width":""},"pwb-brand":[],"product_brand":[],"product_cat":[402],"product_tag":[],"class_list":{"0":"post-2950","1":"product","2":"type-product","3":"status-publish","4":"has-post-thumbnail","6":"product_cat-pora-iskuporakone-tarvikkeet","8":"first","9":"instock","10":"taxable","11":"shipping-taxable","12":"purchasable","13":"product-type-simple"},"brands":[],"_links":{"self":[{"href":"https:\/\/silikotek.sapartners.site\/index.php\/wp-json\/wp\/v2\/product\/2950","targetHints":{"allow":["GET"]}}],"collection":[{"href":"https:\/\/silikotek.sapartners.site\/index.php\/wp-json\/wp\/v2\/product"}],"about":[{"href":"https:\/\/silikotek.sapartners.site\/index.php\/wp-json\/wp\/v2\/types\/product"}],"wp:featuredmedia":[{"embeddable":true,"href":"https:\/\/silikotek.sapartners.site\/index.php\/wp-json\/wp\/v2\/media\/2949"}],"wp:attachment":[{"href":"https:\/\/silikotek.sapartners.site\/index.php\/wp-json\/wp\/v2\/media?parent=2950"}],"wp:term":[{"taxonomy":"pwb-brand","embeddable":true,"href":"https:\/\/silikotek.sapartners.site\/index.php\/wp-json\/wp\/v2\/pwb-brand?post=2950"},{"taxonomy":"product_brand","embeddable":true,"href":"https:\/\/silikotek.sapartners.site\/index.php\/wp-json\/wp\/v2\/product_brand?post=2950"},{"taxonomy":"product_cat","embeddable":true,"href":"https:\/\/silikotek.sapartners.site\/index.php\/wp-json\/wp\/v2\/product_cat?post=2950"},{"taxonomy":"product_tag","embeddable":true,"href":"https:\/\/silikotek.sapartners.site\/index.php\/wp-json\/wp\/v2\/product_tag?post=2950"}],"curies":[{"name":"wp","href":"https:\/\/api.w.org\/{rel}","templated":true}]}}