{"id":29315,"date":"2024-01-04T16:03:18","date_gmt":"2024-01-04T14:03:18","guid":{"rendered":"https:\/\/silikotek.sapartners.site\/index.php\/tuote\/flame-retardant-sock\/"},"modified":"2024-01-04T16:03:55","modified_gmt":"2024-01-04T14:03:55","slug":"flame-retardant-sock","status":"publish","type":"product","link":"https:\/\/silikotek.sapartners.site\/index.php\/tuote\/flame-retardant-sock\/","title":{"rendered":"FLAME RETARDANT SOCK"},"content":{"rendered":"<p>Preox-Kevlar-fibern (h\u00f6g kolhalt, 62 %) och mycket h\u00f6gt begr\u00e4nsande syreindex (LOI > 45 %) garanterar enast\u00e5ende motst\u00e5ndskraft mot eld och h\u00f6ga temperaturer. Strumporna \u00e4r testade enligt brandskyddsstandarden EN ISO 14116:2015 Index 2. ESD-godk\u00e4nd. Material: 49 % Preox-fiber, 17 % Polyamid, 21 % Kevlar\u00ae, 2 % Elastan och 1 % Kolfiber.<\/p>\n","protected":false},"excerpt":{"rendered":"<p>Preox-Kevlar-kuitu (korkea hiilipitoisuus (62%) ja eritt\u00e4in korkea happea rajoittava indeksi (LOI > 45 %) takaa erinomaisen tulen ja korkeiden l\u00e4mp\u00f6tilojen vastustuskyvyn. Sukat on testattu palosuojastandardin EN ISO 14116:2015 Index 2 mukaisesti. ESD-hyv\u00e4ksytty. Materiaaleina: 49 % Preox-kuitua, 17 % Polyamidia, 21 % Kevlar\u00ae, 2 % Elastaania ja 1 % Hiilikuitua.<\/p>\n","protected":false},"featured_media":29314,"template":"","meta":{"_et_pb_use_builder":"","_et_pb_old_content":"","_et_gb_content_width":""},"pwb-brand":[],"product_brand":[],"product_cat":[1434],"product_tag":[],"class_list":{"0":"post-29315","1":"product","2":"type-product","3":"status-publish","4":"has-post-thumbnail","6":"product_cat-uncategorized","7":"pa_kenkakoko-1016","8":"pa_kenkakoko-1019","9":"pa_kenkakoko-1022","11":"first","12":"instock","13":"taxable","14":"shipping-taxable","15":"purchasable","16":"product-type-variable"},"brands":[],"_links":{"self":[{"href":"https:\/\/silikotek.sapartners.site\/index.php\/wp-json\/wp\/v2\/product\/29315","targetHints":{"allow":["GET"]}}],"collection":[{"href":"https:\/\/silikotek.sapartners.site\/index.php\/wp-json\/wp\/v2\/product"}],"about":[{"href":"https:\/\/silikotek.sapartners.site\/index.php\/wp-json\/wp\/v2\/types\/product"}],"wp:featuredmedia":[{"embeddable":true,"href":"https:\/\/silikotek.sapartners.site\/index.php\/wp-json\/wp\/v2\/media\/29314"}],"wp:attachment":[{"href":"https:\/\/silikotek.sapartners.site\/index.php\/wp-json\/wp\/v2\/media?parent=29315"}],"wp:term":[{"taxonomy":"pwb-brand","embeddable":true,"href":"https:\/\/silikotek.sapartners.site\/index.php\/wp-json\/wp\/v2\/pwb-brand?post=29315"},{"taxonomy":"product_brand","embeddable":true,"href":"https:\/\/silikotek.sapartners.site\/index.php\/wp-json\/wp\/v2\/product_brand?post=29315"},{"taxonomy":"product_cat","embeddable":true,"href":"https:\/\/silikotek.sapartners.site\/index.php\/wp-json\/wp\/v2\/product_cat?post=29315"},{"taxonomy":"product_tag","embeddable":true,"href":"https:\/\/silikotek.sapartners.site\/index.php\/wp-json\/wp\/v2\/product_tag?post=29315"}],"curies":[{"name":"wp","href":"https:\/\/api.w.org\/{rel}","templated":true}]}}