{"id":29288,"date":"2024-01-04T16:03:07","date_gmt":"2024-01-04T14:03:07","guid":{"rendered":"https:\/\/silikotek.sapartners.site\/index.php\/tuote\/cotton-sock\/"},"modified":"2024-01-04T16:03:53","modified_gmt":"2024-01-04T14:03:53","slug":"cotton-sock","status":"publish","type":"product","link":"https:\/\/silikotek.sapartners.site\/index.php\/tuote\/cotton-sock\/","title":{"rendered":"COTTON SOCK"},"content":{"rendered":"<p>Nu ocks\u00e5 ESD-godk\u00e4nd, h\u00e5llbar och formbest\u00e4ndig Sievi-bomullsstrumpa f\u00f6r anv\u00e4ndare av bomullsstrumpor. Strumporna skaver inte tack vare i det n\u00e4rmaste s\u00f6ml\u00f6s uppbyggnad. Material: 66 % Bomull, 31 % Polyamid, 2 % Elastan och 1 % Kolfiber.<\/p>\n","protected":false},"excerpt":{"rendered":"<p>Puuvillasukkien k\u00e4ytt\u00e4jille nyt my\u00f6s ESD-hyv\u00e4ksytty kest\u00e4v\u00e4 ja muotonsa s\u00e4ilytt\u00e4v\u00e4 Sievi-puuvillasukka. L\u00e4hes saumattoman rakenteen vuoksi sukat eiv\u00e4t hierr\u00e4. Materiaaleina: 66 % Puuvillaa, 31 % Polyamidia, 2 % Elastaania ja 1 % Hiilikuitua.<\/p>\n","protected":false},"featured_media":29287,"template":"","meta":{"_et_pb_use_builder":"","_et_pb_old_content":"","_et_gb_content_width":""},"pwb-brand":[],"product_brand":[],"product_cat":[1434],"product_tag":[],"class_list":{"0":"post-29288","1":"product","2":"type-product","3":"status-publish","4":"has-post-thumbnail","6":"product_cat-uncategorized","7":"pa_kenkakoko-1016","8":"pa_kenkakoko-1019","9":"pa_kenkakoko-1022","11":"first","12":"instock","13":"taxable","14":"shipping-taxable","15":"purchasable","16":"product-type-variable"},"brands":[],"_links":{"self":[{"href":"https:\/\/silikotek.sapartners.site\/index.php\/wp-json\/wp\/v2\/product\/29288","targetHints":{"allow":["GET"]}}],"collection":[{"href":"https:\/\/silikotek.sapartners.site\/index.php\/wp-json\/wp\/v2\/product"}],"about":[{"href":"https:\/\/silikotek.sapartners.site\/index.php\/wp-json\/wp\/v2\/types\/product"}],"wp:featuredmedia":[{"embeddable":true,"href":"https:\/\/silikotek.sapartners.site\/index.php\/wp-json\/wp\/v2\/media\/29287"}],"wp:attachment":[{"href":"https:\/\/silikotek.sapartners.site\/index.php\/wp-json\/wp\/v2\/media?parent=29288"}],"wp:term":[{"taxonomy":"pwb-brand","embeddable":true,"href":"https:\/\/silikotek.sapartners.site\/index.php\/wp-json\/wp\/v2\/pwb-brand?post=29288"},{"taxonomy":"product_brand","embeddable":true,"href":"https:\/\/silikotek.sapartners.site\/index.php\/wp-json\/wp\/v2\/product_brand?post=29288"},{"taxonomy":"product_cat","embeddable":true,"href":"https:\/\/silikotek.sapartners.site\/index.php\/wp-json\/wp\/v2\/product_cat?post=29288"},{"taxonomy":"product_tag","embeddable":true,"href":"https:\/\/silikotek.sapartners.site\/index.php\/wp-json\/wp\/v2\/product_tag?post=29288"}],"curies":[{"name":"wp","href":"https:\/\/api.w.org\/{rel}","templated":true}]}}