{"id":2928,"date":"2014-03-31T10:48:09","date_gmt":"2014-03-31T10:48:09","guid":{"rendered":"http:\/\/192.168.100.222\/target_carts\/wordpress\/wordpress495\/wordpress\/?product=selfeed-poranterat-29mm"},"modified":"2014-03-31T15:38:45","modified_gmt":"2014-03-31T15:38:45","slug":"selfeed-poranterat-29mm","status":"publish","type":"product","link":"https:\/\/silikotek.sapartners.site\/index.php\/tuote\/selfeed-poranterat-29mm\/","title":{"rendered":"Selfeed poranter\u00e4t 29mm"},"content":{"rendered":"<p>Kaikissa teriss\u00e4 on irroitettavat ja vaihdettavat sy\u00f6tt\u00f6ruuvit. Kaksi sy\u00f6tt\u00f6ruuvia seuraa jokaista poranter\u00e4\u00e4. Sy\u00f6tt\u00f6ruuvi antaa nopean ja vaivattoman sy\u00f6t\u00f6n my\u00f6s pihkaisissa puulajeissa. Sis\u00e4puolinen leikkuutaso tekee puhtaan ja tasaisen rei\u00e4n ilman sy\u00f6tt\u00f6painetta.<\/p>\n<p>K\u00c4YTT\u00d6 MATERIAALI  \t<br \/> puu<\/p>\n<p>TEKNISET TIEDOT  \t<br \/>Tuote No\t<br \/>48251122<br \/>Halkaisija\t<br \/>29 mm<br \/>Varsi\t<br \/>7\/16 Hex tuumaa HEX 11<br \/>M\u00e4\u00e4r\u00e4\t<br \/>1 <\/p>\n<p>Hinta 25 \u20ac sis. alv<\/p>\n","protected":false},"excerpt":{"rendered":"<p>Kaikissa teriss\u00e4 on irroitettavat ja vaihdettavat sy\u00f6tt\u00f6ruuvit. Kaksi sy\u00f6tt\u00f6ruuvia seuraa jokaista poranter\u00e4\u00e4. Sy\u00f6tt\u00f6ruuvi antaa nopean ja vaivattoman sy\u00f6t\u00f6n my\u00f6s pihkaisissa puulajeissa. Sis\u00e4puolinen leikkuutaso tekee puhtaan ja tasaisen rei\u00e4n ilman sy\u00f6tt\u00f6painetta. K\u00c4YTT\u00d6 MATERIAALI puu TEKNISET TIEDOT Tuote No 48251122Halkaisija 29 mmVarsi 7\/16 Hex tuumaa HEX 11M\u00e4\u00e4r\u00e4 1 Hinta 25 \u20ac sis. alv<\/p>\n","protected":false},"featured_media":2927,"template":"","meta":{"_et_pb_use_builder":"","_et_pb_old_content":"","_et_gb_content_width":""},"pwb-brand":[],"product_brand":[],"product_cat":[402],"product_tag":[],"class_list":{"0":"post-2928","1":"product","2":"type-product","3":"status-publish","4":"has-post-thumbnail","6":"product_cat-pora-iskuporakone-tarvikkeet","8":"first","9":"instock","10":"taxable","11":"shipping-taxable","12":"purchasable","13":"product-type-simple"},"brands":[],"_links":{"self":[{"href":"https:\/\/silikotek.sapartners.site\/index.php\/wp-json\/wp\/v2\/product\/2928","targetHints":{"allow":["GET"]}}],"collection":[{"href":"https:\/\/silikotek.sapartners.site\/index.php\/wp-json\/wp\/v2\/product"}],"about":[{"href":"https:\/\/silikotek.sapartners.site\/index.php\/wp-json\/wp\/v2\/types\/product"}],"wp:featuredmedia":[{"embeddable":true,"href":"https:\/\/silikotek.sapartners.site\/index.php\/wp-json\/wp\/v2\/media\/2927"}],"wp:attachment":[{"href":"https:\/\/silikotek.sapartners.site\/index.php\/wp-json\/wp\/v2\/media?parent=2928"}],"wp:term":[{"taxonomy":"pwb-brand","embeddable":true,"href":"https:\/\/silikotek.sapartners.site\/index.php\/wp-json\/wp\/v2\/pwb-brand?post=2928"},{"taxonomy":"product_brand","embeddable":true,"href":"https:\/\/silikotek.sapartners.site\/index.php\/wp-json\/wp\/v2\/product_brand?post=2928"},{"taxonomy":"product_cat","embeddable":true,"href":"https:\/\/silikotek.sapartners.site\/index.php\/wp-json\/wp\/v2\/product_cat?post=2928"},{"taxonomy":"product_tag","embeddable":true,"href":"https:\/\/silikotek.sapartners.site\/index.php\/wp-json\/wp\/v2\/product_tag?post=2928"}],"curies":[{"name":"wp","href":"https:\/\/api.w.org\/{rel}","templated":true}]}}