{"id":29271,"date":"2024-01-04T16:03:02","date_gmt":"2024-01-04T14:03:02","guid":{"rendered":"https:\/\/silikotek.sapartners.site\/index.php\/tuote\/alaska-gt-roller-s7\/"},"modified":"2024-01-04T16:03:52","modified_gmt":"2024-01-04T14:03:52","slug":"alaska-gt-roller-s7","status":"publish","type":"product","link":"https:\/\/silikotek.sapartners.site\/index.php\/tuote\/alaska-gt-roller-s7\/","title":{"rendered":"ALASKA GT ROLLER+ S7"},"content":{"rendered":"<p>H\u00f6gskaftade skyddsskon Alaska GT Roller+ har ut\u00f6ver ett varmt foder ocks\u00e5 ett vattent\u00e4tt GORE-TEX-membran som andas. Skon \u00e4r att l\u00e4tt att ta p\u00e5 sig tack vare den unika sn\u00f6rningsmekanismen BOA\u00ae Fit System kombinerat med en kardborrekn\u00e4ppning i skaftets \u00f6vre del. Friktionssulan Sievi TractionPro\u00ae s\u00e4kerst\u00e4ller ett grepp i toppklass och slitaget\u00e5lighet hos sulan.<\/p>\n","protected":false},"excerpt":{"rendered":"<p>Korkeavartisessa Alaska GT Roller+ turvajalkineessa on l\u00e4mpim\u00e4n vuorin lis\u00e4ksi vedenpit\u00e4v\u00e4 ja hengitt\u00e4v\u00e4 GORE-TEX-kalvo. Jalkineet on helppo pukea ainutlaatuisen BOA\u00ae Fit System -kiinnitysmekanismi ja varren yl\u00e4osassa olevan pikakiinnitystarra yhdistelm\u00e4n avulla. Erinomaisen pidon ja kulutuskest\u00e4vyyden varmistaa Sievi TractionPro\u00ae-kitkapohja.<\/p>\n","protected":false},"featured_media":29270,"template":"","meta":{"_et_pb_use_builder":"","_et_pb_old_content":"","_et_gb_content_width":""},"pwb-brand":[],"product_brand":[],"product_cat":[1434],"product_tag":[],"class_list":{"0":"post-29271","1":"product","2":"type-product","3":"status-publish","4":"has-post-thumbnail","6":"product_cat-uncategorized","7":"pa_kenkakoko-1026","8":"pa_kenkakoko-1027","9":"pa_kenkakoko-1028","11":"first","12":"instock","13":"taxable","14":"shipping-taxable","15":"purchasable","16":"product-type-variable"},"brands":[],"_links":{"self":[{"href":"https:\/\/silikotek.sapartners.site\/index.php\/wp-json\/wp\/v2\/product\/29271","targetHints":{"allow":["GET"]}}],"collection":[{"href":"https:\/\/silikotek.sapartners.site\/index.php\/wp-json\/wp\/v2\/product"}],"about":[{"href":"https:\/\/silikotek.sapartners.site\/index.php\/wp-json\/wp\/v2\/types\/product"}],"wp:featuredmedia":[{"embeddable":true,"href":"https:\/\/silikotek.sapartners.site\/index.php\/wp-json\/wp\/v2\/media\/29270"}],"wp:attachment":[{"href":"https:\/\/silikotek.sapartners.site\/index.php\/wp-json\/wp\/v2\/media?parent=29271"}],"wp:term":[{"taxonomy":"pwb-brand","embeddable":true,"href":"https:\/\/silikotek.sapartners.site\/index.php\/wp-json\/wp\/v2\/pwb-brand?post=29271"},{"taxonomy":"product_brand","embeddable":true,"href":"https:\/\/silikotek.sapartners.site\/index.php\/wp-json\/wp\/v2\/product_brand?post=29271"},{"taxonomy":"product_cat","embeddable":true,"href":"https:\/\/silikotek.sapartners.site\/index.php\/wp-json\/wp\/v2\/product_cat?post=29271"},{"taxonomy":"product_tag","embeddable":true,"href":"https:\/\/silikotek.sapartners.site\/index.php\/wp-json\/wp\/v2\/product_tag?post=29271"}],"curies":[{"name":"wp","href":"https:\/\/api.w.org\/{rel}","templated":true}]}}