{"id":29255,"date":"2024-01-04T16:02:58","date_gmt":"2024-01-04T14:02:58","guid":{"rendered":"https:\/\/silikotek.sapartners.site\/index.php\/tuote\/gt-25-s7\/"},"modified":"2024-01-04T16:03:51","modified_gmt":"2024-01-04T14:03:51","slug":"gt-25-s7","status":"publish","type":"product","link":"https:\/\/silikotek.sapartners.site\/index.php\/tuote\/gt-25-s7\/","title":{"rendered":"GT 25+ S7"},"content":{"rendered":"<p>GT 25+ \u00e4r en skyddssko med GORE-TEX-foder f\u00f6r varierande f\u00f6rh\u00e5llanden. GORE-TEX \u00e4r ett vattent\u00e4tt membran som andas och som har laminerats direkt i skons foder. Foten skyddas med ett t\u00e5skydd av komposit och ett spiktrampskydd av st\u00e5l. Ovandelen \u00e4r av h\u00e5llbart skinn. Modellen har b\u00e5de sn\u00f6rning och dragkedja. DUAL Comfort-l\u00f6ssulor \u00f6kar komforten.<\/p>\n","protected":false},"excerpt":{"rendered":"<p>GT 25+ on GORE-TEX-vuorilla varustettu turvajalkine vaihteleviin olosuhteisiin. GORE-TEX on vedenpit\u00e4v\u00e4 ja hengitt\u00e4v\u00e4 kalvo, joka on laminoitu suoraan jalkineen vuoriin. Jalka on suojattu komposiittivarvassuojalla ja ter\u00e4ksisell\u00e4 naulaanastumissuojalla. P\u00e4\u00e4llinen kest\u00e4v\u00e4\u00e4 pintanahkaa. Sis\u00e4syrj\u00e4ll\u00e4 vetoketju ja p\u00e4\u00e4ll\u00e4 nauhoitus. DUAL Comfort-pohjalliset lis\u00e4\u00e4v\u00e4t k\u00e4ytt\u00f6mukavuutta.<\/p>\n","protected":false},"featured_media":29254,"template":"","meta":{"_et_pb_use_builder":"","_et_pb_old_content":"","_et_gb_content_width":""},"pwb-brand":[],"product_brand":[],"product_cat":[1434],"product_tag":[],"class_list":{"0":"post-29255","1":"product","2":"type-product","3":"status-publish","4":"has-post-thumbnail","6":"product_cat-uncategorized","7":"pa_kenkakoko-1026","8":"pa_kenkakoko-1027","9":"pa_kenkakoko-1028","11":"first","12":"instock","13":"taxable","14":"shipping-taxable","15":"purchasable","16":"product-type-variable"},"brands":[],"_links":{"self":[{"href":"https:\/\/silikotek.sapartners.site\/index.php\/wp-json\/wp\/v2\/product\/29255","targetHints":{"allow":["GET"]}}],"collection":[{"href":"https:\/\/silikotek.sapartners.site\/index.php\/wp-json\/wp\/v2\/product"}],"about":[{"href":"https:\/\/silikotek.sapartners.site\/index.php\/wp-json\/wp\/v2\/types\/product"}],"wp:featuredmedia":[{"embeddable":true,"href":"https:\/\/silikotek.sapartners.site\/index.php\/wp-json\/wp\/v2\/media\/29254"}],"wp:attachment":[{"href":"https:\/\/silikotek.sapartners.site\/index.php\/wp-json\/wp\/v2\/media?parent=29255"}],"wp:term":[{"taxonomy":"pwb-brand","embeddable":true,"href":"https:\/\/silikotek.sapartners.site\/index.php\/wp-json\/wp\/v2\/pwb-brand?post=29255"},{"taxonomy":"product_brand","embeddable":true,"href":"https:\/\/silikotek.sapartners.site\/index.php\/wp-json\/wp\/v2\/product_brand?post=29255"},{"taxonomy":"product_cat","embeddable":true,"href":"https:\/\/silikotek.sapartners.site\/index.php\/wp-json\/wp\/v2\/product_cat?post=29255"},{"taxonomy":"product_tag","embeddable":true,"href":"https:\/\/silikotek.sapartners.site\/index.php\/wp-json\/wp\/v2\/product_tag?post=29255"}],"curies":[{"name":"wp","href":"https:\/\/api.w.org\/{rel}","templated":true}]}}