{"id":2924,"date":"2014-03-31T10:48:09","date_gmt":"2014-03-31T10:48:09","guid":{"rendered":"http:\/\/192.168.100.222\/target_carts\/wordpress\/wordpress495\/wordpress\/?product=7-16-kuusiokaran-jatko-osa-300mm"},"modified":"2014-05-01T18:12:31","modified_gmt":"2014-05-01T18:12:31","slug":"7-16-kuusiokaran-jatko-osa-300mm","status":"publish","type":"product","link":"https:\/\/silikotek.sapartners.site\/index.php\/tuote\/7-16-kuusiokaran-jatko-osa-300mm\/","title":{"rendered":"7\/16&#8243; kuusiokaran jatko-osa 300mm"},"content":{"rendered":"<p>Selfeed-poranterille, Auger-poranterille ja reik\u00e4sahoille (25 mm\/ 1&#8243; halkaisijat ja suuremmat) 11 mm:n Hex-varrella.<\/p>\n<p>K\u00c4YTT\u00d6 MATERIAALI <br \/>Puu <\/p>\n<p>TEKNISET TIEDOT <br \/>Tuote No <br \/>48284006<br \/>Pituus <br \/>300 mm<br \/>Varsi <br \/>7\/16 Hex tuumaa<br \/>M\u00e4\u00e4r\u00e4 <br \/>1<\/p>\n<p>\u00a0<\/p>\n","protected":false},"excerpt":{"rendered":"<p>Selfeed poran 7\/16&#8243; kuusiokaran jatko-osa 300mm<\/p>\n","protected":false},"featured_media":2923,"template":"","meta":{"_et_pb_use_builder":"","_et_pb_old_content":"","_et_gb_content_width":""},"pwb-brand":[],"product_brand":[],"product_cat":[402,288],"product_tag":[],"class_list":{"0":"post-2924","1":"product","2":"type-product","3":"status-publish","4":"has-post-thumbnail","6":"product_cat-pora-iskuporakone-tarvikkeet","7":"product_cat-milwaukee","9":"first","10":"instock","11":"taxable","12":"shipping-taxable","13":"purchasable","14":"product-type-simple"},"brands":[],"_links":{"self":[{"href":"https:\/\/silikotek.sapartners.site\/index.php\/wp-json\/wp\/v2\/product\/2924","targetHints":{"allow":["GET"]}}],"collection":[{"href":"https:\/\/silikotek.sapartners.site\/index.php\/wp-json\/wp\/v2\/product"}],"about":[{"href":"https:\/\/silikotek.sapartners.site\/index.php\/wp-json\/wp\/v2\/types\/product"}],"wp:featuredmedia":[{"embeddable":true,"href":"https:\/\/silikotek.sapartners.site\/index.php\/wp-json\/wp\/v2\/media\/2923"}],"wp:attachment":[{"href":"https:\/\/silikotek.sapartners.site\/index.php\/wp-json\/wp\/v2\/media?parent=2924"}],"wp:term":[{"taxonomy":"pwb-brand","embeddable":true,"href":"https:\/\/silikotek.sapartners.site\/index.php\/wp-json\/wp\/v2\/pwb-brand?post=2924"},{"taxonomy":"product_brand","embeddable":true,"href":"https:\/\/silikotek.sapartners.site\/index.php\/wp-json\/wp\/v2\/product_brand?post=2924"},{"taxonomy":"product_cat","embeddable":true,"href":"https:\/\/silikotek.sapartners.site\/index.php\/wp-json\/wp\/v2\/product_cat?post=2924"},{"taxonomy":"product_tag","embeddable":true,"href":"https:\/\/silikotek.sapartners.site\/index.php\/wp-json\/wp\/v2\/product_tag?post=2924"}],"curies":[{"name":"wp","href":"https:\/\/api.w.org\/{rel}","templated":true}]}}