{"id":2916,"date":"2014-03-31T10:48:09","date_gmt":"2014-03-31T10:48:09","guid":{"rendered":"http:\/\/192.168.100.222\/target_carts\/wordpress\/wordpress495\/wordpress\/?product=syottoruuvi-karkea-kierre-1-4"},"modified":"2014-11-14T15:54:12","modified_gmt":"2014-11-14T15:54:12","slug":"syottoruuvi-karkea-kierre-1-4","status":"publish","type":"product","link":"https:\/\/silikotek.sapartners.site\/index.php\/tuote\/syottoruuvi-karkea-kierre-1-4\/","title":{"rendered":"Sy\u00f6tt\u00f6ruuvi &#8211; Karkea kierre 1\/4&#8243;"},"content":{"rendered":"<p>Kaikissa teriss\u00e4 on irroitettavat ja vaihdettavat sy\u00f6tt\u00f6ruuvit. Kaksi sy\u00f6tt\u00f6ruuvia seuraa jokaista poranter\u00e4\u00e4. Sy\u00f6tt\u00f6ruuvi antaa nopean ja vaivattoman sy\u00f6t\u00f6n my\u00f6s pihkaisissa puulajeissa. Sis\u00e4puolinen leikkuutaso tekee puhtaan ja tasaisen rei\u00e4n ilman sy\u00f6tt\u00f6painetta.<\/p>\n<p>TEKNISET TIEDOT: <br \/>Karkea kierre 1\/4&#8243; HEX 11<br \/>Tuote No <br \/>48286870<br \/>M\u00e4\u00e4r\u00e4 <br \/>1<\/p>\n","protected":false},"excerpt":{"rendered":"<p>Selfeed poran sy\u00f6tt\u00f6ruuvi<\/p>\n","protected":false},"featured_media":2915,"template":"","meta":{"_et_pb_use_builder":"","_et_pb_old_content":"","_et_gb_content_width":""},"pwb-brand":[],"product_brand":[],"product_cat":[402],"product_tag":[],"class_list":{"0":"post-2916","1":"product","2":"type-product","3":"status-publish","4":"has-post-thumbnail","6":"product_cat-pora-iskuporakone-tarvikkeet","8":"first","9":"instock","10":"taxable","11":"shipping-taxable","12":"purchasable","13":"product-type-simple"},"brands":[],"_links":{"self":[{"href":"https:\/\/silikotek.sapartners.site\/index.php\/wp-json\/wp\/v2\/product\/2916","targetHints":{"allow":["GET"]}}],"collection":[{"href":"https:\/\/silikotek.sapartners.site\/index.php\/wp-json\/wp\/v2\/product"}],"about":[{"href":"https:\/\/silikotek.sapartners.site\/index.php\/wp-json\/wp\/v2\/types\/product"}],"wp:featuredmedia":[{"embeddable":true,"href":"https:\/\/silikotek.sapartners.site\/index.php\/wp-json\/wp\/v2\/media\/2915"}],"wp:attachment":[{"href":"https:\/\/silikotek.sapartners.site\/index.php\/wp-json\/wp\/v2\/media?parent=2916"}],"wp:term":[{"taxonomy":"pwb-brand","embeddable":true,"href":"https:\/\/silikotek.sapartners.site\/index.php\/wp-json\/wp\/v2\/pwb-brand?post=2916"},{"taxonomy":"product_brand","embeddable":true,"href":"https:\/\/silikotek.sapartners.site\/index.php\/wp-json\/wp\/v2\/product_brand?post=2916"},{"taxonomy":"product_cat","embeddable":true,"href":"https:\/\/silikotek.sapartners.site\/index.php\/wp-json\/wp\/v2\/product_cat?post=2916"},{"taxonomy":"product_tag","embeddable":true,"href":"https:\/\/silikotek.sapartners.site\/index.php\/wp-json\/wp\/v2\/product_tag?post=2916"}],"curies":[{"name":"wp","href":"https:\/\/api.w.org\/{rel}","templated":true}]}}