{"id":2912,"date":"2014-03-31T10:48:09","date_gmt":"2014-03-31T10:48:09","guid":{"rendered":"http:\/\/192.168.100.222\/target_carts\/wordpress\/wordpress495\/wordpress\/?product=de-13-rpq"},"modified":"2014-03-31T15:38:12","modified_gmt":"2014-03-31T15:38:12","slug":"de-13-rpq","status":"publish","type":"product","link":"https:\/\/silikotek.sapartners.site\/index.php\/tuote\/de-13-rpq\/","title":{"rendered":"DE 13 RPQ"},"content":{"rendered":"<p>Metallinen pikaistukka 1,5 &#8211; 13 mm<\/p>\n<p>Planeettavaihteisto takaa korkean v\u00e4\u00e4nt\u00f6momentin<\/p>\n<p>IMB &#8211; Integroitu metallilohko teknologia antaa parhaan kest\u00e4vyyden ja tukevuuden<\/p>\n<p>Elektronisesti ohjattu kierrosluvun ennaltas\u00e4\u00e4t\u00f6 liipaisimen s\u00e4\u00e4t\u00f6py\u00f6r\u00e4st\u00e4 antaa optimaalisen poraustuloksen kaikissa materiaaleissa<\/p>\n<p>Helppo hiiltenvaihto poistamalla Softgrip<\/p>\n<p>QUIK-LOK -kaapeli mahdollistaa nopeat ja helpot kaapelinvaihdot, mik\u00e4 merkitsee ajans\u00e4\u00e4st\u00f6\u00e4 ja parempaa tuottavuutta<\/p>\n<p>ERITTELY  \t<br \/>Ottoteho\t<br \/>630 W<br \/>Poraushalkaisija ter\u00e4kseen \/ alumiiniin \/ puuhun\t<br \/>13 \/ 16 \/ 40 mm<br \/>Kierrosluku kuormitettuna\t<br \/>0-520 r\/min<br \/>Tyhj\u00e4k\u00e4yntikierrosluku<br \/>0-950 r\/min<br \/>Ty\u00f6kalupidin\t<br \/>1,5-13 mm<br \/>Staattinen pys\u00e4ytysmomentti\t<br \/>59 Nm<br \/>Paino\t<br \/>2,1 kg<\/p>\n<p>Hinta: 199 \u20ac sis. alv<\/p>\n<p>Tuotenumero: 4933409194<\/p>\n","protected":false},"excerpt":{"rendered":"<p>Metallinen pikaistukka 1,5 &#8211; 13 mm Planeettavaihteisto takaa korkean v\u00e4\u00e4nt\u00f6momentin IMB &#8211; Integroitu metallilohko teknologia antaa parhaan kest\u00e4vyyden ja tukevuuden Elektronisesti ohjattu kierrosluvun ennaltas\u00e4\u00e4t\u00f6 liipaisimen s\u00e4\u00e4t\u00f6py\u00f6r\u00e4st\u00e4 antaa optimaalisen poraustuloksen kaikissa materiaaleissa Helppo hiiltenvaihto poistamalla Softgrip QUIK-LOK -kaapeli mahdollistaa nopeat ja helpot kaapelinvaihdot, mik\u00e4 merkitsee ajans\u00e4\u00e4st\u00f6\u00e4 ja parempaa tuottavuutta ERITTELY Ottoteho 630 WPoraushalkaisija ter\u00e4kseen \/ alumiiniin [&hellip;]<\/p>\n","protected":false},"featured_media":2911,"template":"","meta":{"_et_pb_use_builder":"","_et_pb_old_content":"","_et_gb_content_width":""},"pwb-brand":[],"product_brand":[],"product_cat":[369],"product_tag":[],"class_list":{"0":"post-2912","1":"product","2":"type-product","3":"status-publish","4":"has-post-thumbnail","6":"product_cat-porakoneet-13-16-mm","8":"first","9":"instock","10":"taxable","11":"shipping-taxable","12":"purchasable","13":"product-type-simple"},"brands":[],"_links":{"self":[{"href":"https:\/\/silikotek.sapartners.site\/index.php\/wp-json\/wp\/v2\/product\/2912","targetHints":{"allow":["GET"]}}],"collection":[{"href":"https:\/\/silikotek.sapartners.site\/index.php\/wp-json\/wp\/v2\/product"}],"about":[{"href":"https:\/\/silikotek.sapartners.site\/index.php\/wp-json\/wp\/v2\/types\/product"}],"wp:featuredmedia":[{"embeddable":true,"href":"https:\/\/silikotek.sapartners.site\/index.php\/wp-json\/wp\/v2\/media\/2911"}],"wp:attachment":[{"href":"https:\/\/silikotek.sapartners.site\/index.php\/wp-json\/wp\/v2\/media?parent=2912"}],"wp:term":[{"taxonomy":"pwb-brand","embeddable":true,"href":"https:\/\/silikotek.sapartners.site\/index.php\/wp-json\/wp\/v2\/pwb-brand?post=2912"},{"taxonomy":"product_brand","embeddable":true,"href":"https:\/\/silikotek.sapartners.site\/index.php\/wp-json\/wp\/v2\/product_brand?post=2912"},{"taxonomy":"product_cat","embeddable":true,"href":"https:\/\/silikotek.sapartners.site\/index.php\/wp-json\/wp\/v2\/product_cat?post=2912"},{"taxonomy":"product_tag","embeddable":true,"href":"https:\/\/silikotek.sapartners.site\/index.php\/wp-json\/wp\/v2\/product_tag?post=2912"}],"curies":[{"name":"wp","href":"https:\/\/api.w.org\/{rel}","templated":true}]}}