{"id":29104,"date":"2024-01-04T15:58:51","date_gmt":"2024-01-04T13:58:51","guid":{"rendered":"https:\/\/silikotek.sapartners.site\/index.php\/tuote\/hiker-roller-s3\/"},"modified":"2024-01-04T15:59:20","modified_gmt":"2024-01-04T13:59:20","slug":"hiker-roller-s3","status":"publish","type":"product","link":"https:\/\/silikotek.sapartners.site\/index.php\/tuote\/hiker-roller-s3\/","title":{"rendered":"HIKER ROLLER+ S3"},"content":{"rendered":"<p>Anv\u00e4ndningskomforten hos halvk\u00e4ngan Hiker Roller \u00e4r maximerad med elasticitetselementet FlexEnergy\u00ae, som binder den uppst\u00e5ende r\u00f6relseenergin och mer \u00e4n 55 % av energin \u00e5terg\u00e5r till steget. Halvk\u00e4ngan har friktionssulan Sievi TractionPro\u00ae, som erbjuder marknadens b\u00e4sta grepp oavsett f\u00f6rh\u00e5llanden. Den l\u00e4ttanv\u00e4nda sn\u00f6rningsmekanismen BOA\u00ae Fit System \u00e4r placerad p\u00e5 sidan av skon.<\/p>\n","protected":false},"excerpt":{"rendered":"<p>Hiker Roller -nilkkurin k\u00e4ytt\u00f6mukavuus on maksimoitu FlexEnergy\u00ae-joustoelementill\u00e4, joka sitoo syntyv\u00e4\u00e4 liike-energiaa ja yli 55 % energiasta palautuu askellukseen. Jalkineessa on Sievi TractionPro\u00ae-kitkapohja, joka tarjoaa markkinoiden parhaimman pidon olosuhteista riippumatta. Sivulle on sijoitettu helppok\u00e4ytt\u00f6inen BOA\u00ae Fit System -kiinnitysmekanismi. Antistaattinen ja ESD-hyv\u00e4ksytty.<\/p>\n","protected":false},"featured_media":29103,"template":"","meta":{"_et_pb_use_builder":"","_et_pb_old_content":"","_et_gb_content_width":""},"pwb-brand":[],"product_brand":[],"product_cat":[1434],"product_tag":[],"class_list":{"0":"post-29104","1":"product","2":"type-product","3":"status-publish","4":"has-post-thumbnail","6":"product_cat-uncategorized","7":"pa_kenkakoko-1026","8":"pa_kenkakoko-1027","9":"pa_kenkakoko-1028","11":"first","12":"instock","13":"taxable","14":"shipping-taxable","15":"purchasable","16":"product-type-variable"},"brands":[],"_links":{"self":[{"href":"https:\/\/silikotek.sapartners.site\/index.php\/wp-json\/wp\/v2\/product\/29104","targetHints":{"allow":["GET"]}}],"collection":[{"href":"https:\/\/silikotek.sapartners.site\/index.php\/wp-json\/wp\/v2\/product"}],"about":[{"href":"https:\/\/silikotek.sapartners.site\/index.php\/wp-json\/wp\/v2\/types\/product"}],"wp:featuredmedia":[{"embeddable":true,"href":"https:\/\/silikotek.sapartners.site\/index.php\/wp-json\/wp\/v2\/media\/29103"}],"wp:attachment":[{"href":"https:\/\/silikotek.sapartners.site\/index.php\/wp-json\/wp\/v2\/media?parent=29104"}],"wp:term":[{"taxonomy":"pwb-brand","embeddable":true,"href":"https:\/\/silikotek.sapartners.site\/index.php\/wp-json\/wp\/v2\/pwb-brand?post=29104"},{"taxonomy":"product_brand","embeddable":true,"href":"https:\/\/silikotek.sapartners.site\/index.php\/wp-json\/wp\/v2\/product_brand?post=29104"},{"taxonomy":"product_cat","embeddable":true,"href":"https:\/\/silikotek.sapartners.site\/index.php\/wp-json\/wp\/v2\/product_cat?post=29104"},{"taxonomy":"product_tag","embeddable":true,"href":"https:\/\/silikotek.sapartners.site\/index.php\/wp-json\/wp\/v2\/product_tag?post=29104"}],"curies":[{"name":"wp","href":"https:\/\/api.w.org\/{rel}","templated":true}]}}