{"id":2910,"date":"2014-03-31T10:48:09","date_gmt":"2014-03-31T10:48:09","guid":{"rendered":"http:\/\/192.168.100.222\/target_carts\/wordpress\/wordpress495\/wordpress\/?product=porakone-hde-10-rqx-milwaukee"},"modified":"2015-12-01T20:37:03","modified_gmt":"2015-12-01T20:37:03","slug":"porakone-hde-10-rqx-milwaukee","status":"publish","type":"product","link":"https:\/\/silikotek.sapartners.site\/index.php\/tuote\/porakone-hde-10-rqx-milwaukee\/","title":{"rendered":"PORAKONE HDE 10 RQX MILWAUKEE"},"content":{"rendered":"<p>Tehokas 725 W:n porakone FIXTEC karanlukituksella. Momentti 63 Nm. Kevyt ja ergonominen rakenne. Softgrip kahva. Teollisuusk\u00e4ytt\u00f6\u00f6n tarkoitettu, yksivaippainen, 10 mm:n avaimeton istukka. Automaattinen karanlukitus. Mukava kahden sormen liipasin. Kierrosluku t\u00e4ydell\u00e4 kuormalla 0-795 r\/min. Suunnanvaihto. QUIK-LOK nopeasti vaihdettava kaapeli 10 mm FIXTEC-metalli-istukka karanlukituksella ty\u00f6kalujen nopeaan vaihtoon. Poraus \u00d8 puu 30 mm. Kierrosluku t\u00e4ydell\u00e4 kuormalla 0-1200 r\/min. Paino 2,2 kg. 4 m QUIK-LOK kaapeli, tukikahva ja 10 mm FIXTEC pikaistukka<\/p>\n","protected":false},"excerpt":{"rendered":"<p>PORAKONE HDE 10 RQX<\/p>\n","protected":false},"featured_media":2908,"template":"","meta":{"_et_pb_use_builder":"","_et_pb_old_content":"","_et_gb_content_width":""},"pwb-brand":[],"product_brand":[],"product_cat":[368,807],"product_tag":[],"class_list":{"0":"post-2910","1":"product","2":"type-product","3":"status-publish","4":"has-post-thumbnail","6":"product_cat-porakoneet-6-10-mm","7":"product_cat-porakoneet","9":"first","10":"instock","11":"taxable","12":"shipping-taxable","13":"purchasable","14":"product-type-simple"},"brands":[],"_links":{"self":[{"href":"https:\/\/silikotek.sapartners.site\/index.php\/wp-json\/wp\/v2\/product\/2910","targetHints":{"allow":["GET"]}}],"collection":[{"href":"https:\/\/silikotek.sapartners.site\/index.php\/wp-json\/wp\/v2\/product"}],"about":[{"href":"https:\/\/silikotek.sapartners.site\/index.php\/wp-json\/wp\/v2\/types\/product"}],"wp:featuredmedia":[{"embeddable":true,"href":"https:\/\/silikotek.sapartners.site\/index.php\/wp-json\/wp\/v2\/media\/2908"}],"wp:attachment":[{"href":"https:\/\/silikotek.sapartners.site\/index.php\/wp-json\/wp\/v2\/media?parent=2910"}],"wp:term":[{"taxonomy":"pwb-brand","embeddable":true,"href":"https:\/\/silikotek.sapartners.site\/index.php\/wp-json\/wp\/v2\/pwb-brand?post=2910"},{"taxonomy":"product_brand","embeddable":true,"href":"https:\/\/silikotek.sapartners.site\/index.php\/wp-json\/wp\/v2\/product_brand?post=2910"},{"taxonomy":"product_cat","embeddable":true,"href":"https:\/\/silikotek.sapartners.site\/index.php\/wp-json\/wp\/v2\/product_cat?post=2910"},{"taxonomy":"product_tag","embeddable":true,"href":"https:\/\/silikotek.sapartners.site\/index.php\/wp-json\/wp\/v2\/product_tag?post=2910"}],"curies":[{"name":"wp","href":"https:\/\/api.w.org\/{rel}","templated":true}]}}