{"id":2905,"date":"2014-03-31T10:48:09","date_gmt":"2014-03-31T10:48:09","guid":{"rendered":"http:\/\/192.168.100.222\/target_carts\/wordpress\/wordpress495\/wordpress\/?product=kulmahiomakone-agv-24-230-e-dms"},"modified":"2014-12-08T08:49:00","modified_gmt":"2014-12-08T08:49:00","slug":"kulmahiomakone-agv-24-230-e-dms","status":"publish","type":"product","link":"https:\/\/silikotek.sapartners.site\/index.php\/tuote\/kulmahiomakone-agv-24-230-e-dms\/","title":{"rendered":"Kulmahiomakone AGV 24-230 E\/DMS"},"content":{"rendered":"<p>Tehokas 2400 W:nn 230 mm kulmahiomakone. 7 eri asentoon k\u00e4\u00e4ntyv\u00e4 kahva. &#8217;PROTECTOR moottori&#8217; \u2013 epoxy-p\u00e4\u00e4llyste ja Heavy Duty k\u00e4\u00e4mit lis\u00e4\u00e4v\u00e4t ty\u00f6kalun k\u00e4ytt\u00f6ik\u00e4\u00e4. Pehme\u00e4 k\u00e4ynnistys. Fixtec \u2013 helppo ja nopea avaimeton laikanvaihto. Automaattisesti sulkevat hiilet. Rikkomasuojuksen nopea asennus. &#8217;Kuolleen miehen&#8217; katkaisija. Kuormittamaton kierrosluku 6600 r\/min. Maks. katkaisusyvyys 68 mm. Paino 5,3 kg. 4 m kaapeli, rikkomasuojus, mutteri, laatikko<\/p>\n","protected":false},"excerpt":{"rendered":"<p>Kaikille Milwaukee koneille 3 vuoden takuu rekister\u00f6im\u00e4ll\u00e4 ne.<\/p>\n","protected":false},"featured_media":2904,"template":"","meta":{"_et_pb_use_builder":"","_et_pb_old_content":"","_et_gb_content_width":""},"pwb-brand":[],"product_brand":[],"product_cat":[360],"product_tag":[],"class_list":{"0":"post-2905","1":"product","2":"type-product","3":"status-publish","4":"has-post-thumbnail","6":"product_cat-kulmahiomakoneet-230-mm","8":"first","9":"instock","10":"sale","11":"taxable","12":"shipping-taxable","13":"purchasable","14":"product-type-simple"},"brands":[],"_links":{"self":[{"href":"https:\/\/silikotek.sapartners.site\/index.php\/wp-json\/wp\/v2\/product\/2905","targetHints":{"allow":["GET"]}}],"collection":[{"href":"https:\/\/silikotek.sapartners.site\/index.php\/wp-json\/wp\/v2\/product"}],"about":[{"href":"https:\/\/silikotek.sapartners.site\/index.php\/wp-json\/wp\/v2\/types\/product"}],"wp:featuredmedia":[{"embeddable":true,"href":"https:\/\/silikotek.sapartners.site\/index.php\/wp-json\/wp\/v2\/media\/2904"}],"wp:attachment":[{"href":"https:\/\/silikotek.sapartners.site\/index.php\/wp-json\/wp\/v2\/media?parent=2905"}],"wp:term":[{"taxonomy":"pwb-brand","embeddable":true,"href":"https:\/\/silikotek.sapartners.site\/index.php\/wp-json\/wp\/v2\/pwb-brand?post=2905"},{"taxonomy":"product_brand","embeddable":true,"href":"https:\/\/silikotek.sapartners.site\/index.php\/wp-json\/wp\/v2\/product_brand?post=2905"},{"taxonomy":"product_cat","embeddable":true,"href":"https:\/\/silikotek.sapartners.site\/index.php\/wp-json\/wp\/v2\/product_cat?post=2905"},{"taxonomy":"product_tag","embeddable":true,"href":"https:\/\/silikotek.sapartners.site\/index.php\/wp-json\/wp\/v2\/product_tag?post=2905"}],"curies":[{"name":"wp","href":"https:\/\/api.w.org\/{rel}","templated":true}]}}