{"id":2901,"date":"2014-03-31T10:48:09","date_gmt":"2014-03-31T10:48:09","guid":{"rendered":"http:\/\/192.168.100.222\/target_carts\/wordpress\/wordpress495\/wordpress\/?product=milwaukee-kulmahiomakone-hd18-ag-125-402c"},"modified":"2021-10-06T10:54:48","modified_gmt":"2021-10-06T07:54:48","slug":"milwaukee-kulmahiomakone-hd18-ag-125-402c","status":"publish","type":"product","link":"https:\/\/silikotek.sapartners.site\/index.php\/tuote\/milwaukee-kulmahiomakone-hd18-ag-125-402c\/","title":{"rendered":"Milwaukee Kulmahiomakone HD18 AG-125- 402C"},"content":{"rendered":"<table class=\"table product__detail-table js-responsive-table\">\n<tbody>\n<tr>\n<th class=\"product__detail-table--no-border table-area-heading\">Tekniset tiedot<\/th>\n<th class=\"product__detail-table--no-border product__detail-table--centered\">HD18 AG-125-402C<\/th>\n<th class=\"product__detail-table--no-border product__detail-table--centered\"><\/th>\n<\/tr>\n<tr>\n<th>Akkutyyppi<\/th>\n<td data-th=\"Akkutyyppi\">Li-ion<\/td>\n<td data-th=\"Akkutyyppi\"><\/td>\n<\/tr>\n<tr>\n<th>Brake<\/th>\n<td data-th=\"Brake\">Ei<\/td>\n<td data-th=\"Brake\"><\/td>\n<\/tr>\n<tr>\n<th>J\u00e4lleenk\u00e4ynnistymissuoja<\/th>\n<td data-th=\"J\u00e4lleenk\u00e4ynnistymissuoja\">Ei<\/td>\n<td data-th=\"J\u00e4lleenk\u00e4ynnistymissuoja\"><\/td>\n<\/tr>\n<tr>\n<th>Karankoko<\/th>\n<td data-th=\"Karankoko\">M 14<\/td>\n<td data-th=\"Karankoko\"><\/td>\n<\/tr>\n<tr>\n<th>Kuormittamaton nopeus (r\/min)<\/th>\n<td data-th=\"Kuormittamaton nopeus (r\/min)\">9000<\/td>\n<td data-th=\"Kuormittamaton nopeus (r\/min)\"><\/td>\n<\/tr>\n<tr>\n<th>Kytkin<\/th>\n<td data-th=\"Kytkin\">Paddle (Deadman) switch<\/td>\n<td data-th=\"Kytkin\"><\/td>\n<\/tr>\n<tr>\n<th>Laikan halkaisija (mm)<\/th>\n<td data-th=\"Laikan halkaisija (mm)\">125<\/td>\n<td data-th=\"Laikan halkaisija (mm)\"><\/td>\n<\/tr>\n<tr>\n<th>Maks. sahaussyvyys (mm)<\/th>\n<td data-th=\"Maks. sahaussyvyys (mm)\">33<\/td>\n<td data-th=\"Maks. sahaussyvyys (mm)\"><\/td>\n<\/tr>\n<tr>\n<th>Mukana laturi<\/th>\n<td data-th=\"Mukana laturi\">80 min<\/td>\n<td data-th=\"Mukana laturi\"><\/td>\n<\/tr>\n<tr>\n<th>Mukana tulevien akkujen m\u00e4\u00e4r\u00e4<\/th>\n<td data-th=\"Mukana tulevien akkujen m\u00e4\u00e4r\u00e4\">2<\/td>\n<td data-th=\"Mukana tulevien akkujen m\u00e4\u00e4r\u00e4\"><\/td>\n<\/tr>\n<tr>\n<th>Paino akun kanssa (kg)<\/th>\n<td data-th=\"Paino akun kanssa (kg)\">2.2<\/td>\n<td data-th=\"Paino akun kanssa (kg)\"><\/td>\n<\/tr>\n<tr>\n<th>Tuotenumero<\/th>\n<td data-th=\"Tuotenumero\">4933441507<\/td>\n<td data-th=\"Tuotenumero\"><\/td>\n<\/tr>\n<tr>\n<th>Vakiovarustus<\/th>\n<td data-th=\"Vakiovarustus\">Rikkomasuoja, sivukahva<\/td>\n<td data-th=\"Vakiovarustus\"><\/td>\n<\/tr>\n<tr>\n<th>Voltit (V)<\/th>\n<td data-th=\"Voltit (V)\">18<\/td>\n<td data-th=\"Voltit (V)\"><\/td>\n<\/tr>\n<tr class=\"table__accordion-btn\">\n<th colspan=\"3\"><\/th>\n<\/tr>\n<\/tbody>\n<\/table>\n<table class=\"table product__detail-table js-responsive-table\">\n<tbody>\n<tr class=\"table__hidden-area js-hidden-table-area is-active\">\n<th>\u00c4\u00e4nen tehotaso (dB(A))<\/th>\n<td data-th=\"\u00c4\u00e4nen tehotaso (dB(A))\">85.5<\/td>\n<td data-th=\"\u00c4\u00e4nen tehotaso (dB(A))\"><\/td>\n<\/tr>\n<tr class=\"table__hidden-area js-hidden-table-area is-active\">\n<th>\u00c4\u00e4nentehotaso ep\u00e4varmuus (dB(A))<\/th>\n<td data-th=\"\u00c4\u00e4nentehotaso ep\u00e4varmuus (dB(A))\">3<\/td>\n<td data-th=\"\u00c4\u00e4nentehotaso ep\u00e4varmuus (dB(A))\"><\/td>\n<\/tr>\n<tr class=\"table__hidden-area js-hidden-table-area is-active\">\n<th>Akustinen paine (dB(A))<\/th>\n<td data-th=\"Akustinen paine (dB(A))\">74.5<\/td>\n<td data-th=\"Akustinen paine (dB(A))\"><\/td>\n<\/tr>\n<tr class=\"table__hidden-area js-hidden-table-area is-active\">\n<th>Akustinen paine ep\u00e4varmuus (dB(A))<\/th>\n<td data-th=\"Akustinen paine ep\u00e4varmuus (dB(A))\">3<\/td>\n<td data-th=\"Akustinen paine ep\u00e4varmuus (dB(A))\"><\/td>\n<\/tr>\n<tr class=\"table__hidden-area js-hidden-table-area is-active\">\n<th>T\u00e4rin\u00e4taso hionta (m\/s\u00b2)<\/th>\n<td data-th=\"T\u00e4rin\u00e4taso hionta (m\/s\u00b2)\">7.3<\/td>\n<td data-th=\"T\u00e4rin\u00e4taso hionta (m\/s\u00b2)\"><\/td>\n<\/tr>\n<tr class=\"table__hidden-area js-hidden-table-area is-active\">\n<th>T\u00e4rin\u00e4taso hionta: ep\u00e4varmuus (m\/s\u00b2)<\/th>\n<td data-th=\"T\u00e4rin\u00e4taso hionta: ep\u00e4varmuus (m\/s\u00b2)\">1.5<\/td>\n<td data-th=\"T\u00e4rin\u00e4taso hionta: ep\u00e4varmuus (m\/s\u00b2)\"><\/td>\n<\/tr>\n<tr class=\"table__hidden-area js-hidden-table-area is-active\">\n<th>T\u00e4rin\u00e4taso hiottaessa [m|s\u00b2]<\/th>\n<td data-th=\"T\u00e4rin\u00e4taso hiottaessa [m|s\u00b2]\">6.1<\/td>\n<td data-th=\"T\u00e4rin\u00e4taso hiottaessa [m|s\u00b2]\"><\/td>\n<\/tr>\n<tr class=\"table__hidden-area js-hidden-table-area is-active\">\n<th>T\u00e4rin\u00e4taso hiottaessa: ep\u00e4varmuus [m|s\u00b2]<\/th>\n<td data-th=\"T\u00e4rin\u00e4taso hiottaessa: ep\u00e4varmuus [m|s\u00b2]\">1.5<\/td>\n<td data-th=\"T\u00e4rin\u00e4taso hiottaessa: ep\u00e4varmuus [m|s\u00b2]\"><\/td>\n<\/tr>\n<\/tbody>\n<\/table>\n<p>&nbsp;<\/p>\n<p><iframe loading=\"lazy\" title=\"Milwaukee\u00ae Powertools M18 FUEL (115mm\/ 125mm) Angle Grinder\" width=\"1080\" height=\"608\" src=\"https:\/\/www.youtube.com\/embed\/KLkH_MzDR9o?feature=oembed\"  allow=\"accelerometer; autoplay; clipboard-write; encrypted-media; gyroscope; picture-in-picture\" allowfullscreen><\/iframe><\/p>\n","protected":false},"excerpt":{"rendered":"<div class=\"product__description-content js-product-content\">\n<p>Milwaukeen\u00ae 4-napainen moottori tuottaa maksimaalisen tehon ja parhaan tehon ja painon suhteen. REDLINK&#x2122;-ylikuormitussuojan elektroniikka ty\u00f6kaluissa ja akussa tuottaa luokkansa parhaan kest\u00e4vyyden.<br \/>\nAinutlaatuinen lapakytkin kasvattaa kest\u00e4vyytt\u00e4. Matalampi vaihdelaatikko ja kapea muotoilu parantavat ergonomiaa. Lukkittumaton kytkin est\u00e4\u00e4 automaattisen k\u00e4ynnistymisen. Iskuja kest\u00e4v\u00e4 turvasuojus voidaan s\u00e4\u00e4t\u00e4\u00e4 pikavapautuksen ansiosta ilman ty\u00f6kaluja. Moneen asentoon k\u00e4\u00e4ntyv\u00e4 kahva.<\/p>\n<p>Yksitt\u00e4isten akun kennojen valvonta optimoi ty\u00f6kalun k\u00e4ytt\u00f6ajan ja varmistaa akun kest\u00e4vyyden. Virtamittari ilmaisee j\u00e4ljell\u00e4 olevan varauksen. REDLITHIUM-ION&#x2122;-akun ylivoimainen rakenne, elektroniikka ja jatkuva suorituskyky takaavat pidemm\u00e4n k\u00e4ytt\u00f6ajan ja -i\u00e4n. Toimii kaikilla Milwaukee\u00ae M18&#x2122; -akuilla.<\/p>\n<\/div>\n","protected":false},"featured_media":20741,"template":"","meta":{"_et_pb_use_builder":"off","_et_pb_old_content":"<table class=\"table product__detail-table js-responsive-table\">\r\n<tbody>\r\n<tr>\r\n<th class=\"product__detail-table--no-border table-area-heading\">Tekniset tiedot<\/th>\r\n<th class=\"product__detail-table--no-border product__detail-table--centered\">HD18 AG-125-402C<\/th>\r\n<th class=\"product__detail-table--no-border product__detail-table--centered\"><\/th>\r\n<\/tr>\r\n<tr>\r\n<th>Akkutyyppi<\/th>\r\n<td data-th=\"Akkutyyppi\">Li-ion<\/td>\r\n<td data-th=\"Akkutyyppi\"><\/td>\r\n<\/tr>\r\n<tr>\r\n<th>Brake<\/th>\r\n<td data-th=\"Brake\">Ei<\/td>\r\n<td data-th=\"Brake\"><\/td>\r\n<\/tr>\r\n<tr>\r\n<th>J\u00e4lleenk\u00e4ynnistymissuoja<\/th>\r\n<td data-th=\"J\u00e4lleenk\u00e4ynnistymissuoja\">Ei<\/td>\r\n<td data-th=\"J\u00e4lleenk\u00e4ynnistymissuoja\"><\/td>\r\n<\/tr>\r\n<tr>\r\n<th>Karankoko<\/th>\r\n<td data-th=\"Karankoko\">M 14<\/td>\r\n<td data-th=\"Karankoko\"><\/td>\r\n<\/tr>\r\n<tr>\r\n<th>Kuormittamaton nopeus (r\/min)<\/th>\r\n<td data-th=\"Kuormittamaton nopeus (r\/min)\">9000<\/td>\r\n<td data-th=\"Kuormittamaton nopeus (r\/min)\"><\/td>\r\n<\/tr>\r\n<tr>\r\n<th>Kytkin<\/th>\r\n<td data-th=\"Kytkin\">Paddle (Deadman) switch<\/td>\r\n<td data-th=\"Kytkin\"><\/td>\r\n<\/tr>\r\n<tr>\r\n<th>Laikan halkaisija (mm)<\/th>\r\n<td data-th=\"Laikan halkaisija (mm)\">125<\/td>\r\n<td data-th=\"Laikan halkaisija (mm)\"><\/td>\r\n<\/tr>\r\n<tr>\r\n<th>Maks. sahaussyvyys (mm)<\/th>\r\n<td data-th=\"Maks. sahaussyvyys (mm)\">33<\/td>\r\n<td data-th=\"Maks. sahaussyvyys (mm)\"><\/td>\r\n<\/tr>\r\n<tr>\r\n<th>Mukana laturi<\/th>\r\n<td data-th=\"Mukana laturi\">80 min<\/td>\r\n<td data-th=\"Mukana laturi\"><\/td>\r\n<\/tr>\r\n<tr>\r\n<th>Mukana tulevien akkujen m\u00e4\u00e4r\u00e4<\/th>\r\n<td data-th=\"Mukana tulevien akkujen m\u00e4\u00e4r\u00e4\">2<\/td>\r\n<td data-th=\"Mukana tulevien akkujen m\u00e4\u00e4r\u00e4\"><\/td>\r\n<\/tr>\r\n<tr>\r\n<th>Paino akun kanssa (kg)<\/th>\r\n<td data-th=\"Paino akun kanssa (kg)\">2.2<\/td>\r\n<td data-th=\"Paino akun kanssa (kg)\"><\/td>\r\n<\/tr>\r\n<tr>\r\n<th>Tuotenumero<\/th>\r\n<td data-th=\"Tuotenumero\">4933441507<\/td>\r\n<td data-th=\"Tuotenumero\"><\/td>\r\n<\/tr>\r\n<tr>\r\n<th>Vakiovarustus<\/th>\r\n<td data-th=\"Vakiovarustus\">Rikkomasuoja, sivukahva<\/td>\r\n<td data-th=\"Vakiovarustus\"><\/td>\r\n<\/tr>\r\n<tr>\r\n<th>Voltit (V)<\/th>\r\n<td data-th=\"Voltit (V)\">18<\/td>\r\n<td data-th=\"Voltit (V)\"><\/td>\r\n<\/tr>\r\n<tr class=\"table__accordion-btn\">\r\n<th colspan=\"3\"><\/th>\r\n<\/tr>\r\n<\/tbody>\r\n<\/table>\r\n<table class=\"table product__detail-table js-responsive-table\">\r\n<tbody>\r\n<tr class=\"table__hidden-area js-hidden-table-area is-active\">\r\n<th>\u00c4\u00e4nen tehotaso (dB(A))<\/th>\r\n<td data-th=\"\u00c4\u00e4nen tehotaso (dB(A))\">85.5<\/td>\r\n<td data-th=\"\u00c4\u00e4nen tehotaso (dB(A))\"><\/td>\r\n<\/tr>\r\n<tr class=\"table__hidden-area js-hidden-table-area is-active\">\r\n<th>\u00c4\u00e4nentehotaso ep\u00e4varmuus (dB(A))<\/th>\r\n<td data-th=\"\u00c4\u00e4nentehotaso ep\u00e4varmuus (dB(A))\">3<\/td>\r\n<td data-th=\"\u00c4\u00e4nentehotaso ep\u00e4varmuus (dB(A))\"><\/td>\r\n<\/tr>\r\n<tr class=\"table__hidden-area js-hidden-table-area is-active\">\r\n<th>Akustinen paine (dB(A))<\/th>\r\n<td data-th=\"Akustinen paine (dB(A))\">74.5<\/td>\r\n<td data-th=\"Akustinen paine (dB(A))\"><\/td>\r\n<\/tr>\r\n<tr class=\"table__hidden-area js-hidden-table-area is-active\">\r\n<th>Akustinen paine ep\u00e4varmuus (dB(A))<\/th>\r\n<td data-th=\"Akustinen paine ep\u00e4varmuus (dB(A))\">3<\/td>\r\n<td data-th=\"Akustinen paine ep\u00e4varmuus (dB(A))\"><\/td>\r\n<\/tr>\r\n<tr class=\"table__hidden-area js-hidden-table-area is-active\">\r\n<th>T\u00e4rin\u00e4taso hionta (m\/s\u00b2)<\/th>\r\n<td data-th=\"T\u00e4rin\u00e4taso hionta (m\/s\u00b2)\">7.3<\/td>\r\n<td data-th=\"T\u00e4rin\u00e4taso hionta (m\/s\u00b2)\"><\/td>\r\n<\/tr>\r\n<tr class=\"table__hidden-area js-hidden-table-area is-active\">\r\n<th>T\u00e4rin\u00e4taso hionta: ep\u00e4varmuus (m\/s\u00b2)<\/th>\r\n<td data-th=\"T\u00e4rin\u00e4taso hionta: ep\u00e4varmuus (m\/s\u00b2)\">1.5<\/td>\r\n<td data-th=\"T\u00e4rin\u00e4taso hionta: ep\u00e4varmuus (m\/s\u00b2)\"><\/td>\r\n<\/tr>\r\n<tr class=\"table__hidden-area js-hidden-table-area is-active\">\r\n<th>T\u00e4rin\u00e4taso hiottaessa [m|s\u00b2]<\/th>\r\n<td data-th=\"T\u00e4rin\u00e4taso hiottaessa [m|s\u00b2]\">6.1<\/td>\r\n<td data-th=\"T\u00e4rin\u00e4taso hiottaessa [m|s\u00b2]\"><\/td>\r\n<\/tr>\r\n<tr class=\"table__hidden-area js-hidden-table-area is-active\">\r\n<th>T\u00e4rin\u00e4taso hiottaessa: ep\u00e4varmuus [m|s\u00b2]<\/th>\r\n<td data-th=\"T\u00e4rin\u00e4taso hiottaessa: ep\u00e4varmuus [m|s\u00b2]\">1.5<\/td>\r\n<td data-th=\"T\u00e4rin\u00e4taso hiottaessa: ep\u00e4varmuus [m|s\u00b2]\"><\/td>\r\n<\/tr>\r\n<\/tbody>\r\n<\/table>","_et_gb_content_width":""},"pwb-brand":[1452],"product_brand":[],"product_cat":[738],"product_tag":[],"class_list":{"0":"post-2901","1":"product","2":"type-product","3":"status-publish","4":"has-post-thumbnail","6":"pwb-brand-milwaukee","7":"product_cat-akkukulmahiomakoneet","9":"first","10":"instock","11":"taxable","12":"shipping-taxable","13":"purchasable","14":"product-type-simple"},"brands":[{"id":1452,"name":"Milwaukee","slug":"milwaukee"}],"_links":{"self":[{"href":"https:\/\/silikotek.sapartners.site\/index.php\/wp-json\/wp\/v2\/product\/2901","targetHints":{"allow":["GET"]}}],"collection":[{"href":"https:\/\/silikotek.sapartners.site\/index.php\/wp-json\/wp\/v2\/product"}],"about":[{"href":"https:\/\/silikotek.sapartners.site\/index.php\/wp-json\/wp\/v2\/types\/product"}],"wp:featuredmedia":[{"embeddable":true,"href":"https:\/\/silikotek.sapartners.site\/index.php\/wp-json\/wp\/v2\/media\/20741"}],"wp:attachment":[{"href":"https:\/\/silikotek.sapartners.site\/index.php\/wp-json\/wp\/v2\/media?parent=2901"}],"wp:term":[{"taxonomy":"pwb-brand","embeddable":true,"href":"https:\/\/silikotek.sapartners.site\/index.php\/wp-json\/wp\/v2\/pwb-brand?post=2901"},{"taxonomy":"product_brand","embeddable":true,"href":"https:\/\/silikotek.sapartners.site\/index.php\/wp-json\/wp\/v2\/product_brand?post=2901"},{"taxonomy":"product_cat","embeddable":true,"href":"https:\/\/silikotek.sapartners.site\/index.php\/wp-json\/wp\/v2\/product_cat?post=2901"},{"taxonomy":"product_tag","embeddable":true,"href":"https:\/\/silikotek.sapartners.site\/index.php\/wp-json\/wp\/v2\/product_tag?post=2901"}],"curies":[{"name":"wp","href":"https:\/\/api.w.org\/{rel}","templated":true}]}}