{"id":2897,"date":"2014-03-31T10:48:09","date_gmt":"2014-03-31T10:48:09","guid":{"rendered":"http:\/\/192.168.100.222\/target_carts\/wordpress\/wordpress495\/wordpress\/?product=hackzall-puukkosaha-c12-hz-202c"},"modified":"2020-02-12T07:25:13","modified_gmt":"2020-02-12T05:25:13","slug":"hackzall-puukkosaha-c12-hz-202c","status":"publish","type":"product","link":"https:\/\/silikotek.sapartners.site\/index.php\/tuote\/hackzall-puukkosaha-c12-hz-202c\/","title":{"rendered":"Milwaukee Hackzall puukkosaha C12 HZ-202C"},"content":{"rendered":"<div id=\"stcpDiv\" style=\"position: absolute; top: -1999px; left: -1988px;\">hackzall puukkosaha<\/div>\n<table class=\"table product__detail-table js-responsive-table\">\n<tbody>\n<tr>\n<th class=\"product__detail-table--no-border table-area-heading\">Tekniset tiedot<\/th>\n<th class=\"product__detail-table--no-border product__detail-table--centered\">\u00a0C12 HZ-202C<\/th>\n<\/tr>\n<tr>\n<th>Akkutyyppi<\/th>\n<td data-th=\"Akkutyyppi\">Li-ion<\/td>\n<\/tr>\n<tr>\n<th>Akun kapasiteetti (Ah)<\/th>\n<td data-th=\"Akun kapasiteetti (Ah)\">2.0<\/td>\n<\/tr>\n<tr>\n<th>Iskun pituus (mm)<\/th>\n<td data-th=\"Iskun pituus (mm)\">13<\/td>\n<\/tr>\n<tr>\n<th>Kuormittamaton iskuluku (isk.\/min.)<\/th>\n<td data-th=\"Kuormittamaton iskuluku (isk.\/min.)\">0 &#8211; 3000<\/td>\n<\/tr>\n<tr>\n<th>Mukana laturi<\/th>\n<td data-th=\"Mukana laturi\">40 min<\/td>\n<\/tr>\n<tr>\n<th>Mukana tulevien akkujen m\u00e4\u00e4r\u00e4<\/th>\n<td data-th=\"Mukana tulevien akkujen m\u00e4\u00e4r\u00e4\">2<\/td>\n<\/tr>\n<tr>\n<th>Paino (kg)<\/th>\n<td data-th=\"Paino (kg)\">\u2212<\/td>\n<\/tr>\n<tr>\n<th>Paino akun kanssa (kg)<\/th>\n<td data-th=\"Paino akun kanssa (kg)\">1.2<\/td>\n<\/tr>\n<tr>\n<th>T\u00e4rin\u00e4taso sahaaminen (m\/s\u00b2)<\/th>\n<td data-th=\"T\u00e4rin\u00e4taso sahaaminen (m\/s\u00b2)\">10.5<\/td>\n<\/tr>\n<tr>\n<th>T\u00e4rin\u00e4taso sahaaminen: ep\u00e4varmuus (m\/s\u00b2)<\/th>\n<td data-th=\"T\u00e4rin\u00e4taso sahaaminen: ep\u00e4varmuus (m\/s\u00b2)\">1.5<\/td>\n<\/tr>\n<tr>\n<th>Toimitetaan<\/th>\n<td data-th=\"Toimitetaan\">Muovilaatikko<\/td>\n<\/tr>\n<tr>\n<th>Tuotenumero<\/th>\n<td data-th=\"Tuotenumero\">4933441195<\/td>\n<\/tr>\n<tr>\n<th>Vakiovarustus<\/th>\n<td data-th=\"Vakiovarustus\">1 x ter\u00e4<\/td>\n<\/tr>\n<tr>\n<th>Voltit (V)<\/th>\n<td data-th=\"Voltit (V)\">12<\/td>\n<\/tr>\n<tr class=\"table__accordion-btn\">\n<th colspan=\"2\"><\/th>\n<\/tr>\n<\/tbody>\n<\/table>\n<table class=\"table product__detail-table js-responsive-table\">\n<tbody>\n<tr class=\"table__hidden-area js-hidden-table-area is-active\">\n<th>\u00c4\u00e4nen tehotaso (dB(A))<\/th>\n<td data-th=\"\u00c4\u00e4nen tehotaso (dB(A))\">87<\/td>\n<\/tr>\n<tr class=\"table__hidden-area js-hidden-table-area is-active\">\n<th>\u00c4\u00e4nentehotason ep\u00e4varmuus (dB(A))<\/th>\n<td data-th=\"\u00c4\u00e4nentehotason ep\u00e4varmuus (dB(A))\">3<\/td>\n<\/tr>\n<tr class=\"table__hidden-area js-hidden-table-area is-active\">\n<th>Akustinen paine &#8211; ep\u00e4varmuus (dB(A))<\/th>\n<td data-th=\"Akustinen paine - ep\u00e4varmuus (dB(A))\">3<\/td>\n<\/tr>\n<tr class=\"table__hidden-area js-hidden-table-area is-active\">\n<th>Akustinen paine (dB(A))<\/th>\n<td data-th=\"Akustinen paine (dB(A))\">76<\/td>\n<\/tr>\n<\/tbody>\n<\/table>\n<p>&nbsp;<\/p>\n","protected":false},"excerpt":{"rendered":"<div class=\"product__description-content js-product-content\">\n<p>Pituus vain 280 mm, mik\u00e4 tekee siit\u00e4 ihanteellisen ahtaissa tiloissa ty\u00f6skentelyyn. REDLINK&#x2122;-ylikuormitussuojan elektroniikka ty\u00f6kaluissa ja akussa tuottaa luokkansa parhaan kest\u00e4vyyden. Patentoitu FIXTEC&#x2122;-pidin nopeuttaa ja helpottaa ter\u00e4n vaihtoa. Matala 10,5 m\/s\u00b2 t\u00e4rin\u00e4taso. Virtamittari ja LED-ty\u00f6valo<\/p>\n<p>Yksitt\u00e4isten akun kennojen valvonta optimoi ty\u00f6kalun k\u00e4ytt\u00f6ajan ja varmistaa akun kest\u00e4vyyden. REDLITHIUM&#x2122;-ION-akun ylivoimainen rakenne, elektroniikka ja jatkuva suorituskyky takaavat pidemm\u00e4n k\u00e4ytt\u00f6ajan ja -i\u00e4n. Toimii kaikilla MILWAUKEE\u00ae M12&#x2122; -akuilla.<\/p>\n<\/div>\n","protected":false},"featured_media":20465,"template":"","meta":{"_et_pb_use_builder":"","_et_pb_old_content":"","_et_gb_content_width":""},"pwb-brand":[1452],"product_brand":[],"product_cat":[736],"product_tag":[],"class_list":{"0":"post-2897","1":"product","2":"type-product","3":"status-publish","4":"has-post-thumbnail","6":"pwb-brand-milwaukee","7":"product_cat-akkupuukkosahat","9":"first","10":"instock","11":"taxable","12":"shipping-taxable","13":"purchasable","14":"product-type-simple"},"brands":[{"id":1452,"name":"Milwaukee","slug":"milwaukee"}],"_links":{"self":[{"href":"https:\/\/silikotek.sapartners.site\/index.php\/wp-json\/wp\/v2\/product\/2897","targetHints":{"allow":["GET"]}}],"collection":[{"href":"https:\/\/silikotek.sapartners.site\/index.php\/wp-json\/wp\/v2\/product"}],"about":[{"href":"https:\/\/silikotek.sapartners.site\/index.php\/wp-json\/wp\/v2\/types\/product"}],"wp:featuredmedia":[{"embeddable":true,"href":"https:\/\/silikotek.sapartners.site\/index.php\/wp-json\/wp\/v2\/media\/20465"}],"wp:attachment":[{"href":"https:\/\/silikotek.sapartners.site\/index.php\/wp-json\/wp\/v2\/media?parent=2897"}],"wp:term":[{"taxonomy":"pwb-brand","embeddable":true,"href":"https:\/\/silikotek.sapartners.site\/index.php\/wp-json\/wp\/v2\/pwb-brand?post=2897"},{"taxonomy":"product_brand","embeddable":true,"href":"https:\/\/silikotek.sapartners.site\/index.php\/wp-json\/wp\/v2\/product_brand?post=2897"},{"taxonomy":"product_cat","embeddable":true,"href":"https:\/\/silikotek.sapartners.site\/index.php\/wp-json\/wp\/v2\/product_cat?post=2897"},{"taxonomy":"product_tag","embeddable":true,"href":"https:\/\/silikotek.sapartners.site\/index.php\/wp-json\/wp\/v2\/product_tag?post=2897"}],"curies":[{"name":"wp","href":"https:\/\/api.w.org\/{rel}","templated":true}]}}