{"id":2889,"date":"2014-03-31T10:48:09","date_gmt":"2014-03-31T10:48:09","guid":{"rendered":"http:\/\/192.168.100.222\/target_carts\/wordpress\/wordpress495\/wordpress\/?product=kulmahiomakone-agv-24-230-gedms"},"modified":"2014-12-08T08:46:40","modified_gmt":"2014-12-08T08:46:40","slug":"kulmahiomakone-agv-24-230-gedms","status":"publish","type":"product","link":"https:\/\/silikotek.sapartners.site\/index.php\/tuote\/kulmahiomakone-agv-24-230-gedms\/","title":{"rendered":"Kulmahiomakone AGV 24-230 GEDMS"},"content":{"rendered":"<p>Tehokas 2400 W:n kulmahiomakone t\u00e4rin\u00e4nvaimennuksella. Autobalancer vaimentaa huomattavasti kuluneiden laikkojen aiheuttamaa t\u00e4rin\u00e4\u00e4. AVS:ll\u00e4 varustettu moottoripes\u00e4 ja lis\u00e4kahva antavat k\u00e4ytt\u00f6mukavuutta ja v\u00e4hent\u00e4v\u00e4t niveliin aiheutuvaa painetta. 7 asentoon k\u00e4\u00e4ntyv\u00e4 kahva. &#8217;PROTECTOR moottori&#8217; \u2013 epoxy-p\u00e4\u00e4llyste ja Heavy-Duty k\u00e4\u00e4mit lis\u00e4\u00e4v\u00e4t ty\u00f6kalun k\u00e4ytt\u00f6ik\u00e4\u00e4. Elektroniikka: Pehme\u00e4 k\u00e4ynnistys ja linjan sulkutoiminne. FIXTEC laippamutteri nopeaan ja helppoon laikan vaihtoon. Automaattisesti sulkevat hiilet. Rikkomasuojus pikalukituksella helpottaa asettelua. &#8217;Kuolleen miehen&#8217; katkaisija. Kuormittamaton kierrosluku 6600 r\/min. Maks. katkaisusyvyys 68 mm. Paino 5,5 kg. 4 m kaapeli, rikkomasuojus, laippamutteri, AVS-tukikahva, Autobalancer, laatikko<\/p>\n","protected":false},"excerpt":{"rendered":"<p>Kulmahiomakone AGV 24-230 GEDMS\u00a0<\/p>\n","protected":false},"featured_media":2888,"template":"","meta":{"_et_pb_use_builder":"","_et_pb_old_content":"","_et_gb_content_width":""},"pwb-brand":[],"product_brand":[],"product_cat":[360],"product_tag":[],"class_list":{"0":"post-2889","1":"product","2":"type-product","3":"status-publish","4":"has-post-thumbnail","6":"product_cat-kulmahiomakoneet-230-mm","8":"first","9":"instock","10":"sale","11":"taxable","12":"shipping-taxable","13":"purchasable","14":"product-type-simple"},"brands":[],"_links":{"self":[{"href":"https:\/\/silikotek.sapartners.site\/index.php\/wp-json\/wp\/v2\/product\/2889","targetHints":{"allow":["GET"]}}],"collection":[{"href":"https:\/\/silikotek.sapartners.site\/index.php\/wp-json\/wp\/v2\/product"}],"about":[{"href":"https:\/\/silikotek.sapartners.site\/index.php\/wp-json\/wp\/v2\/types\/product"}],"wp:featuredmedia":[{"embeddable":true,"href":"https:\/\/silikotek.sapartners.site\/index.php\/wp-json\/wp\/v2\/media\/2888"}],"wp:attachment":[{"href":"https:\/\/silikotek.sapartners.site\/index.php\/wp-json\/wp\/v2\/media?parent=2889"}],"wp:term":[{"taxonomy":"pwb-brand","embeddable":true,"href":"https:\/\/silikotek.sapartners.site\/index.php\/wp-json\/wp\/v2\/pwb-brand?post=2889"},{"taxonomy":"product_brand","embeddable":true,"href":"https:\/\/silikotek.sapartners.site\/index.php\/wp-json\/wp\/v2\/product_brand?post=2889"},{"taxonomy":"product_cat","embeddable":true,"href":"https:\/\/silikotek.sapartners.site\/index.php\/wp-json\/wp\/v2\/product_cat?post=2889"},{"taxonomy":"product_tag","embeddable":true,"href":"https:\/\/silikotek.sapartners.site\/index.php\/wp-json\/wp\/v2\/product_tag?post=2889"}],"curies":[{"name":"wp","href":"https:\/\/api.w.org\/{rel}","templated":true}]}}