{"id":28876,"date":"2024-01-04T15:57:43","date_gmt":"2024-01-04T13:57:43","guid":{"rendered":"https:\/\/silikotek.sapartners.site\/index.php\/tuote\/lazer-roller-highs3\/"},"modified":"2024-01-04T15:57:43","modified_gmt":"2024-01-04T13:57:43","slug":"lazer-roller-highs3","status":"publish","type":"product","link":"https:\/\/silikotek.sapartners.site\/index.php\/tuote\/lazer-roller-highs3\/","title":{"rendered":"LAZER ROLLER HIGH+S3"},"content":{"rendered":"<p>Ankelskon Lazer Roller High+ har en h\u00e4lkonstruktion med \u00f6ppningar. Elasticitetselementet FlexEnergy\u00ae \u00e4r synligt i \u00f6ppningarna i skons h\u00e4l, vilket m\u00f6jligg\u00f6r en st\u00f6rre r\u00f6rlighet f\u00f6r elementet och d\u00e4rigenom \u00f6kar skons flexibilitet. Friktionssulan Sievi TractionPro\u00ae s\u00e4kerst\u00e4ller ett bra grepp. I ankeldelen finns PORON XRD\u00ae-stoppning som formar sig efter foten, st\u00f6der ankeln och d\u00e4mpar st\u00f6tar mot den. <\/p>\n","protected":false},"excerpt":{"rendered":"<p>Lazer Roller High+ nilkkurissa on aukollinen kantarakenne. FlexEnergy\u00ae-joustoelementti n\u00e4kyy jalkineen kannassa olevista aukoista, jotka mahdollistavat elementille suuremman liikkuvuuden lis\u00e4ten n\u00e4in jalkineen edistyksellist\u00e4 joustavuutta. Pidon varmistaa Sievi TractionPro\u00ae-kitkapohja. Nilkkaosassa on PORON XRD\u00ae tuki, joka my\u00f6t\u00e4ilee jalkaa, tukee nilkkaa sek\u00e4 vaimentaa siihen kohdistuvia iskuja.<\/p>\n","protected":false},"featured_media":28875,"template":"","meta":{"_et_pb_use_builder":"","_et_pb_old_content":"","_et_gb_content_width":""},"pwb-brand":[],"product_brand":[],"product_cat":[1434],"product_tag":[],"class_list":{"0":"post-28876","1":"product","2":"type-product","3":"status-publish","4":"has-post-thumbnail","6":"product_cat-uncategorized","7":"pa_kenkakoko-1025","8":"pa_kenkakoko-1026","9":"pa_kenkakoko-1027","10":"pa_kenkakoko-1028","12":"first","13":"outofstock","14":"taxable","15":"shipping-taxable","16":"purchasable","17":"product-type-variable"},"brands":[],"_links":{"self":[{"href":"https:\/\/silikotek.sapartners.site\/index.php\/wp-json\/wp\/v2\/product\/28876","targetHints":{"allow":["GET"]}}],"collection":[{"href":"https:\/\/silikotek.sapartners.site\/index.php\/wp-json\/wp\/v2\/product"}],"about":[{"href":"https:\/\/silikotek.sapartners.site\/index.php\/wp-json\/wp\/v2\/types\/product"}],"wp:featuredmedia":[{"embeddable":true,"href":"https:\/\/silikotek.sapartners.site\/index.php\/wp-json\/wp\/v2\/media\/28875"}],"wp:attachment":[{"href":"https:\/\/silikotek.sapartners.site\/index.php\/wp-json\/wp\/v2\/media?parent=28876"}],"wp:term":[{"taxonomy":"pwb-brand","embeddable":true,"href":"https:\/\/silikotek.sapartners.site\/index.php\/wp-json\/wp\/v2\/pwb-brand?post=28876"},{"taxonomy":"product_brand","embeddable":true,"href":"https:\/\/silikotek.sapartners.site\/index.php\/wp-json\/wp\/v2\/product_brand?post=28876"},{"taxonomy":"product_cat","embeddable":true,"href":"https:\/\/silikotek.sapartners.site\/index.php\/wp-json\/wp\/v2\/product_cat?post=28876"},{"taxonomy":"product_tag","embeddable":true,"href":"https:\/\/silikotek.sapartners.site\/index.php\/wp-json\/wp\/v2\/product_tag?post=28876"}],"curies":[{"name":"wp","href":"https:\/\/api.w.org\/{rel}","templated":true}]}}