{"id":28864,"date":"2024-01-04T15:57:40","date_gmt":"2024-01-04T13:57:40","guid":{"rendered":"https:\/\/silikotek.sapartners.site\/index.php\/tuote\/lazer-roller-s3-2\/"},"modified":"2024-01-04T15:57:40","modified_gmt":"2024-01-04T13:57:40","slug":"lazer-roller-s3-2","status":"publish","type":"product","link":"https:\/\/silikotek.sapartners.site\/index.php\/tuote\/lazer-roller-s3-2\/","title":{"rendered":"LAZER ROLLER+ S3"},"content":{"rendered":"<p>Skyddsskon Lazer Roller+ har en h\u00e4lkonstruktion med \u00f6ppningar. Elasticitetselementet FlexEnergy\u00ae \u00e4r synligt i \u00f6ppningarna i skons h\u00e4l, vilket m\u00f6jligg\u00f6r en st\u00f6rre r\u00f6rlighet f\u00f6r elementet och d\u00e4rigenom \u00f6kar skons avancerade flexibilitet. Med sn\u00f6rningsmekanismen BOA\u00ae Fit System BOA kan man snabbt ta p\u00e5 och av skorna. Friktionssulan Sievi TractionPro\u00ae s\u00e4kerst\u00e4ller ett utm\u00e4rkt grepp.<\/p>\n","protected":false},"excerpt":{"rendered":"<p>Lazer Roller+ turvajalkineessa on aukollinen kantarakenne. FlexEnergy\u00ae-joustoelementti n\u00e4kyy jalkineen kannassa olevista aukoista, jotka mahdollistavat elementille suuremman liikkuvuuden lis\u00e4ten n\u00e4in jalkineen edistyksellist\u00e4 joustavuutta. BOA\u00ae Fit System -kiinnitysmekanismin avulla jalkineet ovat nopea pukea ja riisua. Erinomaisen pidon varmistaa Sievi TractionPro\u00ae-kitkapohja.<\/p>\n","protected":false},"featured_media":28863,"template":"","meta":{"_et_pb_use_builder":"","_et_pb_old_content":"","_et_gb_content_width":""},"pwb-brand":[],"product_brand":[],"product_cat":[1434],"product_tag":[],"class_list":{"0":"post-28864","1":"product","2":"type-product","3":"status-publish","4":"has-post-thumbnail","6":"product_cat-uncategorized","7":"pa_kenkakoko-1016","8":"pa_kenkakoko-1017","9":"pa_kenkakoko-1018","10":"pa_kenkakoko-1019","11":"pa_kenkakoko-1020","12":"pa_kenkakoko-1021","13":"pa_kenkakoko-1022","14":"pa_kenkakoko-1023","15":"pa_kenkakoko-1024","16":"pa_kenkakoko-1029","18":"first","19":"outofstock","20":"taxable","21":"shipping-taxable","22":"purchasable","23":"product-type-variable"},"brands":[],"_links":{"self":[{"href":"https:\/\/silikotek.sapartners.site\/index.php\/wp-json\/wp\/v2\/product\/28864","targetHints":{"allow":["GET"]}}],"collection":[{"href":"https:\/\/silikotek.sapartners.site\/index.php\/wp-json\/wp\/v2\/product"}],"about":[{"href":"https:\/\/silikotek.sapartners.site\/index.php\/wp-json\/wp\/v2\/types\/product"}],"wp:featuredmedia":[{"embeddable":true,"href":"https:\/\/silikotek.sapartners.site\/index.php\/wp-json\/wp\/v2\/media\/28863"}],"wp:attachment":[{"href":"https:\/\/silikotek.sapartners.site\/index.php\/wp-json\/wp\/v2\/media?parent=28864"}],"wp:term":[{"taxonomy":"pwb-brand","embeddable":true,"href":"https:\/\/silikotek.sapartners.site\/index.php\/wp-json\/wp\/v2\/pwb-brand?post=28864"},{"taxonomy":"product_brand","embeddable":true,"href":"https:\/\/silikotek.sapartners.site\/index.php\/wp-json\/wp\/v2\/product_brand?post=28864"},{"taxonomy":"product_cat","embeddable":true,"href":"https:\/\/silikotek.sapartners.site\/index.php\/wp-json\/wp\/v2\/product_cat?post=28864"},{"taxonomy":"product_tag","embeddable":true,"href":"https:\/\/silikotek.sapartners.site\/index.php\/wp-json\/wp\/v2\/product_tag?post=28864"}],"curies":[{"name":"wp","href":"https:\/\/api.w.org\/{rel}","templated":true}]}}