{"id":28776,"date":"2024-01-04T15:57:19","date_gmt":"2024-01-04T13:57:19","guid":{"rendered":"https:\/\/silikotek.sapartners.site\/index.php\/tuote\/relax-ct-white-xl-s1\/"},"modified":"2024-01-04T15:57:19","modified_gmt":"2024-01-04T13:57:19","slug":"relax-ct-white-xl-s1","status":"publish","type":"product","link":"https:\/\/silikotek.sapartners.site\/index.php\/tuote\/relax-ct-white-xl-s1\/","title":{"rendered":"RELAX CT WHITE XL S1"},"content":{"rendered":"<p>Skor tillverkade av vit mikrofiber f\u00f6r f\u00f6rh\u00e5llanden som st\u00e4ller h\u00f6ga hygienkrav. Mikrofiber \u00e4r ett l\u00e4tt material och h\u00e5ller v\u00e4l f\u00f6r ofta \u00e5terkommande tv\u00e4tt. 3D-dry\u00ae-fodret andas och h\u00e5ller f\u00f6tterna torra. Enkel och snabb kardborrekn\u00e4ppning. Skornas sulor har ett mycket bra grepp b\u00e5de tack vare sulans m\u00f6nster och mikrofiber- och polyuretanmaterialet. Antistatisk och ESD. <\/p>\n","protected":false},"excerpt":{"rendered":"<p>Valkoisesta mikrokuidusta valmistetut keng\u00e4t korkeaa hygieniatasoa vaativiin olosuhteisiin. Mikrokuitu on kevyt materiaali ja kest\u00e4\u00e4 hyvin usein toistuvaa pesua. 3D-dry\u00ae-vuori hengitt\u00e4\u00e4 pit\u00e4en jalat kuivina. Helppo ja nopea tarrakiinnitys. Jalkineiden pohjat ovat eritt\u00e4in pit\u00e4v\u00e4t sek\u00e4 pohjakuviointinsa ett\u00e4 mikrosolupolyuretaani-materiaalinsa ansiosta. Antistaattinen ja ESD-hyv\u00e4ksytty. <\/p>\n","protected":false},"featured_media":28775,"template":"","meta":{"_et_pb_use_builder":"","_et_pb_old_content":"","_et_gb_content_width":""},"pwb-brand":[],"product_brand":[],"product_cat":[1434],"product_tag":[],"class_list":{"0":"post-28776","1":"product","2":"type-product","3":"status-publish","4":"has-post-thumbnail","6":"product_cat-uncategorized","7":"pa_kenkakoko-1016","8":"pa_kenkakoko-1017","9":"pa_kenkakoko-1018","10":"pa_kenkakoko-1019","11":"pa_kenkakoko-1020","12":"pa_kenkakoko-1021","13":"pa_kenkakoko-1022","14":"pa_kenkakoko-1023","15":"pa_kenkakoko-1024","16":"pa_kenkakoko-1029","18":"first","19":"outofstock","20":"taxable","21":"shipping-taxable","22":"purchasable","23":"product-type-variable"},"brands":[],"_links":{"self":[{"href":"https:\/\/silikotek.sapartners.site\/index.php\/wp-json\/wp\/v2\/product\/28776","targetHints":{"allow":["GET"]}}],"collection":[{"href":"https:\/\/silikotek.sapartners.site\/index.php\/wp-json\/wp\/v2\/product"}],"about":[{"href":"https:\/\/silikotek.sapartners.site\/index.php\/wp-json\/wp\/v2\/types\/product"}],"wp:featuredmedia":[{"embeddable":true,"href":"https:\/\/silikotek.sapartners.site\/index.php\/wp-json\/wp\/v2\/media\/28775"}],"wp:attachment":[{"href":"https:\/\/silikotek.sapartners.site\/index.php\/wp-json\/wp\/v2\/media?parent=28776"}],"wp:term":[{"taxonomy":"pwb-brand","embeddable":true,"href":"https:\/\/silikotek.sapartners.site\/index.php\/wp-json\/wp\/v2\/pwb-brand?post=28776"},{"taxonomy":"product_brand","embeddable":true,"href":"https:\/\/silikotek.sapartners.site\/index.php\/wp-json\/wp\/v2\/product_brand?post=28776"},{"taxonomy":"product_cat","embeddable":true,"href":"https:\/\/silikotek.sapartners.site\/index.php\/wp-json\/wp\/v2\/product_cat?post=28776"},{"taxonomy":"product_tag","embeddable":true,"href":"https:\/\/silikotek.sapartners.site\/index.php\/wp-json\/wp\/v2\/product_tag?post=28776"}],"curies":[{"name":"wp","href":"https:\/\/api.w.org\/{rel}","templated":true}]}}