{"id":28627,"date":"2024-01-04T15:54:32","date_gmt":"2024-01-04T13:54:32","guid":{"rendered":"https:\/\/silikotek.sapartners.site\/index.php\/tuote\/soft-solid-xl\/"},"modified":"2024-01-04T15:54:53","modified_gmt":"2024-01-04T13:54:53","slug":"soft-solid-xl","status":"publish","type":"product","link":"https:\/\/silikotek.sapartners.site\/index.php\/tuote\/soft-solid-xl\/","title":{"rendered":"SOFT SOLID XL"},"content":{"rendered":"<p>H\u00f6gskaftade skor som \u00e4r enkla att ta p\u00e5. Dragkedja p\u00e5 k\u00e4ngans insida. Ovandelen best\u00e5r av h\u00e5llbart PU-belagt skinn som beh\u00e5ller sin form v\u00e4l och \u00e4r vattenavst\u00f6tande. Reflex p\u00e5 sidan av skaftet. Det varma teddyfodret tillsammans med ALU-l\u00f6ssulan h\u00e5ller f\u00f6tterna varma. FlexStep\u00ae-sulan ger bra grepp och \u00e4r elastisk ocks\u00e5 vid kyla. Rymlig XL-l\u00e4st.<\/p>\n","protected":false},"excerpt":{"rendered":"<p>Helposti puettavat varsikeng\u00e4t, joissa on vetoketju sis\u00e4syrj\u00e4ll\u00e4. P\u00e4\u00e4llismateriaali kest\u00e4v\u00e4\u00e4 PU-pinnoitettua nahkaa, joka pit\u00e4\u00e4 hyvin muotonsa ja hylkii vett\u00e4. Varren sivussa heijastin. L\u00e4mmin teddyvuori yhdess\u00e4 ALU-pohjallisen kanssa pit\u00e4\u00e4 jalat l\u00e4mpimin\u00e4. Pit\u00e4v\u00e4 FlexStep\u00ae-pohja, joka pysyy joustavana my\u00f6s pakkasolosuhteissa. Tilava XL-lesti.<\/p>\n","protected":false},"featured_media":28626,"template":"","meta":{"_et_pb_use_builder":"","_et_pb_old_content":"","_et_gb_content_width":""},"pwb-brand":[],"product_brand":[],"product_cat":[1434],"product_tag":[],"class_list":{"0":"post-28627","1":"product","2":"type-product","3":"status-publish","4":"has-post-thumbnail","6":"product_cat-uncategorized","7":"pa_kenkakoko-1016","8":"pa_kenkakoko-1017","9":"pa_kenkakoko-1018","10":"pa_kenkakoko-1019","11":"pa_kenkakoko-1020","12":"pa_kenkakoko-1021","13":"pa_kenkakoko-1022","14":"pa_kenkakoko-1023","15":"pa_kenkakoko-1024","16":"pa_kenkakoko-1029","18":"first","19":"instock","20":"taxable","21":"shipping-taxable","22":"purchasable","23":"product-type-variable"},"brands":[],"_links":{"self":[{"href":"https:\/\/silikotek.sapartners.site\/index.php\/wp-json\/wp\/v2\/product\/28627","targetHints":{"allow":["GET"]}}],"collection":[{"href":"https:\/\/silikotek.sapartners.site\/index.php\/wp-json\/wp\/v2\/product"}],"about":[{"href":"https:\/\/silikotek.sapartners.site\/index.php\/wp-json\/wp\/v2\/types\/product"}],"wp:featuredmedia":[{"embeddable":true,"href":"https:\/\/silikotek.sapartners.site\/index.php\/wp-json\/wp\/v2\/media\/28626"}],"wp:attachment":[{"href":"https:\/\/silikotek.sapartners.site\/index.php\/wp-json\/wp\/v2\/media?parent=28627"}],"wp:term":[{"taxonomy":"pwb-brand","embeddable":true,"href":"https:\/\/silikotek.sapartners.site\/index.php\/wp-json\/wp\/v2\/pwb-brand?post=28627"},{"taxonomy":"product_brand","embeddable":true,"href":"https:\/\/silikotek.sapartners.site\/index.php\/wp-json\/wp\/v2\/product_brand?post=28627"},{"taxonomy":"product_cat","embeddable":true,"href":"https:\/\/silikotek.sapartners.site\/index.php\/wp-json\/wp\/v2\/product_cat?post=28627"},{"taxonomy":"product_tag","embeddable":true,"href":"https:\/\/silikotek.sapartners.site\/index.php\/wp-json\/wp\/v2\/product_tag?post=28627"}],"curies":[{"name":"wp","href":"https:\/\/api.w.org\/{rel}","templated":true}]}}